{"id":10180,"date":"2025-06-10T21:37:47","date_gmt":"2025-06-10T21:37:47","guid":{"rendered":"https:\/\/grupoplasma.com\/trautech\/?post_type=product&#038;p=10180"},"modified":"2025-06-10T22:38:04","modified_gmt":"2025-06-10T22:38:04","slug":"cable-poder-tipo-l-italianocei-23-16-a-c13-de-1-80-metros","status":"publish","type":"product","link":"https:\/\/grupoplasma.com\/trautech\/producto\/cable-poder-tipo-l-italianocei-23-16-a-c13-de-1-80-metros\/","title":{"rendered":"Cable Poder Tipo L ItalianoCEI-23-16 a C13 de 1.80 Metros"},"content":{"rendered":"<div class=\"xdj266r x14z9mp xat24cr x1lziwak x1vvkbs x126k92a\">\n<div dir=\"auto\"><\/div>\n<div dir=\"auto\">Este cable de alimentaci\u00f3n tipo L Italiano (3 en l\u00ednea) CEI-23-16 a C13 de 1.80 metros es ideal para tus dispositivos electr\u00f3nicos u reemplazar un cable de alimentaci\u00f3n de computadora perdido o gastado para ofrecer energ\u00eda segura y confiable, cuenta con un conector hembra (C13) que se conecta al dispositivo y un conector macho (tipo L) que se conecta a una toma est\u00e1ndar. Adecuado para la mayor\u00eda de computadoras de escritorio, televisores, computadoras personales, monitores, impresoras, radio u otros dispositivos de enchufe de tres pines.<\/div>\n<div dir=\"auto\">El cable cuenta con 3 n\u00facleos de cobre calibre 18AWG y una cubierta exterior de PVC OD: 0.75 mm\u00b2 para una m\u00e1xima protecci\u00f3n y longevidad, probado para ofrecer una incre\u00edble resistencia al desgaste.<\/div>\n<div dir=\"auto\"><strong>Conector IEC C13<\/strong><\/div>\n<div dir=\"auto\">Es un tipo de conector de alimentaci\u00f3n utilizado para conectar muchos dispositivos electr\u00f3nicos a sus tomas de corriente. Se utiliza en casi todas las fuentes de alimentaci\u00f3n para ordenadores y PC de escritorio.<\/div>\n<div dir=\"auto\"><strong>Enchufe italiano tipo L<\/strong><\/div>\n<div dir=\"auto\">El enchufe est\u00e1ndar italiano (pero tambi\u00e9n se utiliza en otros pa\u00edses como Chile y Uruguay) en versi\u00f3n 10A. Tiene 3 polos redondos de 4 mm de di\u00e1metro y longitud de 19 mm equidistantes entre ellos.<\/div>\n<div dir=\"auto\"><\/div>\n<\/div>\n<div class=\"x14z9mp xat24cr x1lziwak x1vvkbs xtlvy1s x126k92a\">\n<div dir=\"auto\"><strong>Especificaciones t\u00e9cnicas<\/strong><\/div>\n<div dir=\"auto\">Longitud: 1.8 metros<\/div>\n<div dir=\"auto\">Color: Negro<\/div>\n<div dir=\"auto\">Funda exterior: Cloruro de polivinilo (PVC)<\/div>\n<div dir=\"auto\">Conector 1: Hembra: IEC C13<\/div>\n<div dir=\"auto\">Conector 2: Macho Tipo L<\/div>\n<div dir=\"auto\">Cables internos: 3 x 18AWG<\/div>\n<div dir=\"auto\">Di\u00e1metro exterior: OD 7.55mm\u00b2<\/div>\n<div dir=\"auto\">Corriente m\u00e1x: 10 AMP<\/div>\n<div dir=\"auto\">Tensi\u00f3n m\u00e1x: 250 VAC<\/div>\n<\/div>\n","protected":false},"excerpt":{"rendered":"<div class=\"xdj266r x14z9mp xat24cr x1lziwak x1vvkbs x126k92a\">\n<div dir=\"auto\">Este cable de alimentaci\u00f3n tipo L Italiano (3 en l\u00ednea) CEI-23-16 a C13 de 1.80 metros es ideal para tus dispositivos electr\u00f3nicos u reemplazar un cable de alimentaci\u00f3n de computadora perdido o gastado para ofrecer energ\u00eda segura y confiable, cuenta con un conector hembra (C13) que se conecta al dispositivo y un conector macho (tipo L) que se conecta a una toma est\u00e1ndar. Adecuado para la mayor\u00eda de computadoras de escritorio, televisores, computadoras personales, monitores, impresoras, radio u otros dispositivos de enchufe de tres pines.<\/div>\n<\/div>\n<div class=\"x14z9mp xat24cr x1lziwak x1vvkbs xtlvy1s x126k92a\">\n<div dir=\"auto\">Marca: TrauTech<\/div>\n<div dir=\"auto\">Modelo: PE.PW0075<\/div>\n<div dir=\"auto\">Marca 100% peruana, producto avalado por la garant\u00eda de TrauTech y con soporte t\u00e9cnico gratuito de por vida.<\/div>\n<\/div>\n","protected":false},"featured_media":10181,"template":"","meta":[],"product_brand":[],"product_cat":[139,167],"product_tag":[],"_links":{"self":[{"href":"https:\/\/grupoplasma.com\/trautech\/wp-json\/wp\/v2\/product\/10180"}],"collection":[{"href":"https:\/\/grupoplasma.com\/trautech\/wp-json\/wp\/v2\/product"}],"about":[{"href":"https:\/\/grupoplasma.com\/trautech\/wp-json\/wp\/v2\/types\/product"}],"wp:featuredmedia":[{"embeddable":true,"href":"https:\/\/grupoplasma.com\/trautech\/wp-json\/wp\/v2\/media\/10181"}],"wp:attachment":[{"href":"https:\/\/grupoplasma.com\/trautech\/wp-json\/wp\/v2\/media?parent=10180"}],"wp:term":[{"taxonomy":"product_brand","embeddable":true,"href":"https:\/\/grupoplasma.com\/trautech\/wp-json\/wp\/v2\/product_brand?post=10180"},{"taxonomy":"product_cat","embeddable":true,"href":"https:\/\/grupoplasma.com\/trautech\/wp-json\/wp\/v2\/product_cat?post=10180"},{"taxonomy":"product_tag","embeddable":true,"href":"https:\/\/grupoplasma.com\/trautech\/wp-json\/wp\/v2\/product_tag?post=10180"}],"curies":[{"name":"wp","href":"https:\/\/api.w.org\/{rel}","templated":true}]}}