{"id":10156,"date":"2024-12-16T23:21:35","date_gmt":"2024-12-16T23:21:35","guid":{"rendered":"https:\/\/grupoplasma.com\/trautech\/?post_type=product&#038;p=10156"},"modified":"2024-12-16T23:22:54","modified_gmt":"2024-12-16T23:22:54","slug":"adaptador-de-enchufe-3-en-linea-a-universal","status":"publish","type":"product","link":"https:\/\/grupoplasma.com\/trautech\/producto\/adaptador-de-enchufe-3-en-linea-a-universal\/","title":{"rendered":"Adaptador de enchufe 3 en L\u00ednea a universal"},"content":{"rendered":"<div class=\"xdj266r x11i5rnm xat24cr x1mh8g0r x1vvkbs x126k92a\">\n<div dir=\"auto\">Este adaptador de 3 pines le permite convertir cualquier enchufe de otros pa\u00edses como Reino Unido, UK\/EU\/US\/AU a un enchufe 3 Pin o a un enchufe de Italia. Es muy conveniente y adecuado para electrodom\u00e9sticos o muchos otros dispositivos el\u00e9ctricos. Dise\u00f1o peque\u00f1o y compacto para un f\u00e1cil almacenamiento y transporte, maravilloso adaptador para viajes o uso dom\u00e9stico.<\/div>\n<\/div>\n<div class=\"x11i5rnm xat24cr x1mh8g0r x1vvkbs xtlvy1s x126k92a\">\n<div dir=\"auto\">Especificaciones:<\/div>\n<div dir=\"auto\">Nombre del producto: Adaptador de Enchufe de Alimentaci\u00f3n.<\/div>\n<div dir=\"auto\">La entrada es un recept\u00e1culo universal que acepta todo tipo de conectores.<\/div>\n<div dir=\"auto\">M\u00e9todo simple, seguro y r\u00e1pido de conversi\u00f3n de enchufes.<\/div>\n<div dir=\"auto\">Dise\u00f1o compacto para viajeros o uso familiar.<\/div>\n<div dir=\"auto\">Calor ligero, plug and play, f\u00e1cil de instalar y usar.<\/div>\n<div dir=\"auto\">Convertir enchufe de CA.<\/div>\n<div dir=\"auto\">Par\u00e1metros del producto: voltaje nominal 250V corriente 10A.<\/div>\n<div dir=\"auto\">Convertir f\u00e1cilmente enchufes Reino Unido, UK\/EU\/US\/AU a Italia 3 Pin.<\/div>\n<div dir=\"auto\">Color: Negro, Como se muestra en las im\u00e1genes.<\/div>\n<div dir=\"auto\">Marca 100% peruana, producto avalado por la garant\u00eda de TrauTech y con soporte t\u00e9cnico gratuito de por vida.<\/div>\n<\/div>\n","protected":false},"excerpt":{"rendered":"<div class=\"xdj266r x11i5rnm xat24cr x1mh8g0r x1vvkbs x126k92a\">\n<div dir=\"auto\">Este adaptador de 3 pines le permite convertir cualquier enchufe de otros pa\u00edses como Reino Unido, UK\/EU\/US\/AU a un enchufe 3 Pin o a un enchufe de Italia. Es muy conveniente y adecuado para electrodom\u00e9sticos o muchos otros dispositivos el\u00e9ctricos. Dise\u00f1o peque\u00f1o y compacto para un f\u00e1cil almacenamiento y transporte, maravilloso adaptador para viajes o uso dom\u00e9stico.<\/div>\n<\/div>\n<div class=\"x11i5rnm xat24cr x1mh8g0r x1vvkbs xtlvy1s x126k92a\">\n<div dir=\"auto\"><\/div>\n<div dir=\"auto\">Marca: TrauTech.<\/div>\n<div dir=\"auto\">Modelo: PE-AD0498.<\/div>\n<div dir=\"auto\">Versi\u00f3n: 2025.<\/div>\n<div dir=\"auto\"><\/div>\n<\/div>\n","protected":false},"featured_media":10157,"template":"","meta":[],"product_brand":[],"product_cat":[15],"product_tag":[],"_links":{"self":[{"href":"https:\/\/grupoplasma.com\/trautech\/wp-json\/wp\/v2\/product\/10156"}],"collection":[{"href":"https:\/\/grupoplasma.com\/trautech\/wp-json\/wp\/v2\/product"}],"about":[{"href":"https:\/\/grupoplasma.com\/trautech\/wp-json\/wp\/v2\/types\/product"}],"wp:featuredmedia":[{"embeddable":true,"href":"https:\/\/grupoplasma.com\/trautech\/wp-json\/wp\/v2\/media\/10157"}],"wp:attachment":[{"href":"https:\/\/grupoplasma.com\/trautech\/wp-json\/wp\/v2\/media?parent=10156"}],"wp:term":[{"taxonomy":"product_brand","embeddable":true,"href":"https:\/\/grupoplasma.com\/trautech\/wp-json\/wp\/v2\/product_brand?post=10156"},{"taxonomy":"product_cat","embeddable":true,"href":"https:\/\/grupoplasma.com\/trautech\/wp-json\/wp\/v2\/product_cat?post=10156"},{"taxonomy":"product_tag","embeddable":true,"href":"https:\/\/grupoplasma.com\/trautech\/wp-json\/wp\/v2\/product_tag?post=10156"}],"curies":[{"name":"wp","href":"https:\/\/api.w.org\/{rel}","templated":true}]}}