{"id":10145,"date":"2024-10-02T22:25:36","date_gmt":"2024-10-02T22:25:36","guid":{"rendered":"https:\/\/grupoplasma.com\/trautech\/?post_type=product&#038;p=10145"},"modified":"2024-10-02T22:26:28","modified_gmt":"2024-10-02T22:26:28","slug":"cable-de-alimentacion-trebol-a-schuko-de-1-80-metros","status":"publish","type":"product","link":"https:\/\/grupoplasma.com\/trautech\/producto\/cable-de-alimentacion-trebol-a-schuko-de-1-80-metros\/","title":{"rendered":"Cable de Alimentaci\u00f3n Tr\u00e9bol a Schuko de 1.80 Metros"},"content":{"rendered":"<div class=\"xdj266r x11i5rnm xat24cr x1mh8g0r x1vvkbs x126k92a\">\n<div dir=\"auto\">Este cable de alimentaci\u00f3n de 1.80 metros de 18AWG (0,75 mm\u00b2) con un enchufe Schuko CEE 7\/7 de la UE y un conector C5 IEC 320 es adecuado para bloques de alimentaci\u00f3n con una entrada C6 | 250V a 2,5A-10A. Cable de conexi\u00f3n en \u00e1ngulo, proteja el conector de contacto y el enchufe en un \u00e1ngulo de 90\u00b0 para evitar arrugas y da\u00f1os causados por la carga y facilitar la conexi\u00f3n de dispositivos que se instalan directamente delante de la pared.<\/div>\n<div dir=\"auto\">Soporta voltaje m\u00e1ximo 250VAC a corriente m\u00e1xima 2.5-10AMP, adecuado para port\u00e1tiles y adaptadores de escritorio, monitores LCD TFT y adaptadores de TV. Rendimiento duradero y confiable. Ligero y pr\u00e1ctico. Compatible con LED LCD Smart TV Display Samsung, LG Sharp; Canon Pixma, HP Brothers Epson Lexmark, PS2, PS3 Slim, PS4; Dell Sony Asus Gateway Toshiba Laptop Impresora, Esc\u00e1ner.<\/div>\n<div dir=\"auto\"><\/div>\n<\/div>\n<div class=\"x11i5rnm xat24cr x1mh8g0r x1vvkbs xtlvy1s x126k92a\">\n<div dir=\"auto\">Especificaciones:<\/div>\n<div dir=\"auto\">* Producto: Cable de alimentaci\u00f3n.<\/div>\n<div dir=\"auto\">* Conectores: C5 IEC 320 \u2013 CEE 7\/7.<\/div>\n<div dir=\"auto\">* Material: PVC.<\/div>\n<div dir=\"auto\">* Color: Negro.<\/div>\n<div dir=\"auto\">* Calibre del conductor: 0,75 mm\u00b2 Ambiental, 18AWG.<\/div>\n<div dir=\"auto\">* Corriente nominal: 2.5 AMP 250 VAC.<\/div>\n<div dir=\"auto\">* Capacidad de carga m\u00e1xima: 10AMP.<\/div>\n<div dir=\"auto\">* Longitud: 1.80 metros.<\/div>\n<div dir=\"auto\">* Marca: TrauTech.<\/div>\n<div dir=\"auto\">* Modelo: PE-PW0028.<\/div>\n<div dir=\"auto\"><\/div>\n<\/div>\n","protected":false},"excerpt":{"rendered":"<div class=\"xdj266r x11i5rnm xat24cr x1mh8g0r x1vvkbs x126k92a\">\n<div dir=\"auto\">Este cable de alimentaci\u00f3n de 1.80 metros de 18AWG (0,75 mm\u00b2) con un enchufe Schuko CEE 7\/7 de la UE y un conector C5 IEC 320 es adecuado para bloques de alimentaci\u00f3n con una entrada C6 | 250V a 2,5A-10A. Cable de conexi\u00f3n en \u00e1ngulo, proteja el conector de contacto y el enchufe en un \u00e1ngulo de 90\u00b0 para evitar arrugas y da\u00f1os causados por la carga y facilitar la conexi\u00f3n de dispositivos que se instalan directamente delante de la pared.<\/div>\n<\/div>\n<div class=\"x11i5rnm xat24cr x1mh8g0r x1vvkbs xtlvy1s x126k92a\">\n<div dir=\"auto\"><\/div>\n<div dir=\"auto\">* Longitud: 1.80 metros.<\/div>\n<div dir=\"auto\">* Marca: TrauTech.<\/div>\n<div dir=\"auto\">* Modelo: PE-PW0028.<\/div>\n<div dir=\"auto\">TrauTech es una marca 100% peruana.<\/div>\n<\/div>\n","protected":false},"featured_media":10146,"template":"","meta":[],"product_brand":[],"product_cat":[139,167],"product_tag":[],"_links":{"self":[{"href":"https:\/\/grupoplasma.com\/trautech\/wp-json\/wp\/v2\/product\/10145"}],"collection":[{"href":"https:\/\/grupoplasma.com\/trautech\/wp-json\/wp\/v2\/product"}],"about":[{"href":"https:\/\/grupoplasma.com\/trautech\/wp-json\/wp\/v2\/types\/product"}],"wp:featuredmedia":[{"embeddable":true,"href":"https:\/\/grupoplasma.com\/trautech\/wp-json\/wp\/v2\/media\/10146"}],"wp:attachment":[{"href":"https:\/\/grupoplasma.com\/trautech\/wp-json\/wp\/v2\/media?parent=10145"}],"wp:term":[{"taxonomy":"product_brand","embeddable":true,"href":"https:\/\/grupoplasma.com\/trautech\/wp-json\/wp\/v2\/product_brand?post=10145"},{"taxonomy":"product_cat","embeddable":true,"href":"https:\/\/grupoplasma.com\/trautech\/wp-json\/wp\/v2\/product_cat?post=10145"},{"taxonomy":"product_tag","embeddable":true,"href":"https:\/\/grupoplasma.com\/trautech\/wp-json\/wp\/v2\/product_tag?post=10145"}],"curies":[{"name":"wp","href":"https:\/\/api.w.org\/{rel}","templated":true}]}}