{"id":10136,"date":"2024-05-09T20:51:45","date_gmt":"2024-05-09T20:51:45","guid":{"rendered":"https:\/\/grupoplasma.com\/trautech\/?post_type=product&#038;p=10136"},"modified":"2024-05-09T20:51:45","modified_gmt":"2024-05-09T20:51:45","slug":"adaptador-enchufe-universal-viajero","status":"publish","type":"product","link":"https:\/\/grupoplasma.com\/trautech\/producto\/adaptador-enchufe-universal-viajero\/","title":{"rendered":"Adaptador Enchufe Universal Viajero"},"content":{"rendered":"<div class=\"xdj266r x11i5rnm xat24cr x1mh8g0r x1vvkbs x126k92a\">\n<div dir=\"auto\">Con este adaptador universal no importa donde viajes, siempre podr\u00e1s enchufar lo que desees ya que este adaptador tiene todas las entradas y salidas posibles Tenga en un solo adaptador, esta es una pr\u00e1ctica soluci\u00f3n para varios pa\u00edses. F\u00e1cil y seguro de usar.<\/div>\n<div dir=\"auto\">Use sus dispositivos electr\u00f3nicos en Estados Unidos, \u00a1Asia, Europa, Australia y m\u00e1s!<\/div>\n<div dir=\"auto\">Elimina la necesidad de llevar varios adaptadores. Te permite cargar tu ordenador port\u00e1til, tablet, iPad, tel\u00e9fono m\u00f3vil y otros dispositivos m\u00f3viles a nivel internacional<\/div>\n<div dir=\"auto\"><\/div>\n<\/div>\n<div class=\"x11i5rnm xat24cr x1mh8g0r x1vvkbs xtlvy1s x126k92a\">\n<div dir=\"auto\">Especificaciones:<\/div>\n<div dir=\"auto\">\u2022 Nombre del producto: Enchufe inteligente universal AU \/ US \/ UK \/ EU.<\/div>\n<div dir=\"auto\">\u2022 Tipo: Adaptador de enchufe internacional.<\/div>\n<div dir=\"auto\">\u2022 N\u00famero de puertos USB: 2 puertos.<\/div>\n<div dir=\"auto\">\u2022 USB Potencia Total: 1000mA M\u00e1ximo.<\/div>\n<div dir=\"auto\">\u2022 Uso: Residencial \/ de uso general.<\/div>\n<div dir=\"auto\">\u2022 Voltaje nominal: 100 \u2013 240 VAC.<\/div>\n<div dir=\"auto\">\u2022 Material: ABS.<\/div>\n<div dir=\"auto\">\u2022 Color: Blanco.<\/div>\n<\/div>\n<div class=\"x11i5rnm xat24cr x1mh8g0r x1vvkbs xtlvy1s x126k92a\">\n<div dir=\"auto\"><\/div>\n<\/div>\n","protected":false},"excerpt":{"rendered":"<div dir=\"auto\">Con este adaptador universal no importa donde viajes, siempre podr\u00e1s enchufar lo que desees ya que este adaptador tiene todas las entradas y salidas posibles Tenga en un solo adaptador, esta es una pr\u00e1ctica soluci\u00f3n para varios pa\u00edses. F\u00e1cil y seguro de usar.<\/div>\n<div dir=\"auto\">Use sus dispositivos electr\u00f3nicos en Estados Unidos, \u00a1Asia, Europa, Australia y m\u00e1s!<\/div>\n<div dir=\"auto\"><\/div>\n<div dir=\"auto\">\n<div class=\"x11i5rnm xat24cr x1mh8g0r x1vvkbs xtlvy1s x126k92a\">\n<div dir=\"auto\">\u2022 Marca: TrauTech.<\/div>\n<div dir=\"auto\">\u2022 Modelo: PE-UP0021.<\/div>\n<div dir=\"auto\">\u2022 Versi\u00f3n: 2024.<\/div>\n<\/div>\n<div class=\"x11i5rnm xat24cr x1mh8g0r x1vvkbs xtlvy1s x126k92a\">\n<div dir=\"auto\">Marca 100% peruana, producto avalado por la garant\u00eda de TrauTech y con soporte t\u00e9cnico gratuito de por vida.<\/div>\n<\/div>\n<\/div>\n<div dir=\"auto\"><\/div>\n","protected":false},"featured_media":10137,"template":"","meta":[],"product_brand":[],"product_cat":[15],"product_tag":[],"_links":{"self":[{"href":"https:\/\/grupoplasma.com\/trautech\/wp-json\/wp\/v2\/product\/10136"}],"collection":[{"href":"https:\/\/grupoplasma.com\/trautech\/wp-json\/wp\/v2\/product"}],"about":[{"href":"https:\/\/grupoplasma.com\/trautech\/wp-json\/wp\/v2\/types\/product"}],"wp:featuredmedia":[{"embeddable":true,"href":"https:\/\/grupoplasma.com\/trautech\/wp-json\/wp\/v2\/media\/10137"}],"wp:attachment":[{"href":"https:\/\/grupoplasma.com\/trautech\/wp-json\/wp\/v2\/media?parent=10136"}],"wp:term":[{"taxonomy":"product_brand","embeddable":true,"href":"https:\/\/grupoplasma.com\/trautech\/wp-json\/wp\/v2\/product_brand?post=10136"},{"taxonomy":"product_cat","embeddable":true,"href":"https:\/\/grupoplasma.com\/trautech\/wp-json\/wp\/v2\/product_cat?post=10136"},{"taxonomy":"product_tag","embeddable":true,"href":"https:\/\/grupoplasma.com\/trautech\/wp-json\/wp\/v2\/product_tag?post=10136"}],"curies":[{"name":"wp","href":"https:\/\/api.w.org\/{rel}","templated":true}]}}