{"id":10128,"date":"2024-04-18T23:28:44","date_gmt":"2024-04-18T23:28:44","guid":{"rendered":"https:\/\/grupoplasma.com\/trautech\/?post_type=product&#038;p=10128"},"modified":"2024-04-18T23:28:44","modified_gmt":"2024-04-18T23:28:44","slug":"placa-de-pared-1-hdmi-angulo-recto","status":"publish","type":"product","link":"https:\/\/grupoplasma.com\/trautech\/producto\/placa-de-pared-1-hdmi-angulo-recto\/","title":{"rendered":"Placa de Pared 1 HDMI Angulo Recto"},"content":{"rendered":"<p>La placa de pared cuenta con paso a trav\u00e9s para funciones HDMI de alta velocidad como canal de retorno de audio HDMI (ARC\/eARC), canal HDMI Ethernet (HEC), profundidad de color de 48 bits, audio de 32 canales, audio Dolby True HD 7.1 y ancho de banda de hasta 18 Gbps; las placas de pared de tama\u00f1o est\u00e1ndar de 4.5 x 2.7 pulgadas se pueden montar con un soporte de bajo voltaje de 1 elemento. Con un puerto hembra en la parte delantera de la placa de pared y un puerto HDMI hembra en la parte posterior, se conecta f\u00e1cilmente a un cable HDMI en la pared; se monta cerca de tu receptor AV o sistema de cine en casa con una ubicaci\u00f3n de placa de pared de bajo voltaje existente o una nueva ubicaci\u00f3n de placa de pared de salida HDMI.<\/p>\n<p>Soporte HDMI 4K de alta resoluci\u00f3n: paso a trav\u00e9s de resoluciones de video comunes de hasta 4Kx2K (UHD) incluyendo 3840&#215;2160, 2560&#215;1600, 2560&#215;1440, 1920&#215;1200 y 1080p; soporte de audio pass-thru para DTS-HD Master Audio y Dolby TrueHD y m\u00e1s; 8 metros es la longitud m\u00e1xima recomendada de cables HDMI para 4K HDR y 20 metros para 1080p.<\/p>\n<p><strong>Especificaciones:<\/strong><\/p>\n<ul>\n<li>Material: ABS.<\/li>\n<li>Color: Blanco.<\/li>\n<li>Longitud m\u00e1xima de cable HDMI para 4K@60Hz: 8 metros.<\/li>\n<li>Longitud m\u00e1xima de cable HDMI para 1080p@60Hz: 20 metros.<\/li>\n<li>Tama\u00f1o: 2.7 x 4.5 pulgadas (ancho x largo).<\/li>\n<\/ul>\n<p>Marca 100% peruana, producto avalado por la garant\u00eda de TrauTech y con soporte t\u00e9cnico gratuito de por vida.<\/p>\n","protected":false},"excerpt":{"rendered":"<p>La placa de pared cuenta con paso a trav\u00e9s para funciones HDMI de alta velocidad como canal de retorno de audio HDMI (ARC\/eARC), canal HDMI Ethernet (HEC), profundidad de color de 48 bits, audio de 32 canales, audio Dolby True HD 7.1 y ancho de banda de hasta 18 Gbps; las placas de pared de tama\u00f1o est\u00e1ndar de 4.5 x 2.7 pulgadas se pueden montar con un soporte de bajo voltaje de 1 elemento. Con un puerto hembra en la parte delantera de la placa de pared y un puerto HDMI hembra en la parte posterior, se conecta f\u00e1cilmente a un cable HDMI en la pared; se monta cerca de tu receptor AV o sistema de cine en casa con una ubicaci\u00f3n de placa de pared de bajo voltaje existente o una nueva ubicaci\u00f3n de placa de pared de salida HDMI.<\/p>\n<ul>\n<li>Marca: <a href=\"https:\/\/www.facebook.com\/netcom.pe?__cft__%5b0%5d=AZVyJZf7IkxOtddhyFCaDJt0uOLFMyTIb27JuLH0tVimIAbUCNXCwKgv4F3X3GMykgVtjEJXQp0L_4p59ThYn4x2bRRVWjhRSi6r2CrkwIPXdbjyw6IiAEVmxrLoWW2osD0&amp;__tn__=-%5dK-R\">TrauTech<\/a>.<\/li>\n<li>Modelo: PE-WP0030.<\/li>\n<li>Versi\u00f3n: 2024.<\/li>\n<\/ul>\n","protected":false},"featured_media":10129,"template":"","meta":[],"product_brand":[],"product_cat":[15],"product_tag":[],"_links":{"self":[{"href":"https:\/\/grupoplasma.com\/trautech\/wp-json\/wp\/v2\/product\/10128"}],"collection":[{"href":"https:\/\/grupoplasma.com\/trautech\/wp-json\/wp\/v2\/product"}],"about":[{"href":"https:\/\/grupoplasma.com\/trautech\/wp-json\/wp\/v2\/types\/product"}],"wp:featuredmedia":[{"embeddable":true,"href":"https:\/\/grupoplasma.com\/trautech\/wp-json\/wp\/v2\/media\/10129"}],"wp:attachment":[{"href":"https:\/\/grupoplasma.com\/trautech\/wp-json\/wp\/v2\/media?parent=10128"}],"wp:term":[{"taxonomy":"product_brand","embeddable":true,"href":"https:\/\/grupoplasma.com\/trautech\/wp-json\/wp\/v2\/product_brand?post=10128"},{"taxonomy":"product_cat","embeddable":true,"href":"https:\/\/grupoplasma.com\/trautech\/wp-json\/wp\/v2\/product_cat?post=10128"},{"taxonomy":"product_tag","embeddable":true,"href":"https:\/\/grupoplasma.com\/trautech\/wp-json\/wp\/v2\/product_tag?post=10128"}],"curies":[{"name":"wp","href":"https:\/\/api.w.org\/{rel}","templated":true}]}}