{"id":12319,"date":"2026-03-27T23:01:54","date_gmt":"2026-03-27T23:01:54","guid":{"rendered":"https:\/\/grupoplasma.com\/netcom\/?post_type=product&#038;p=12319"},"modified":"2026-03-27T23:01:54","modified_gmt":"2026-03-27T23:01:54","slug":"cargador-usb-dual-para-auto","status":"publish","type":"product","link":"https:\/\/grupoplasma.com\/netcom\/producto\/cargador-usb-dual-para-auto\/","title":{"rendered":"Cargador USB Dual Para Auto"},"content":{"rendered":"<p>Este cargador de auto cuenta con 2 salidas USB, equipado con un puerto de carga PD 20w USB tipo C y un puerto de carga USB-A QC 3.0 de 18W, puede cargar dos dispositivos al mismo tiempo con tecnolog\u00eda de carga r\u00e1pida, cargue su dispositivo m\u00f3vil u tablet con velocidad r\u00e1pida. Este cargador de auto puede ajustar la velocidad de carga para diferentes dispositivos de forma inteligente y cargar su tel\u00e9fono de una manera \u00f3ptima. La velocidad de carga es 3 veces m\u00e1s r\u00e1pida que el cargador de auto normal con 20W PD y 18W QC potencia de carga. Salida USB 4.5V\/5A, 5V\/4.5A, 9V\/3A, 12V\/2.5A, Tipo-C 5V\/3A, 9V\/3A, 12V\/2.5A, 20V\/1.5A carga r\u00e1pida para tableta de tel\u00e9fono y la mayor\u00eda de productos digitales. Identifica inteligentemente la corriente de salida, con protecci\u00f3n segura m\u00faltiple de sobrecarga, sobre corriente, sobre voltaje, sobre la potencia, cortocircuito, sobre descarga y protecci\u00f3n de temperatura, su amplia compatibilidad lo hace universalmente adecuado para autos, camionetas y camiones de 12-24V en el mercado. Equipado con un chip inteligente que protege su dispositivo de cortocircuito, sobretensi\u00f3n, sobrecalentamiento y sobre corriente. est\u00e1 hecho de metal de alta calidad y tiene mejor capacidad t\u00e9rmica y mayor durabilidad. Puede usarlo con confianza.<\/p>\n<p><strong>Mas Especificaciones:<\/strong><\/p>\n<ol>\n<li>Cuerpo de metal completo y seguridad, el cargador USB dual de metal mejorado no se quema, lo que es m\u00e1s seguro que el pl\u00e1stico.<\/li>\n<li>Certificado por m\u00faltiples certificaciones de seguridad, el cargador de coche USB dual tiene m\u00faltiples protecciones contra sobre corriente, sobrecarga y proteger\u00e1 la seguridad de tu dispositivo.<\/li>\n<li>Compatibilidad universal, cargador universal de coche dual USB compatible con cualquier dispositivo m\u00f3vil u tablet con velocidad r\u00e1pida.<\/li>\n<li>Carga inteligente, este cargador de coche ajusta autom\u00e1ticamente la velocidad de carga a tus dispositivos y carga todos los dispositivos compatibles con USB como tu smartphone, tablet, a la velocidad \u00f3ptima. Funciona con todos los coches de 12 ~ 24 V.<\/li>\n<li>Choque sin miedo, el dise\u00f1o de contacto de contracci\u00f3n hace que el cargador del coche se conecte firmemente, no importa que la situaci\u00f3n sea en carretera accidentada, puede proporcionar una fuente de alimentaci\u00f3n estable para el dispositivo.<\/li>\n<li>Dise\u00f1o compacto con caracter\u00edsticas peque\u00f1as y ligeras para portabilidad, cabe f\u00e1cilmente en un encendedor de cigarrillos con espacio limitado.<\/li>\n<\/ol>\n","protected":false},"excerpt":{"rendered":"<p>Este cargador de auto cuenta con 2 salidas USB, equipado con un puerto de carga PD 20w USB tipo C y un puerto de carga USB-A QC 3.0 de 18W, puede cargar dos dispositivos al mismo tiempo con tecnolog\u00eda de carga r\u00e1pida, cargue su dispositivo m\u00f3vil u tablet con velocidad r\u00e1pida. Este cargador de auto puede ajustar la velocidad de carga para diferentes dispositivos de forma inteligente y cargar su tel\u00e9fono de una manera \u00f3ptima. La velocidad de carga es 3 veces m\u00e1s r\u00e1pida que el cargador de auto normal con 20W PD y 18W QC potencia de carga. Salida USB 4.5V\/5A, 5V\/4.5A, 9V\/3A, 12V\/2.5A, Tipo-C 5V\/3A, 9V\/3A, 12V\/2.5A, 20V\/1.5A carga r\u00e1pida para tableta de tel\u00e9fono y la mayor\u00eda de productos digitales.<\/p>\n<ul>\n<li>Marca: NETCOM.<\/li>\n<li>Modelo: PE-CG0023.<\/li>\n<\/ul>\n<p>Marca 100% peruana, producto avalado por la garant\u00eda de NETCOM y con soporte t\u00e9cnico gratuito de por vida.<\/p>\n","protected":false},"featured_media":12320,"template":"","meta":[],"product_brand":[],"product_cat":[176],"product_tag":[],"class_list":{"0":"post-12319","1":"product","2":"type-product","3":"status-publish","4":"has-post-thumbnail","6":"product_cat-cargadores","9":"first","10":"instock","11":"shipping-taxable","12":"product-type-simple"},"_links":{"self":[{"href":"https:\/\/grupoplasma.com\/netcom\/wp-json\/wp\/v2\/product\/12319","targetHints":{"allow":["GET"]}}],"collection":[{"href":"https:\/\/grupoplasma.com\/netcom\/wp-json\/wp\/v2\/product"}],"about":[{"href":"https:\/\/grupoplasma.com\/netcom\/wp-json\/wp\/v2\/types\/product"}],"wp:featuredmedia":[{"embeddable":true,"href":"https:\/\/grupoplasma.com\/netcom\/wp-json\/wp\/v2\/media\/12320"}],"wp:attachment":[{"href":"https:\/\/grupoplasma.com\/netcom\/wp-json\/wp\/v2\/media?parent=12319"}],"wp:term":[{"taxonomy":"product_brand","embeddable":true,"href":"https:\/\/grupoplasma.com\/netcom\/wp-json\/wp\/v2\/product_brand?post=12319"},{"taxonomy":"product_cat","embeddable":true,"href":"https:\/\/grupoplasma.com\/netcom\/wp-json\/wp\/v2\/product_cat?post=12319"},{"taxonomy":"product_tag","embeddable":true,"href":"https:\/\/grupoplasma.com\/netcom\/wp-json\/wp\/v2\/product_tag?post=12319"}],"curies":[{"name":"wp","href":"https:\/\/api.w.org\/{rel}","templated":true}]}}