{"id":12268,"date":"2026-03-03T17:59:18","date_gmt":"2026-03-03T17:59:18","guid":{"rendered":"https:\/\/grupoplasma.com\/netcom\/?post_type=product&#038;p=12268"},"modified":"2026-03-03T17:59:18","modified_gmt":"2026-03-03T17:59:18","slug":"keystone-acople-hdmi-2-0-de-90-grados","status":"publish","type":"product","link":"https:\/\/grupoplasma.com\/netcom\/producto\/keystone-acople-hdmi-2-0-de-90-grados\/","title":{"rendered":"Keystone Acople HDMI 2.0 de 90 Grados"},"content":{"rendered":"<p>Este acoplador HDMI hembra a hembra de 90 grados es compatible con placa de pared trapezoidal est\u00e1ndar o panel de conexiones. Cuenta con un conector hembra chapado en oro en cada extremo, lo que proporciona una forma sencilla y segura de conectar cables HDMI a una placa de pared.<\/p>\n<p>Los conectores de paso HDMI chapados en oro mejoran la transmisi\u00f3n de la se\u00f1al y resisten la corrosi\u00f3n para proporcionar durabilidad y blindaje de cobre para minimizar la interferencia de se\u00f1al entre dos dispositivos. Le permite acoplar en 4K hasta un m\u00e1ximo de 10 metros y en 1080p hasta 20 metros.<\/p>\n<p>Compatible con todas las funciones 3D, 4K a 60Hz, canal de retorno de audio, control de electr\u00f3nica de consumo y Ethernet de tus cables y dispositivos HDMI sin p\u00e9rdida de se\u00f1al. Ampliamente utilizado el inserto HDMI Keystone Jack de grado comercial proporciona una instalaci\u00f3n de aspecto profesional para configuraciones de cine en casa A\/V con un televisor de alta definici\u00f3n montado en la pared. Conecte un reproductor de Blu-ray, reproductor de video en streaming, HDTV, proyector, computadora y otros dispositivos con puertos HDMI comunes.<\/p>\n<p>Fabricado pensando en la facilidad de uso, nuestro conector cuenta con inserciones de conector Keystone para una configuraci\u00f3n y extracci\u00f3n sin esfuerzo. Es universalmente compatible con todas las configuraciones trapezoidales est\u00e1ndar, ofreciendo una soluci\u00f3n vers\u00e1til para varias configuraciones. El duradero conector chapado en oro no solo garantiza la longevidad, sino que tambi\u00e9n proporciona una se\u00f1al sin concesiones para una calidad impecable. Su elegante acabado blanco est\u00e1 dise\u00f1ado para mezclarse sin problemas, por lo que es un complemento elegante para cualquier habitaci\u00f3n y experimente la revoluci\u00f3n del entretenimiento de alta definici\u00f3n. El cabezal dorado doble de 24 quilates te garantiza una vida \u00fatil m\u00e1s larga para mayor durabilidad y mejores resultados.<\/p>\n<p><strong>Nota:<\/strong><\/p>\n<p>Para un rendimiento \u00f3ptimo y longevidad, aseg\u00farese de que el gato se mantenga en un ambiente seco y alejado de la luz solar directa.<\/p>\n","protected":false},"excerpt":{"rendered":"<p>Este acoplador HDMI hembra a hembra de 90 grados es compatible con placa de pared trapezoidal est\u00e1ndar o panel de conexiones. Cuenta con un conector hembra chapado en oro en cada extremo, lo que proporciona una forma sencilla y segura de conectar cables HDMI a una placa de pared.<\/p>\n<p>Los conectores de paso HDMI chapados en oro mejoran la transmisi\u00f3n de la se\u00f1al y resisten la corrosi\u00f3n para proporcionar durabilidad y blindaje de cobre para minimizar la interferencia de se\u00f1al entre dos dispositivos. Le permite acoplar en 4K hasta un m\u00e1ximo de 10 metros y en 1080p hasta 20 metros.<\/p>\n<ul>\n<li>Marca: NETCOM.<\/li>\n<li>Modelo: PE-ADH0111.<\/li>\n<\/ul>\n<p>Marca 100% peruana, producto avalado por la garant\u00eda de NETCOM y con soporte t\u00e9cnico gratuito de por vida.<\/p>\n","protected":false},"featured_media":12269,"template":"","meta":[],"product_brand":[],"product_cat":[147,164],"product_tag":[],"class_list":{"0":"post-12268","1":"product","2":"type-product","3":"status-publish","4":"has-post-thumbnail","6":"product_cat-adaptadores","7":"product_cat-adaptadores-de-a-v","10":"first","11":"instock","12":"shipping-taxable","13":"product-type-simple"},"_links":{"self":[{"href":"https:\/\/grupoplasma.com\/netcom\/wp-json\/wp\/v2\/product\/12268","targetHints":{"allow":["GET"]}}],"collection":[{"href":"https:\/\/grupoplasma.com\/netcom\/wp-json\/wp\/v2\/product"}],"about":[{"href":"https:\/\/grupoplasma.com\/netcom\/wp-json\/wp\/v2\/types\/product"}],"wp:featuredmedia":[{"embeddable":true,"href":"https:\/\/grupoplasma.com\/netcom\/wp-json\/wp\/v2\/media\/12269"}],"wp:attachment":[{"href":"https:\/\/grupoplasma.com\/netcom\/wp-json\/wp\/v2\/media?parent=12268"}],"wp:term":[{"taxonomy":"product_brand","embeddable":true,"href":"https:\/\/grupoplasma.com\/netcom\/wp-json\/wp\/v2\/product_brand?post=12268"},{"taxonomy":"product_cat","embeddable":true,"href":"https:\/\/grupoplasma.com\/netcom\/wp-json\/wp\/v2\/product_cat?post=12268"},{"taxonomy":"product_tag","embeddable":true,"href":"https:\/\/grupoplasma.com\/netcom\/wp-json\/wp\/v2\/product_tag?post=12268"}],"curies":[{"name":"wp","href":"https:\/\/api.w.org\/{rel}","templated":true}]}}