{"id":12250,"date":"2026-02-21T23:08:30","date_gmt":"2026-02-21T23:08:30","guid":{"rendered":"https:\/\/grupoplasma.com\/netcom\/?post_type=product&#038;p=12250"},"modified":"2026-02-21T23:08:30","modified_gmt":"2026-02-21T23:08:30","slug":"adaptador-de-corriente-universal","status":"publish","type":"product","link":"https:\/\/grupoplasma.com\/netcom\/producto\/adaptador-de-corriente-universal\/","title":{"rendered":"Adaptador de Corriente Universal"},"content":{"rendered":"<p>Este vers\u00e1til adaptador le permite convertir enchufes de Europa, UE\/UK\/CN\/AU a los Estados Unidos, por lo que es perfecto para su cargador de tel\u00e9fono celular o cualquier otro dispositivo electr\u00f3nico que necesite una fuente de alimentaci\u00f3n. Es importante tener en cuenta que este adaptador no es un convertidor, por lo que no convertir\u00e1 el voltaje. Sin embargo, es una gran herramienta para tener a mano para viajes internacionales o para usar con electr\u00f3nica extranjera.<\/p>\n<p><strong>Mas especificaciones<\/strong><\/p>\n<ol>\n<li>Convierta su punta de enchufe de alimentaci\u00f3n basada en Europa a punta de enchufe de EE. UU.<\/li>\n<li>Esta unidad simplemente convierte la punta del enchufe, pero no convierte ninguna energ\u00eda.<\/li>\n<li>Convertidor de energ\u00eda de viaje a Am\u00e9rica del Norte de Estados Unidos, convierte Europa, Reino Unido, Australia, Brasil, \u00c1frica, China, Taiw\u00e1n, Jap\u00f3n a Estados Unidos.<\/li>\n<li>Entre 110V y 250V Soporte m\u00e1ximo de 10 AMP, hasta 2500W.<\/li>\n<li>Es f\u00e1cil de usar este enchufe adaptador, simplemente conecta este adaptador de corriente a un enchufe de pared y conecta tu dispositivo de enchufe de alimentaci\u00f3n de la UE \/ Reino Unido \/ au en el enchufe hembra del mismo. As\u00ed que puedes utilizar el dispositivo de enchufe de alimentaci\u00f3n de la UE \/ Reino Unido \/ AU en EE. UU.<\/li>\n<li>Perfecto para usar convertidor de enchufe en viajes, trabajo, oficina u hogar. Ten en cuenta que este enchufe convertidor no puede convertir voltaje.<\/li>\n<\/ol>\n","protected":false},"excerpt":{"rendered":"<p>Este vers\u00e1til adaptador le permite convertir enchufes de Europa, UE\/UK\/CN\/AU a los Estados Unidos, por lo que es perfecto para su cargador de tel\u00e9fono celular o cualquier otro dispositivo electr\u00f3nico que necesite una fuente de alimentaci\u00f3n. Es importante tener en cuenta que este adaptador no es un convertidor, por lo que no convertir\u00e1 el voltaje. Sin embargo, es una gran herramienta para tener a mano para viajes internacionales o para usar con electr\u00f3nica extranjera.<\/p>\n<ul>\n<li>Marca: NETCOM.<\/li>\n<li>Modelo: PE-AD1010.<\/li>\n<\/ul>\n<p>Marca 100% peruana, producto avalado por la garant\u00eda de NETCOM y con soporte t\u00e9cnico gratuito de por vida.<\/p>\n","protected":false},"featured_media":12251,"template":"","meta":[],"product_brand":[],"product_cat":[169,147],"product_tag":[],"class_list":{"0":"post-12250","1":"product","2":"type-product","3":"status-publish","4":"has-post-thumbnail","6":"product_cat-accesorios","7":"product_cat-adaptadores","10":"first","11":"instock","12":"shipping-taxable","13":"product-type-simple"},"_links":{"self":[{"href":"https:\/\/grupoplasma.com\/netcom\/wp-json\/wp\/v2\/product\/12250","targetHints":{"allow":["GET"]}}],"collection":[{"href":"https:\/\/grupoplasma.com\/netcom\/wp-json\/wp\/v2\/product"}],"about":[{"href":"https:\/\/grupoplasma.com\/netcom\/wp-json\/wp\/v2\/types\/product"}],"wp:featuredmedia":[{"embeddable":true,"href":"https:\/\/grupoplasma.com\/netcom\/wp-json\/wp\/v2\/media\/12251"}],"wp:attachment":[{"href":"https:\/\/grupoplasma.com\/netcom\/wp-json\/wp\/v2\/media?parent=12250"}],"wp:term":[{"taxonomy":"product_brand","embeddable":true,"href":"https:\/\/grupoplasma.com\/netcom\/wp-json\/wp\/v2\/product_brand?post=12250"},{"taxonomy":"product_cat","embeddable":true,"href":"https:\/\/grupoplasma.com\/netcom\/wp-json\/wp\/v2\/product_cat?post=12250"},{"taxonomy":"product_tag","embeddable":true,"href":"https:\/\/grupoplasma.com\/netcom\/wp-json\/wp\/v2\/product_tag?post=12250"}],"curies":[{"name":"wp","href":"https:\/\/api.w.org\/{rel}","templated":true}]}}