{"id":12161,"date":"2026-02-09T22:17:42","date_gmt":"2026-02-09T22:17:42","guid":{"rendered":"https:\/\/grupoplasma.com\/netcom\/?post_type=product&#038;p=12161"},"modified":"2026-02-09T22:17:42","modified_gmt":"2026-02-09T22:17:42","slug":"adaptador-usb-c-a-hdmi","status":"publish","type":"product","link":"https:\/\/grupoplasma.com\/netcom\/producto\/adaptador-usb-c-a-hdmi\/","title":{"rendered":"Adaptador USB-C a HDMI"},"content":{"rendered":"<p>Este adaptador USB tipo C a HDMI le permite conectar monitores\/pantallas\/proyectores HDMI, con una resoluci\u00f3n de hasta 4K @ 60Hz. No se requiere software adicional, una soluci\u00f3n perfecta para tus dispositivos de USB-C. Adopta el \u00faltimo Thunderbolt 3\/4 a HDMI 2.0, transmitiendo datos a velocidades de hasta 18 Gbps y resoluciones de 4K de hasta 3840&#215;2160 a 60Hz. Tambi\u00e9n es compatible con HDMI 1.4, 1.3 y 1.2 anteriores. El adaptador de USB tipo C a HDMI ofrece videos limpios, v\u00edvidos y sin interrupciones, este adaptador de 60Hz es ideal para aprovechar al m\u00e1ximo tu nuevo monitor, televisor o proyector 4K. Soporta un cable HDMI de hasta 5 metros para resoluci\u00f3n 4k. Con el adaptador HDMI convierte instant\u00e1neamente el puerto USB-C de su computadora port\u00e1til o PC de escritorio en un puerto HDMI, sin necesidad de instalaci\u00f3n; la calidad de la pantalla depende del dispositivo host y de las especificaciones del cable y el monitor.<\/p>\n<p>Compacto y ligero, puertos chapados en oro de 24 quilates, cable de nailon trenzado para mayor durabilidad, carcasa de aluminio premium para un mejor aislamiento t\u00e9rmico. El acabado met\u00e1lico se adapta perfectamente a los puertos de los dispositivos para una mejor protecci\u00f3n de transferencia de se\u00f1al.<\/p>\n<p><strong>Nota:<\/strong><\/p>\n<p>Aseg\u00farese de que su dispositivo admite el modo alternativo DisplayPort (modo Alt DP) a trav\u00e9s del puerto USB-C, ya que esto es necesario para que el cable USB-C a HDMI funcione. No todos los puertos USB-C admiten salida de video, as\u00ed que verifique las especificaciones de su dispositivo. Si no est\u00e1 seguro, p\u00f3ngase en contacto con el Eval\u00fae sus necesidades de uso y compatibilidad con dispositivos para evitar cualquier inconveniente o decepci\u00f3n causado por funciones no compatibles.<\/p>\n","protected":false},"excerpt":{"rendered":"<p>Este adaptador USB tipo C a HDMI le permite conectar monitores\/pantallas\/proyectores HDMI, con una resoluci\u00f3n de hasta 4K @ 60Hz. No se requiere software adicional, una soluci\u00f3n perfecta para tus dispositivos de USB-C. Adopta el \u00faltimo Thunderbolt 3\/4 a HDMI 2.0, transmitiendo datos a velocidades de hasta 18 Gbps y resoluciones de 4K de hasta 3840&#215;2160 a 60Hz. Tambi\u00e9n es compatible con HDMI 1.4, 1.3 y 1.2 anteriores. El adaptador de USB tipo C a HDMI ofrece videos limpios, v\u00edvidos y sin interrupciones, este adaptador de 60Hz es ideal para aprovechar al m\u00e1ximo tu nuevo monitor, televisor o proyector 4K.<\/p>\n<ul>\n<li>Marca: NETCOM.<\/li>\n<li>Modelo: PE-TA0091.<\/li>\n<\/ul>\n<p>Marca 100% peruana, producto avalado por la garant\u00eda de NETCOM y con soporte t\u00e9cnico gratuito de por vida.<\/p>\n","protected":false},"featured_media":12162,"template":"","meta":[],"product_brand":[],"product_cat":[147,164],"product_tag":[],"class_list":{"0":"post-12161","1":"product","2":"type-product","3":"status-publish","4":"has-post-thumbnail","6":"product_cat-adaptadores","7":"product_cat-adaptadores-de-a-v","10":"first","11":"instock","12":"shipping-taxable","13":"product-type-simple"},"_links":{"self":[{"href":"https:\/\/grupoplasma.com\/netcom\/wp-json\/wp\/v2\/product\/12161","targetHints":{"allow":["GET"]}}],"collection":[{"href":"https:\/\/grupoplasma.com\/netcom\/wp-json\/wp\/v2\/product"}],"about":[{"href":"https:\/\/grupoplasma.com\/netcom\/wp-json\/wp\/v2\/types\/product"}],"wp:featuredmedia":[{"embeddable":true,"href":"https:\/\/grupoplasma.com\/netcom\/wp-json\/wp\/v2\/media\/12162"}],"wp:attachment":[{"href":"https:\/\/grupoplasma.com\/netcom\/wp-json\/wp\/v2\/media?parent=12161"}],"wp:term":[{"taxonomy":"product_brand","embeddable":true,"href":"https:\/\/grupoplasma.com\/netcom\/wp-json\/wp\/v2\/product_brand?post=12161"},{"taxonomy":"product_cat","embeddable":true,"href":"https:\/\/grupoplasma.com\/netcom\/wp-json\/wp\/v2\/product_cat?post=12161"},{"taxonomy":"product_tag","embeddable":true,"href":"https:\/\/grupoplasma.com\/netcom\/wp-json\/wp\/v2\/product_tag?post=12161"}],"curies":[{"name":"wp","href":"https:\/\/api.w.org\/{rel}","templated":true}]}}