{"id":12127,"date":"2026-02-03T22:29:37","date_gmt":"2026-02-03T22:29:37","guid":{"rendered":"https:\/\/grupoplasma.com\/netcom\/?post_type=product&#038;p=12127"},"modified":"2026-02-03T22:29:37","modified_gmt":"2026-02-03T22:29:37","slug":"cable-usb-tipo-c-a-usb-tipo-b-de-1-80-metros","status":"publish","type":"product","link":"https:\/\/grupoplasma.com\/netcom\/producto\/cable-usb-tipo-c-a-usb-tipo-b-de-1-80-metros\/","title":{"rendered":"Cable USB Tipo C a USB Tipo B de 1.80 Metros"},"content":{"rendered":"<p>Este cable USB tipo C a USB tipo B versi\u00f3n 2.0 de 1.80 metros le permite conectar dispositivos USB como impresora multifunci\u00f3n, l\u00e1ser o t\u00e9rmica, esc\u00e1ner de documentos de escritorio, discos duros externos, controlador MIDI, teclado MIDI u otro dispositivo legado de Arduino, Brother, Canon, CyberPower, Dell, Epson, Fujitsu, HP, LOGEAR, Lexmark, Panasonic, entre otros a su ordenador port\u00e1til o de escritorio. Adecuado para cualquier marca de impresora\/dispositivo que requiera conexi\u00f3n USB tipo C a tipo B. Alta velocidad para transferencia de datos: Hasta 480 Mbps transfiere velocidad de datos para dispositivos USB 2.0, el cable de impresora es compatible con USB 1.1 de velocidad completa y USB 1.0 de baja velocidad.<\/p>\n<p>Resistencia a la corrosi\u00f3n a\u00f1adida, puedes esperar a\u00f1os de excelente transmisi\u00f3n de se\u00f1al, conectores chapados en oro pulido aseguran la fiabilidad y eliminan la p\u00e9rdida de se\u00f1al y el ruido posible. La resistente cubierta de fibra trenzada de nailon y la carcasa de aluminio anodizado hacen que este cable sea m\u00e1s duradero, m\u00e1s flexible y m\u00e1s resistente que los normales. El dise\u00f1o del cable sin enredos elimina el agrupamiento, enredos y nudos. Junta moldeada sin costuras, contactos chapados en oro y resistencia de 56 k\u03a9 proporcionan una conductividad y estabilidad.<\/p>\n<p>Plug &amp; Play: Plug&amp;Play, no requiere software ni controladores, solo enchufe el conector macho USB tipo C en su computadora y el conector tipo B en su dispositivo de impresora u otro.<\/p>\n<p><strong>Nota:<\/strong><\/p>\n<p>El lado USB-C debe conectarse a un ordenador o port\u00e1til reci\u00e9n lanzado con puerto USB C o thunderbolt 3\/4, no funciona para conectar un smartphone o tableta Android USB-C directamente a la impresora, a menos que su tableta est\u00e9 funcionando bajo el sistema Windows. El cable no requiere ning\u00fan controlador o programa, pero es posible que la impresora o el esc\u00e1ner necesite instalar el controlador en el equipo.<\/p>\n","protected":false},"excerpt":{"rendered":"<p>Este cable USB tipo C a USB tipo B versi\u00f3n 2.0 de 1.80 metros le permite conectar dispositivos USB como impresora multifunci\u00f3n, l\u00e1ser o t\u00e9rmica, esc\u00e1ner de documentos de escritorio, discos duros externos, controlador MIDI, teclado MIDI u otro dispositivo legado de Arduino, Brother, Canon, CyberPower, Dell, Epson, Fujitsu, HP, LOGEAR, Lexmark, Panasonic, entre otros a su ordenador port\u00e1til o de escritorio. Adecuado para cualquier marca de impresora\/dispositivo que requiera conexi\u00f3n USB tipo C a tipo B. Alta velocidad para transferencia de datos: Hasta 480 Mbps transfiere velocidad de datos para dispositivos USB 2.0, el cable de impresora es compatible con USB 1.1 de velocidad completa y USB 1.0 de baja velocidad.<\/p>\n<ul>\n<li>Marca: NETCOM.<\/li>\n<li>Modelo: PE-CA0111.<\/li>\n<\/ul>\n<p>Marca 100% peruana, producto avalado por la garant\u00eda de NETCOM y con soporte t\u00e9cnico gratuito de por vida.<\/p>\n","protected":false},"featured_media":12128,"template":"","meta":[],"product_brand":[],"product_cat":[146,160],"product_tag":[],"class_list":{"0":"post-12127","1":"product","2":"type-product","3":"status-publish","4":"has-post-thumbnail","6":"product_cat-cables","7":"product_cat-cables-usb-3-0","10":"first","11":"instock","12":"shipping-taxable","13":"product-type-simple"},"_links":{"self":[{"href":"https:\/\/grupoplasma.com\/netcom\/wp-json\/wp\/v2\/product\/12127","targetHints":{"allow":["GET"]}}],"collection":[{"href":"https:\/\/grupoplasma.com\/netcom\/wp-json\/wp\/v2\/product"}],"about":[{"href":"https:\/\/grupoplasma.com\/netcom\/wp-json\/wp\/v2\/types\/product"}],"wp:featuredmedia":[{"embeddable":true,"href":"https:\/\/grupoplasma.com\/netcom\/wp-json\/wp\/v2\/media\/12128"}],"wp:attachment":[{"href":"https:\/\/grupoplasma.com\/netcom\/wp-json\/wp\/v2\/media?parent=12127"}],"wp:term":[{"taxonomy":"product_brand","embeddable":true,"href":"https:\/\/grupoplasma.com\/netcom\/wp-json\/wp\/v2\/product_brand?post=12127"},{"taxonomy":"product_cat","embeddable":true,"href":"https:\/\/grupoplasma.com\/netcom\/wp-json\/wp\/v2\/product_cat?post=12127"},{"taxonomy":"product_tag","embeddable":true,"href":"https:\/\/grupoplasma.com\/netcom\/wp-json\/wp\/v2\/product_tag?post=12127"}],"curies":[{"name":"wp","href":"https:\/\/api.w.org\/{rel}","templated":true}]}}