{"id":12108,"date":"2026-01-29T22:47:41","date_gmt":"2026-01-29T22:47:41","guid":{"rendered":"https:\/\/grupoplasma.com\/netcom\/?post_type=product&#038;p=12108"},"modified":"2026-01-30T21:40:45","modified_gmt":"2026-01-30T21:40:45","slug":"adaptador-mini-hdmi-a-hdmi-8k","status":"publish","type":"product","link":"https:\/\/grupoplasma.com\/netcom\/producto\/adaptador-mini-hdmi-a-hdmi-8k\/","title":{"rendered":"Adaptador Mini HDMI a HDMI 8K"},"content":{"rendered":"<p>Este cable adaptador Mini HDMI macho a HDMI hembra le permite utilizar un cable est\u00e1ndar HDMI macho a macho para conectar su tel\u00e9fono, tableta, c\u00e1mara digital, raspberry Pi y otros dispositivos con interfaz Mini HDMI a un HDTV, proyector o una pantalla de computadora con una interfaz HDMI. Con un conector HDMI est\u00e1ndar (tipo A) en un extremo y uno Mini HDMI (tipo D) macho en el otro, usted puede hacer esta conversi\u00f3n f\u00e1cilmente y conectarlo a monitores de PC, televisores de alta definici\u00f3n y proyectores HDMI virtualmente en cualquier lugar.<\/p>\n<p>El cable funciona con fuentes de video y pantallas 8K HDMI, lo cual garantiza que se mantiene una calidad impresionante de imagen. Admite 8K@60Hz, 4K@120Hz\/30Hz, 2K@120Hz, adem\u00e1s de transmisi\u00f3n CEC, HDR, UHD y Dolby 3D Full HD, tambi\u00e9n es retrocompatible con fuentes de video y pantallas de resoluci\u00f3n inferior. Compatible con resoluciones de alta definici\u00f3n de 4K, 1080p y 720p, garantiza la compatibilidad futura de su configuraci\u00f3n existente con video 8K. La robusta carcasa de aluminio, el enchufe chapado en oro y el triple blindaje garantizan una salida de video ininterrumpida, incluso con enchufes y desenchufes frecuentes. Dise\u00f1ado para estabilidad a largo plazo y claridad de video.<\/p>\n<p>Construido con conectores chapados en oro de primera calidad y una chaqueta trenzada de nailon de alta calidad, este cable Mini HDMI es m\u00e1s duradero y flexible, lo que garantiza una vida \u00fatil m\u00e1s larga. El blindaje m\u00faltiple protege contra la interferencia RF \/ EM, manteniendo una se\u00f1al clara con poca p\u00e9rdida de ancho de banda para un alto rendimiento.<\/p>\n","protected":false},"excerpt":{"rendered":"<p>Este cable adaptador Mini HDMI macho a HDMI hembra le permite utilizar un cable est\u00e1ndar HDMI macho a macho para conectar su tel\u00e9fono, tableta, c\u00e1mara digital, raspberry Pi y otros dispositivos con interfaz Mini HDMI a un HDTV, proyector o una pantalla de computadora con una interfaz HDMI. Con un conector HDMI est\u00e1ndar (tipo A) en un extremo y uno Mini HDMI (tipo D) macho en el otro, usted puede hacer esta conversi\u00f3n f\u00e1cilmente y conectarlo a monitores de PC, televisores de alta definici\u00f3n y proyectores HDMI virtualmente en cualquier lugar.<\/p>\n<ul>\n<li>Marca: NETCOM.<\/li>\n<li>Modelo: PE-MN1001.<\/li>\n<\/ul>\n<p>Marca 100% peruana, producto avalado por la garant\u00eda de NETCOM y con soporte t\u00e9cnico gratuito de por vida.<\/p>\n","protected":false},"featured_media":12109,"template":"","meta":[],"product_brand":[],"product_cat":[147,164],"product_tag":[],"class_list":{"0":"post-12108","1":"product","2":"type-product","3":"status-publish","4":"has-post-thumbnail","6":"product_cat-adaptadores","7":"product_cat-adaptadores-de-a-v","10":"first","11":"instock","12":"shipping-taxable","13":"product-type-simple"},"_links":{"self":[{"href":"https:\/\/grupoplasma.com\/netcom\/wp-json\/wp\/v2\/product\/12108","targetHints":{"allow":["GET"]}}],"collection":[{"href":"https:\/\/grupoplasma.com\/netcom\/wp-json\/wp\/v2\/product"}],"about":[{"href":"https:\/\/grupoplasma.com\/netcom\/wp-json\/wp\/v2\/types\/product"}],"wp:featuredmedia":[{"embeddable":true,"href":"https:\/\/grupoplasma.com\/netcom\/wp-json\/wp\/v2\/media\/12109"}],"wp:attachment":[{"href":"https:\/\/grupoplasma.com\/netcom\/wp-json\/wp\/v2\/media?parent=12108"}],"wp:term":[{"taxonomy":"product_brand","embeddable":true,"href":"https:\/\/grupoplasma.com\/netcom\/wp-json\/wp\/v2\/product_brand?post=12108"},{"taxonomy":"product_cat","embeddable":true,"href":"https:\/\/grupoplasma.com\/netcom\/wp-json\/wp\/v2\/product_cat?post=12108"},{"taxonomy":"product_tag","embeddable":true,"href":"https:\/\/grupoplasma.com\/netcom\/wp-json\/wp\/v2\/product_tag?post=12108"}],"curies":[{"name":"wp","href":"https:\/\/api.w.org\/{rel}","templated":true}]}}