{"id":12043,"date":"2026-01-15T00:06:12","date_gmt":"2026-01-15T00:06:12","guid":{"rendered":"https:\/\/grupoplasma.com\/netcom\/?post_type=product&#038;p=12043"},"modified":"2026-01-15T17:27:37","modified_gmt":"2026-01-15T17:27:37","slug":"cable-extension-usb-3-0-activo-de-10-metros","status":"publish","type":"product","link":"https:\/\/grupoplasma.com\/netcom\/producto\/cable-extension-usb-3-0-activo-de-10-metros\/","title":{"rendered":"Cable Extensi\u00f3n USB 3.0 Activo de 10 Metros"},"content":{"rendered":"<p>El cable activo USB 3.0 Tipo-A macho a Tipo-A hembra con amplificador (amplificador de chipset) es una soluci\u00f3n vers\u00e1til para ampliar el alcance de sus dispositivos USB. Con una impresionante longitud, este cable le permite colocar c\u00f3modamente perif\u00e9ricos, como impresoras, esc\u00e1neres, unidades de almacenamiento externas, unidades \u00f3pticas Blu-ray, vidrios VR, c\u00e1mara web, c\u00e1mara de videoconferencia, c\u00e1mara de vigilancia interior \/ exterior y otros dispositivos con interfaz USB a cierta distancia de su ordenador o port\u00e1til. Fabricado con materiales duraderos y con un elegante dise\u00f1o en negro, este cable alargador se integra a la perfecci\u00f3n en cualquier configuraci\u00f3n. Ya sea que necesite conectar dispositivos entre s\u00ed o simplemente desee un espacio de trabajo m\u00e1s organizado, este cable ofrece una soluci\u00f3n fiable y eficiente.<\/p>\n<p>Ofrece un ancho de banda USB 3.0 total de 5 Gbps, proporciona una excelente conductividad el\u00e9ctrica, haciendo que la transmisi\u00f3n de datos de alta velocidad sea r\u00e1pida, con un dise\u00f1o de cubierta completa del cabezal femenino, que es propicio para la protecci\u00f3n de la interfaz USB. El cable de extensi\u00f3n est\u00e1 fabricado con dise\u00f1o STP (&#8220;Shielded Twisted Pair&#8221;, pares de cables trenzados con blindaje), lo cual evita interferencias electromagn\u00e9ticas y garantiza una transmisi\u00f3n fiable de los datos.<\/p>\n<p>La combinaci\u00f3n de conectores chapados en oro, conductores de cobre desnudo, blindaje de l\u00e1mina y trenzado proporciona un rendimiento superior del cable y una transmisi\u00f3n de datos sin errores. Disfruta de una tasa de transferencia de datos SuperSpeed USB 3.0 a prueba de futuro de hasta 5Gbps, 10 veces m\u00e1s r\u00e1pida que USB 2.0.<\/p>\n<p>Disfrute de la flexibilidad de una conectividad extendida sin sacrificar el rendimiento ni la est\u00e9tica.<\/p>\n<p><strong>Caracter\u00edsticas:<\/strong><\/p>\n<p>* Longitud: 10 metros.<\/p>\n<p>* Conector chapado en oro y triple escudo.<\/p>\n<p>* N\u00facleo de cobre grueso esta\u00f1ado 28\/24AWG reduce la impedancia de transferencia y garantiza la transferencia de se\u00f1al\u00a0\u00a0 sin tartamudeo.<\/p>\n<p>* Triple blindado (l\u00e1mina\/trenza\/tierra) que proporciona la m\u00e1xima resistencia de EMI\/RFI y calidad de se\u00f1al superior. La estructura de cuatro n\u00facleos asegura que la se\u00f1al diferente no interfiera entre s\u00ed.<\/p>\n<p>* Carcasa de PVC ign\u00edfugo y aluminio de alta calidad lo que garantiza una alta durabilidad y flexibilidad.<\/p>\n<p>* Circuito amplificador integrado que potencia activamente la se\u00f1al USB.<\/p>\n<p>* Transferencia r\u00e1pida de datos: Transmisi\u00f3n m\u00e1xima de alta velocidad de 5Gbps.<\/p>\n<p>* Plug and Play, no se requieren controladores en ning\u00fan sistema operativo, incluyendo Windows, Mac OS, Linux, Chrome OS, etc.<\/p>\n<p>* Ampliamente compatible con la mayor\u00eda de dispositivos perif\u00e9ricos USB como Oculus Rift, HTC Vive, consola de juegos, Xbox 360 un controlador PS4, adaptador de red inal\u00e1mbrico, adaptador de red 3G, receptor Wifi, c\u00e1mara Xbox 360 Kinect y PS3 Eye, impresora, esc\u00e1ner, c\u00e1mara web, c\u00e1maras de videoconferencia, adaptador de pantalla USB, rat\u00f3n, unidad flash USB, auriculares USB, altavoz y otros perif\u00e9ricos de ordenador USB.<\/p>\n<p>* Soporte de c\u00e1maras web y videoconferencia equipados con USB 3.0.<\/p>\n<p>* Es f\u00e1cil para este cable ser movido y extendido a un lugar deseado.<\/p>\n<p><strong>Notas:<\/strong><\/p>\n<ol>\n<li>Tanto los dispositivos de origen como los dispositivos de destino deben admitir el protocolo USB 3.0.<\/li>\n<li>Antes de su uso, utilice la fuente de alimentaci\u00f3n de CC de 5 V\/2 A como fuente de alimentaci\u00f3n externa, para reducir la p\u00e9rdida de se\u00f1al durante la transmisi\u00f3n de larga distancia (cargador de CC no incluido).<\/li>\n<\/ol>\n","protected":false},"excerpt":{"rendered":"<p>El cable activo USB 3.0 Tipo-A macho a Tipo-A hembra con amplificador (amplificador de chipset) es una soluci\u00f3n vers\u00e1til para ampliar el alcance de sus dispositivos USB. Con una impresionante longitud, este cable le permite colocar c\u00f3modamente perif\u00e9ricos, como impresoras, esc\u00e1neres, unidades de almacenamiento externas, unidades \u00f3pticas Blu-ray, vidrios VR, c\u00e1mara web, c\u00e1mara de videoconferencia, c\u00e1mara de vigilancia interior \/ exterior y otros dispositivos con interfaz USB a cierta distancia de su ordenador o port\u00e1til.<\/p>\n<ul>\n<li>Marca: NETCOM.<\/li>\n<li>Modelo: PE-EX0110.<\/li>\n<\/ul>\n<p>Marca 100% peruana, producto avalado por la garant\u00eda de NETCOM y con soporte t\u00e9cnico gratuito de por vida.<\/p>\n","protected":false},"featured_media":12048,"template":"","meta":[],"product_brand":[],"product_cat":[146,160],"product_tag":[],"class_list":{"0":"post-12043","1":"product","2":"type-product","3":"status-publish","4":"has-post-thumbnail","6":"product_cat-cables","7":"product_cat-cables-usb-3-0","10":"first","11":"instock","12":"shipping-taxable","13":"product-type-simple"},"_links":{"self":[{"href":"https:\/\/grupoplasma.com\/netcom\/wp-json\/wp\/v2\/product\/12043","targetHints":{"allow":["GET"]}}],"collection":[{"href":"https:\/\/grupoplasma.com\/netcom\/wp-json\/wp\/v2\/product"}],"about":[{"href":"https:\/\/grupoplasma.com\/netcom\/wp-json\/wp\/v2\/types\/product"}],"wp:featuredmedia":[{"embeddable":true,"href":"https:\/\/grupoplasma.com\/netcom\/wp-json\/wp\/v2\/media\/12048"}],"wp:attachment":[{"href":"https:\/\/grupoplasma.com\/netcom\/wp-json\/wp\/v2\/media?parent=12043"}],"wp:term":[{"taxonomy":"product_brand","embeddable":true,"href":"https:\/\/grupoplasma.com\/netcom\/wp-json\/wp\/v2\/product_brand?post=12043"},{"taxonomy":"product_cat","embeddable":true,"href":"https:\/\/grupoplasma.com\/netcom\/wp-json\/wp\/v2\/product_cat?post=12043"},{"taxonomy":"product_tag","embeddable":true,"href":"https:\/\/grupoplasma.com\/netcom\/wp-json\/wp\/v2\/product_tag?post=12043"}],"curies":[{"name":"wp","href":"https:\/\/api.w.org\/{rel}","templated":true}]}}