{"id":11942,"date":"2025-12-17T23:39:14","date_gmt":"2025-12-17T23:39:14","guid":{"rendered":"https:\/\/grupoplasma.com\/netcom\/?post_type=product&#038;p=11942"},"modified":"2026-01-04T00:42:41","modified_gmt":"2026-01-04T00:42:41","slug":"cable-poder-cee-7-16-ue-a-iec-60320-c7-de-1-80-metros","status":"publish","type":"product","link":"https:\/\/grupoplasma.com\/netcom\/producto\/cable-poder-cee-7-16-ue-a-iec-60320-c7-de-1-80-metros\/","title":{"rendered":"Cable Poder Enchufe UE a C7 de 1.80 Metros"},"content":{"rendered":"<p>Este cable de alimentaci\u00f3n universal de 1.80 metros con conectores <span class=\"_aupe copyable-text xkrh14z\"> CEE 7\/16 UE a IEC 60320 C7<\/span> es adecuado para el uso en estaciones de trabajo\/oficinas dom\u00e9sticas, cuenta con un cable de 18 AWG que es adecuado para conexiones de alta potencia de hasta 6 AMP a 220 &#8211; 250VAC, lo que lo hace perfecto para equipos de servidor de gama alta como impresoras, esc\u00e1ner, routers, conmutadores, unidades de distribuci\u00f3n de energ\u00eda (PDU), monitores, CPU, etc. Conectores de alivio de tensi\u00f3n moldeados para mayor durabilidad, cable de alimentaci\u00f3n de 2 conductores fabricado con alambre 100% de cobre. Este cable con conectores UE a C7 funciona con la mayor\u00eda de los ordenadores de sobremesa y con muchos servidores, PDU, monitores, esc\u00e1neres, impresoras, etc. El cable de alimentaci\u00f3n de 2 conductores est\u00e1 dise\u00f1ado y fabricado de materiales duraderos, con alambre de cobre 100%, certificado por la CE, con caracter\u00edsticas de protecci\u00f3n contra voltaje incorrecto, cortocircuito y sobrecalentamiento interno.<\/p>\n<p><strong>Especificaciones t\u00e9cnicas<\/strong><\/p>\n<p>Longitud: 1.80 metros<\/p>\n<p>Color: Negro<\/p>\n<p>Funda exterior: Cloruro de polivinilo (PVC)<\/p>\n<p>Conector 1: <span class=\"_aupe copyable-text xkrh14z\">CEE 7\/16 <\/span>UE<\/p>\n<p>Conector 2: <span class=\"_aupe copyable-text xkrh14z\">IEC 60320 C7<\/span><\/p>\n<p>Cables internos: 2 x 18AWG<\/p>\n<p>Di\u00e1metro exterior: OD 6.8 mm\u00b2<\/p>\n<p>Rango de temperatura: 3\u00b0C a 75\u00b0C<\/p>\n<p>Corriente m\u00e1x: 6 AMP<\/p>\n<p>Tensi\u00f3n m\u00e1x: 250 VAC<\/p>\n","protected":false},"excerpt":{"rendered":"<p>Este cable de alimentaci\u00f3n universal de 1.80 metros con conectores UE a C7 es adecuado para el uso en estaciones de trabajo\/oficinas dom\u00e9sticas, cuenta con un cable de 18 AWG que es adecuado para conexiones de alta potencia de hasta 6 AMP a 220 &#8211; 250VAC, lo que lo hace perfecto para equipos de servidor de gama alta como impresoras, esc\u00e1ner, routers, conmutadores, unidades de distribuci\u00f3n de energ\u00eda (PDU), monitores, CPU, etc. Conectores de alivio de tensi\u00f3n moldeados para mayor durabilidad, cable de alimentaci\u00f3n de 2 conductores fabricado con alambre 100% de cobre.<\/p>\n<ul>\n<li>Marca: NETCOM.<\/li>\n<li>Modelo: PE-PW0092.<\/li>\n<\/ul>\n<p>Marca 100% peruana, producto avalado por la garant\u00eda de NETCOM y con soporte t\u00e9cnico gratuito de por vida.<\/p>\n","protected":false},"featured_media":11943,"template":"","meta":[],"product_brand":[],"product_cat":[120],"product_tag":[],"class_list":{"0":"post-11942","1":"product","2":"type-product","3":"status-publish","4":"has-post-thumbnail","6":"product_cat-ofertas","9":"first","10":"instock","11":"shipping-taxable","12":"product-type-simple"},"_links":{"self":[{"href":"https:\/\/grupoplasma.com\/netcom\/wp-json\/wp\/v2\/product\/11942","targetHints":{"allow":["GET"]}}],"collection":[{"href":"https:\/\/grupoplasma.com\/netcom\/wp-json\/wp\/v2\/product"}],"about":[{"href":"https:\/\/grupoplasma.com\/netcom\/wp-json\/wp\/v2\/types\/product"}],"wp:featuredmedia":[{"embeddable":true,"href":"https:\/\/grupoplasma.com\/netcom\/wp-json\/wp\/v2\/media\/11943"}],"wp:attachment":[{"href":"https:\/\/grupoplasma.com\/netcom\/wp-json\/wp\/v2\/media?parent=11942"}],"wp:term":[{"taxonomy":"product_brand","embeddable":true,"href":"https:\/\/grupoplasma.com\/netcom\/wp-json\/wp\/v2\/product_brand?post=11942"},{"taxonomy":"product_cat","embeddable":true,"href":"https:\/\/grupoplasma.com\/netcom\/wp-json\/wp\/v2\/product_cat?post=11942"},{"taxonomy":"product_tag","embeddable":true,"href":"https:\/\/grupoplasma.com\/netcom\/wp-json\/wp\/v2\/product_tag?post=11942"}],"curies":[{"name":"wp","href":"https:\/\/api.w.org\/{rel}","templated":true}]}}