{"id":11766,"date":"2025-10-24T21:57:22","date_gmt":"2025-10-24T21:57:22","guid":{"rendered":"https:\/\/grupoplasma.com\/netcom\/?post_type=product&#038;p=11766"},"modified":"2025-10-24T21:57:22","modified_gmt":"2025-10-24T21:57:22","slug":"extractor-de-audio-hdmi-version-2-1","status":"publish","type":"product","link":"https:\/\/grupoplasma.com\/netcom\/producto\/extractor-de-audio-hdmi-version-2-1\/","title":{"rendered":"Extractor de Audio HDMI Versi\u00f3n 2.1"},"content":{"rendered":"<p>Este divisor u extractor de audio se puede conectar entre el dispositivo fuente (reproductor de DVD, reproductor de Blu-ray, reproductor de red, decodificador, PS2, PS3, PS4, PS5, Xbox360, PC, etc.) y el dispositivo de visualizaci\u00f3n (TV, HD monitor, proyector), puede separar sincr\u00f3nicamente una se\u00f1al de fibra \u00f3ptica y conectar un canal est\u00e9reo al sistema de sonido para obtener se\u00f1ales de audio de alta calidad. Tambi\u00e9n admite la funci\u00f3n de extracci\u00f3n de audio. AUDIO OUT HDMI compatible con eARC (canal de Retorno de Audio mejorado) y todos los formatos de TV 3D adem\u00e1s de todos los formatos HDTV de hasta 8K@60Hz,4K x 2K @ 144Hz RGB 4:4:4, 8\/10\/12 bit color profundo y los formatos de audio como AC-3, DTS, LPCM.<\/p>\n<p><strong>Especificaciones:<\/strong><\/p>\n<ol>\n<li>Extractor de audio HDMI 2,1: extraiga audio HDMI completo de cualquier se\u00f1al de fuente HDMI y pase 8K o HDR el video a una pantalla\/TV compatible y salida de audio HDMI A receptor AV\/barra de sonido\/amplificador con entrada HDMI y obtenga capacidades completas de eARC en su receptor AV. No extraer\u00e1 eARC a su Soundbar.<\/li>\n<li>Soporte 8K Ultra HD-HDMI 2,1 (48Gbps), compatible con HDCP 2,3, admite resoluciones de hasta 8K @ 60Hz, 4K @ 144Hz, 4K @ 50\/60Hz (YUV 4:4:4) HDR, compatible con DVI. Convierta el audio TV eARC\/ARC a cualquier sistema de audio de entrada HDMI: extraiga el audio completo de su fuente HDMI 4K, como un decodificador de cable o un sistema de juegos y env\u00ede el VIDEO 4K HDR al televisor y disfruta del audio completo del cine en casa con tu antiguo receptor de audio HDMI.<\/li>\n<li>Salida dedicada de solo audio HDMI para conectar a un receptor AV compatible con Dolby Atmos, Dolby True HD, Dolby Digital, DTS Digital, DTS HD Master, Dolby\/DTS 7,1 y 5.1CH, audio est\u00e9reo PCM7.1 y 5,1 y 2,0) Compatible con VRR, ALLM, QMS, QFT, SBTM, como se especifica en HDMI 2,1.<\/li>\n<li>Soporte de modo eARC: extraiga el Retorno de Audio del puerto ARC o eARC en TV\/Display y env\u00ede audio HDMI solo a un receptor AV que no sea ARC o a la barra de sonido eARC para una experiencia de audio completa. Extractor de audio ARC de un televisor ARC\/eARC.<\/li>\n<\/ol>\n<p><strong>Caracter\u00edsticas:<\/strong><\/p>\n<p>Puertos de entrada &#8230;&#8230;&#8230;&#8230;&#8230;&#8230;&#8230;&#8230;&#8230;&#8230;&#8230;&#8230;&#8230;&#8230;&#8230;&#8230;&#8230;&#8230; 1 HDMI.<\/p>\n<p>Puerto de salida &#8230;&#8230;&#8230;&#8230;&#8230;&#8230;&#8230;&#8230;&#8230;&#8230;&#8230;&#8230;&#8230;&#8230;&#8230;&#8230;&#8230;&#8230;&#8230;.. 2 HDMI,1 salida HDMI de audio compatible con la funci\u00f3n ARC\/eARC + 1 HDMI de video 8K@60Hz.<\/p>\n<p>Soporte de audio &#8230;&#8230;&#8230;&#8230;&#8230;&#8230;&#8230;&#8230;&#8230;&#8230;&#8230;&#8230;&#8230;&#8230;&#8230;&#8230;&#8230;&#8230;&#8230;. LPCM 7 .1CH,Dolby TrueHD y DTS-HD Master Audio.<\/p>\n<p>Resoluci\u00f3n de v\u00eddeo &#8230;&#8230;&#8230;&#8230;&#8230;&#8230;&#8230;&#8230;&#8230;&#8230;&#8230;&#8230;&#8230;&#8230;&#8230;&#8230;&#8230;.. hasta 8K @ 60Hz, 4K @ 144Hz, 4K @ 50\/60Hz (YUV 4:4:4) HDR.<\/p>\n<p>Soporte de cable Entrada\/salida HDMI &#8230;&#8230;&#8230;&#8230;&#8230;&#8230;&#8230;&#8230;. 8K@60Hz \/ 4K@144Hz: menos de 3 metros; 4K@60Hz: menos de 5 metros.<\/p>\n<p>Temperatura de funcionamiento &#8230;&#8230;&#8230;&#8230;&#8230;&#8230;&#8230;&#8230;&#8230;&#8230;&#8230;.. 0 C a 40 C\/ 32Fto 104F.<\/p>\n<p>Temperatura de almacenamiento &#8230;&#8230;&#8230;&#8230;&#8230;&#8230;&#8230;&#8230;&#8230;&#8230;&#8230; &#8211; 20 C a 6 C\/ -4F a 104F.<\/p>\n","protected":false},"excerpt":{"rendered":"<p>Este divisor u extractor de audio se puede conectar entre el dispositivo fuente (reproductor de DVD, reproductor de Blu-ray, reproductor de red, decodificador, PS2, PS3, PS4, PS5, Xbox360, PC, etc.) y el dispositivo de visualizaci\u00f3n (TV, HD monitor, proyector), puede separar sincr\u00f3nicamente una se\u00f1al de fibra \u00f3ptica y conectar un canal est\u00e9reo al sistema de sonido para obtener se\u00f1ales de audio de alta calidad. Tambi\u00e9n admite la funci\u00f3n de extracci\u00f3n de audio. AUDIO OUT HDMI compatible con eARC (canal de Retorno de Audio mejorado) y todos los formatos de TV 3D adem\u00e1s de todos los formatos HDTV de hasta 8K@60Hz,4K x 2K @ 144Hz RGB 4:4:4, 8\/10\/12 bit color profundo y los formatos de audio como AC-3, DTS, LPCM.<\/p>\n<ul>\n<li>Marca: NETCOM.<\/li>\n<li>Modelo: PE-EL0320.<\/li>\n<\/ul>\n<p>Marca 100% peruana, producto avalado por la garant\u00eda de NETCOM y con soporte t\u00e9cnico gratuito de por vida.<\/p>\n","protected":false},"featured_media":11767,"template":"","meta":[],"product_brand":[],"product_cat":[169,148],"product_tag":[],"class_list":{"0":"post-11766","1":"product","2":"type-product","3":"status-publish","4":"has-post-thumbnail","6":"product_cat-accesorios","7":"product_cat-novedades","10":"first","11":"instock","12":"shipping-taxable","13":"product-type-simple"},"_links":{"self":[{"href":"https:\/\/grupoplasma.com\/netcom\/wp-json\/wp\/v2\/product\/11766","targetHints":{"allow":["GET"]}}],"collection":[{"href":"https:\/\/grupoplasma.com\/netcom\/wp-json\/wp\/v2\/product"}],"about":[{"href":"https:\/\/grupoplasma.com\/netcom\/wp-json\/wp\/v2\/types\/product"}],"wp:featuredmedia":[{"embeddable":true,"href":"https:\/\/grupoplasma.com\/netcom\/wp-json\/wp\/v2\/media\/11767"}],"wp:attachment":[{"href":"https:\/\/grupoplasma.com\/netcom\/wp-json\/wp\/v2\/media?parent=11766"}],"wp:term":[{"taxonomy":"product_brand","embeddable":true,"href":"https:\/\/grupoplasma.com\/netcom\/wp-json\/wp\/v2\/product_brand?post=11766"},{"taxonomy":"product_cat","embeddable":true,"href":"https:\/\/grupoplasma.com\/netcom\/wp-json\/wp\/v2\/product_cat?post=11766"},{"taxonomy":"product_tag","embeddable":true,"href":"https:\/\/grupoplasma.com\/netcom\/wp-json\/wp\/v2\/product_tag?post=11766"}],"curies":[{"name":"wp","href":"https:\/\/api.w.org\/{rel}","templated":true}]}}