{"id":11704,"date":"2025-10-17T20:38:50","date_gmt":"2025-10-17T20:38:50","guid":{"rendered":"https:\/\/grupoplasma.com\/netcom\/?post_type=product&#038;p=11704"},"modified":"2025-10-17T20:38:50","modified_gmt":"2025-10-17T20:38:50","slug":"cable-adaptador-hdmi-a-displayport-de-1-80-metros","status":"publish","type":"product","link":"https:\/\/grupoplasma.com\/netcom\/producto\/cable-adaptador-hdmi-a-displayport-de-1-80-metros\/","title":{"rendered":"Cable Adaptador HDMI a DisplayPort de 1.80 Metros"},"content":{"rendered":"<p>Este cable adaptador HDMI a DisplayPort de 1.80 metros con alimentaci\u00f3n por USB le permite conectar una fuente de v\u00eddeo HDMI, como su ordenador port\u00e1til, ordenador de sobremesa, reproductor Blu-ray\u2122 o c\u00e1mara, a un monitor o proyector DisplayPort, sin necesidad de cables de v\u00eddeo adicionales, incluye conectores macho que le permiten la conexi\u00f3n de su fuente de v\u00eddeo directamente con la pantalla, sin necesidad de adaptadores o cables adicionales.<\/p>\n<p>Soporta resoluciones Ultra HD 4K a 60Hz, por lo que obtendr\u00e1 una imagen n\u00edtida y definida que es m\u00e1s rica y m\u00e1s real que la alta definici\u00f3n tradicional, con mucho m\u00e1s detalle. El cable adaptador HDMI a DisplayPort permite la transmisi\u00f3n de contenido Ultra HD a su monitor DisplayPort y admite audio envolvente de 7.1 canales. El adaptador es retrocompatible con pantallas 1080p y 1440p, lo cual lo convierte en un accesorio ideal para preparar su configuraci\u00f3n 4K existente a prueba de futuro.<\/p>\n<p>El cable conversor activo HDMI 2.0 a DisplayPort 1.3 ofrece una f\u00e1cil configuraci\u00f3n plug-and-play, sin necesidad de instalar software ni controladores solo utiliza un puerto USB para la alimentaci\u00f3n, y evitar as\u00ed la necesidad de adaptadores de alimentaci\u00f3n adicionales.<\/p>\n","protected":false},"excerpt":{"rendered":"<p>Este cable adaptador HDMI a DisplayPort de 1.80 metros con alimentaci\u00f3n por USB le permite conectar una fuente de v\u00eddeo HDMI, como su ordenador port\u00e1til, ordenador de sobremesa, reproductor Blu-ray\u2122 o c\u00e1mara, a un monitor o proyector DisplayPort, sin necesidad de cables de v\u00eddeo adicionales, incluye conectores macho que le permiten la conexi\u00f3n de su fuente de v\u00eddeo directamente con la pantalla, sin necesidad de adaptadores o cables adicionales.<\/p>\n<ul>\n<li>Marca: NETCOM.<\/li>\n<li>Modelo: PE-DP0196.<\/li>\n<\/ul>\n<p>Marca 100% peruana, producto avalado por la garant\u00eda de NETCOM y con soporte t\u00e9cnico gratuito de por vida.<\/p>\n","protected":false},"featured_media":11705,"template":"","meta":[],"product_brand":[],"product_cat":[147,164],"product_tag":[],"class_list":{"0":"post-11704","1":"product","2":"type-product","3":"status-publish","4":"has-post-thumbnail","6":"product_cat-adaptadores","7":"product_cat-adaptadores-de-a-v","10":"first","11":"instock","12":"shipping-taxable","13":"product-type-simple"},"_links":{"self":[{"href":"https:\/\/grupoplasma.com\/netcom\/wp-json\/wp\/v2\/product\/11704","targetHints":{"allow":["GET"]}}],"collection":[{"href":"https:\/\/grupoplasma.com\/netcom\/wp-json\/wp\/v2\/product"}],"about":[{"href":"https:\/\/grupoplasma.com\/netcom\/wp-json\/wp\/v2\/types\/product"}],"wp:featuredmedia":[{"embeddable":true,"href":"https:\/\/grupoplasma.com\/netcom\/wp-json\/wp\/v2\/media\/11705"}],"wp:attachment":[{"href":"https:\/\/grupoplasma.com\/netcom\/wp-json\/wp\/v2\/media?parent=11704"}],"wp:term":[{"taxonomy":"product_brand","embeddable":true,"href":"https:\/\/grupoplasma.com\/netcom\/wp-json\/wp\/v2\/product_brand?post=11704"},{"taxonomy":"product_cat","embeddable":true,"href":"https:\/\/grupoplasma.com\/netcom\/wp-json\/wp\/v2\/product_cat?post=11704"},{"taxonomy":"product_tag","embeddable":true,"href":"https:\/\/grupoplasma.com\/netcom\/wp-json\/wp\/v2\/product_tag?post=11704"}],"curies":[{"name":"wp","href":"https:\/\/api.w.org\/{rel}","templated":true}]}}