{"id":11666,"date":"2025-10-11T21:48:35","date_gmt":"2025-10-11T21:48:35","guid":{"rendered":"https:\/\/grupoplasma.com\/netcom\/?post_type=product&#038;p=11666"},"modified":"2025-10-11T21:48:35","modified_gmt":"2025-10-11T21:48:35","slug":"adaptador-premium-displayport-a-hdmi","status":"publish","type":"product","link":"https:\/\/grupoplasma.com\/netcom\/producto\/adaptador-premium-displayport-a-hdmi\/","title":{"rendered":"Adaptador Premium DisplayPort a HDMI"},"content":{"rendered":"<p>Este adaptador DisplayPort a HDMI\u00ae le permitir\u00e1 enviar video y audio a su Smart TV, Monitor u Proyector con entrada HDMI desde cualquier dispositivo con salida DisplayPort, compatible con resoluciones Ultra HD 4K a 60Hz. El adaptador le permite aprovechar al m\u00e1ximo las capacidades de video integradas en su conexi\u00f3n DisplayPort, con el fin de ofrecer la asombrosa calidad de im\u00e1genes UHD a su pantalla 4K@60Hz, esto facilita el trabajo multitarea, ya que se utilizan varios monitores para trabajar con aplicaciones que requieren un uso intensivo de recursos.<\/p>\n<p>Para garantizar la compatibilidad con cualquier salida DisplayPort, el adaptador ofrece conversi\u00f3n activa, la cual se requiere para mantener resoluciones 4K@60Hz al convertir DisplayPort a HDMI.<\/p>\n<p>El adaptador es retrocompatible con pantallas 1080p, lo cual garantiza que funcionar\u00e1 con pantallas de menor resoluci\u00f3n, como proyectores o televisores dom\u00e9sticos o de su oficina.<\/p>\n<p>Para una f\u00e1cil configuraci\u00f3n, el adaptador DisplayPort a HDMI se instala mediante el sencillo sistema plug-and-play, que no requiere software ni controladores adicionales. Soporta cable HDMI hasta un m\u00e1ximo de 10 metros.<\/p>\n<p>N<strong>ota:<\/strong> Para lograr una resoluci\u00f3n 4K@60Hz, se requiere una salida DisplayPort 1.2 o posterior y una pantalla HDMI 2.0.<\/p>\n","protected":false},"excerpt":{"rendered":"<p>Este adaptador DisplayPort a HDMI\u00ae le permitir\u00e1 enviar video y audio a su Smart TV, Monitor u Proyector con entrada HDMI desde cualquier dispositivo con salida DisplayPort, compatible con resoluciones Ultra HD 4K a 60Hz. El adaptador le permite aprovechar al m\u00e1ximo las capacidades de video integradas en su conexi\u00f3n DisplayPort, con el fin de ofrecer la asombrosa calidad de im\u00e1genes UHD a su pantalla 4K@60Hz, esto facilita el trabajo multitarea, ya que se utilizan varios monitores para trabajar con aplicaciones que requieren un uso intensivo de recursos.<\/p>\n<ul>\n<li>Marca: NETCOM.<\/li>\n<li>Modelo: DP0185.<\/li>\n<\/ul>\n<p>Marca 100% peruana, producto avalado por la garant\u00eda de NETCOM y con soporte t\u00e9cnico gratuito de por vida.<\/p>\n","protected":false},"featured_media":11667,"template":"","meta":[],"product_brand":[],"product_cat":[147,164],"product_tag":[],"class_list":{"0":"post-11666","1":"product","2":"type-product","3":"status-publish","4":"has-post-thumbnail","6":"product_cat-adaptadores","7":"product_cat-adaptadores-de-a-v","10":"first","11":"instock","12":"shipping-taxable","13":"product-type-simple"},"_links":{"self":[{"href":"https:\/\/grupoplasma.com\/netcom\/wp-json\/wp\/v2\/product\/11666","targetHints":{"allow":["GET"]}}],"collection":[{"href":"https:\/\/grupoplasma.com\/netcom\/wp-json\/wp\/v2\/product"}],"about":[{"href":"https:\/\/grupoplasma.com\/netcom\/wp-json\/wp\/v2\/types\/product"}],"wp:featuredmedia":[{"embeddable":true,"href":"https:\/\/grupoplasma.com\/netcom\/wp-json\/wp\/v2\/media\/11667"}],"wp:attachment":[{"href":"https:\/\/grupoplasma.com\/netcom\/wp-json\/wp\/v2\/media?parent=11666"}],"wp:term":[{"taxonomy":"product_brand","embeddable":true,"href":"https:\/\/grupoplasma.com\/netcom\/wp-json\/wp\/v2\/product_brand?post=11666"},{"taxonomy":"product_cat","embeddable":true,"href":"https:\/\/grupoplasma.com\/netcom\/wp-json\/wp\/v2\/product_cat?post=11666"},{"taxonomy":"product_tag","embeddable":true,"href":"https:\/\/grupoplasma.com\/netcom\/wp-json\/wp\/v2\/product_tag?post=11666"}],"curies":[{"name":"wp","href":"https:\/\/api.w.org\/{rel}","templated":true}]}}