{"id":11633,"date":"2025-09-26T22:29:31","date_gmt":"2025-09-26T22:29:31","guid":{"rendered":"https:\/\/grupoplasma.com\/netcom\/?post_type=product&#038;p=11633"},"modified":"2025-09-26T22:30:00","modified_gmt":"2025-09-26T22:30:00","slug":"conector-keystone-hdmi-version-2-1","status":"publish","type":"product","link":"https:\/\/grupoplasma.com\/netcom\/producto\/conector-keystone-hdmi-version-2-1\/","title":{"rendered":"Conector Keystone HDMI Versi\u00f3n 2.1"},"content":{"rendered":"<p>Estos acoples Keystone HDMI versi\u00f3n 2.1 encajan f\u00e1cilmente en cajas para pared y no requieren de otra instalaci\u00f3n m\u00e1s que conectar cables HDMI (para instalaciones dentro de muros, se necesitan cables CL2 o alg\u00fan otro calificado para estar dentro del muro). Ordena tu cuarto de cine o conecta habitaciones contiguas f\u00e1cilmente. Disfrute de una claridad impresionante con el acoplador HDMI, compatible con 8K@60Hz y 4K @120Hz a un ancho de banda ultrarr\u00e1pido de 48Gbps. La compatibilidad HDMI 2.1 garantiza im\u00e1genes fluidas con Dynamic HDR, eARC, Dolby Vision, ALLM y VRR. El dise\u00f1o en l\u00ednea de 180\u00b0 garantiza una sujeci\u00f3n segura para un cableado fiable y extendido. Los puertos HDMI hembra dobles extienden las se\u00f1ales sin p\u00e9rdidas. El clip a presi\u00f3n se ajusta perfectamente a placas de pared Keystone o paneles de parche (se venden por separado).<\/p>\n<p>Larga duraci\u00f3n y compacto, multiescenario, el conector HDMI 8K keystone puerto cuenta con conectores chapados en oro y carcasa de ABS que resiste la oxidaci\u00f3n, el impacto y el desgaste. Compacto para espacios reducidos, ideal para cine en casa, juegos, oficinas y configuraciones profesionales.<\/p>\n<p>Soporta televisores, proyectores, consolas de juegos, computadoras port\u00e1tiles, Blu-ray y reproductores de streaming. El dise\u00f1o simple de Keystone permite una r\u00e1pida desconexi\u00f3n y reubicaci\u00f3n. Compatible con HDMI 2.1\/2.0\/1.4 para un uso perfecto.<\/p>\n","protected":false},"excerpt":{"rendered":"<p>Estos acoples Keystone HDMI versi\u00f3n 2.1 encajan f\u00e1cilmente en cajas para pared y no requieren de otra instalaci\u00f3n m\u00e1s que conectar cables HDMI (para instalaciones dentro de muros, se necesitan cables CL2 o alg\u00fan otro calificado para estar dentro del muro). Ordena tu cuarto de cine o conecta habitaciones contiguas f\u00e1cilmente. Disfrute de una claridad impresionante con el acoplador HDMI, compatible con 8K@60Hz y 4K @120Hz a un ancho de banda ultrarr\u00e1pido de 48Gbps. La compatibilidad HDMI 2.1 garantiza im\u00e1genes fluidas con Dynamic HDR, eARC, Dolby Vision, ALLM y VRR. El dise\u00f1o en l\u00ednea de 180\u00b0 garantiza una sujeci\u00f3n segura para un cableado fiable y extendido. Los puertos HDMI hembra dobles extienden las se\u00f1ales sin p\u00e9rdidas. El clip a presi\u00f3n se ajusta perfectamente a placas de pared Keystone o paneles de parche (se venden por separado).<\/p>\n<ul>\n<li>Marca: NETCOM.<\/li>\n<li>Modelo: PE-ADH020.<br \/>\nMarca 100% peruana, producto avalado por la garant\u00eda de NETCOM y con soporte t\u00e9cnico gratuito de por vida.<\/li>\n<\/ul>\n","protected":false},"featured_media":11634,"template":"","meta":[],"product_brand":[],"product_cat":[169,147],"product_tag":[],"class_list":{"0":"post-11633","1":"product","2":"type-product","3":"status-publish","4":"has-post-thumbnail","6":"product_cat-accesorios","7":"product_cat-adaptadores","10":"first","11":"instock","12":"shipping-taxable","13":"product-type-simple"},"_links":{"self":[{"href":"https:\/\/grupoplasma.com\/netcom\/wp-json\/wp\/v2\/product\/11633","targetHints":{"allow":["GET"]}}],"collection":[{"href":"https:\/\/grupoplasma.com\/netcom\/wp-json\/wp\/v2\/product"}],"about":[{"href":"https:\/\/grupoplasma.com\/netcom\/wp-json\/wp\/v2\/types\/product"}],"wp:featuredmedia":[{"embeddable":true,"href":"https:\/\/grupoplasma.com\/netcom\/wp-json\/wp\/v2\/media\/11634"}],"wp:attachment":[{"href":"https:\/\/grupoplasma.com\/netcom\/wp-json\/wp\/v2\/media?parent=11633"}],"wp:term":[{"taxonomy":"product_brand","embeddable":true,"href":"https:\/\/grupoplasma.com\/netcom\/wp-json\/wp\/v2\/product_brand?post=11633"},{"taxonomy":"product_cat","embeddable":true,"href":"https:\/\/grupoplasma.com\/netcom\/wp-json\/wp\/v2\/product_cat?post=11633"},{"taxonomy":"product_tag","embeddable":true,"href":"https:\/\/grupoplasma.com\/netcom\/wp-json\/wp\/v2\/product_tag?post=11633"}],"curies":[{"name":"wp","href":"https:\/\/api.w.org\/{rel}","templated":true}]}}