{"id":11619,"date":"2025-09-25T22:47:50","date_gmt":"2025-09-25T22:47:50","guid":{"rendered":"https:\/\/grupoplasma.com\/netcom\/?post_type=product&#038;p=11619"},"modified":"2025-09-25T22:47:50","modified_gmt":"2025-09-25T22:47:50","slug":"conector-plug-rj45-cat5","status":"publish","type":"product","link":"https:\/\/grupoplasma.com\/netcom\/producto\/conector-plug-rj45-cat5\/","title":{"rendered":"Conector \/ Plug RJ45 Cat5"},"content":{"rendered":"<p>Estos conectores de crimpado 8P8C RJ45 est\u00e1n dise\u00f1ados para una instalaci\u00f3n r\u00e1pida y confiable del cable Cat5\/5e. Son una buena soluci\u00f3n para la construcci\u00f3n de cables de red de longitud personalizada y para uso personal. Los contactos est\u00e1n chapados en oro para evitar la corrosi\u00f3n y evitar problemas de conectividad durante la vida \u00fatil del cable.<\/p>\n<p>El paquete incluye 100 piezas de conectores chapados en oro. Conector de red de enchufe modular RJ45 para UTP, Cat5, Cat5e, cabezales de cable de red s\u00f3lidos \/ trenzados.<\/p>\n","protected":false},"excerpt":{"rendered":"<p>Estos conectores de crimpado 8P8C RJ45 est\u00e1n dise\u00f1ados para una instalaci\u00f3n r\u00e1pida y confiable del cable Cat5\/5e. Son una buena soluci\u00f3n para la construcci\u00f3n de cables de red de longitud personalizada y para uso personal. Los contactos est\u00e1n chapados en oro para evitar la corrosi\u00f3n y evitar problemas de conectividad durante la vida \u00fatil del cable.<\/p>\n<p>&nbsp;<\/p>\n<ul>\n<li>Marca: NETCOM.<\/li>\n<li>Modelo: PE-NC0028.<br \/>\nMarca 100% peruana, producto avalado por la garant\u00eda de NETCOM y con soporte t\u00e9cnico gratuito de por vida.<\/li>\n<\/ul>\n","protected":false},"featured_media":11620,"template":"","meta":[],"product_brand":[],"product_cat":[169],"product_tag":[],"class_list":{"0":"post-11619","1":"product","2":"type-product","3":"status-publish","4":"has-post-thumbnail","6":"product_cat-accesorios","9":"first","10":"instock","11":"shipping-taxable","12":"product-type-simple"},"_links":{"self":[{"href":"https:\/\/grupoplasma.com\/netcom\/wp-json\/wp\/v2\/product\/11619","targetHints":{"allow":["GET"]}}],"collection":[{"href":"https:\/\/grupoplasma.com\/netcom\/wp-json\/wp\/v2\/product"}],"about":[{"href":"https:\/\/grupoplasma.com\/netcom\/wp-json\/wp\/v2\/types\/product"}],"wp:featuredmedia":[{"embeddable":true,"href":"https:\/\/grupoplasma.com\/netcom\/wp-json\/wp\/v2\/media\/11620"}],"wp:attachment":[{"href":"https:\/\/grupoplasma.com\/netcom\/wp-json\/wp\/v2\/media?parent=11619"}],"wp:term":[{"taxonomy":"product_brand","embeddable":true,"href":"https:\/\/grupoplasma.com\/netcom\/wp-json\/wp\/v2\/product_brand?post=11619"},{"taxonomy":"product_cat","embeddable":true,"href":"https:\/\/grupoplasma.com\/netcom\/wp-json\/wp\/v2\/product_cat?post=11619"},{"taxonomy":"product_tag","embeddable":true,"href":"https:\/\/grupoplasma.com\/netcom\/wp-json\/wp\/v2\/product_tag?post=11619"}],"curies":[{"name":"wp","href":"https:\/\/api.w.org\/{rel}","templated":true}]}}