{"id":11572,"date":"2025-09-05T19:40:00","date_gmt":"2025-09-05T19:40:00","guid":{"rendered":"https:\/\/grupoplasma.com\/netcom\/?post_type=product&#038;p=11572"},"modified":"2025-09-05T19:40:00","modified_gmt":"2025-09-05T19:40:00","slug":"cable-de-audio-plug-3-5mm-trs-de-5-metros","status":"publish","type":"product","link":"https:\/\/grupoplasma.com\/netcom\/producto\/cable-de-audio-plug-3-5mm-trs-de-5-metros\/","title":{"rendered":"Cable de Audio Plug 3.5mm TRS de 5 Metros"},"content":{"rendered":"<p>Este cable de audio plug 3.5mm macho a macho de 5 metros le permite conectar m\u00f3vil, como iPhone, iPod, tableta, computadora port\u00e1til o cualquier otro dispositivo de audio con un conector de audio de 3,5mm a un est\u00e9reo de autom\u00f3vil, sistema de altavoces o cualquier otro dispositivo de salida de audio que tenga un conector hembra de 3,5mm. Brinda una impresionante calidad de sonido, con conectores de resistencia a la corrosi\u00f3n chapados en oro de 24 K y doble blindaje, el cable de audio proporciona una transmisi\u00f3n de se\u00f1al \u00f3ptima, claro, n\u00edtido, sin ruido, ofreci\u00e9ndole una experiencia de audio de alta fidelidad. Flexible y port\u00e1til, cuenta con una chaqueta de nailon, resistente al desgaste y sin enredos para que sea f\u00e1cil de enrollar para un almacenamiento ordenado. Las carcasas de metal y nailon reforzado protegen el cord\u00f3n contra la flexi\u00f3n y grietas cuando se enrolla.<\/p>\n<p>Ajuste universal, el conector delgado con dise\u00f1o escalonado garantiza un ajuste c\u00f3modo a los dispositivos de puertos auxiliares est\u00e1ndar, como radio est\u00e9reo del coche, TV, auriculares, altavoces, amplificadores, caja de sonido, barras de sonido, port\u00e1tiles, tabletas, tel\u00e9fonos inteligentes y mucho m\u00e1s.<\/p>\n<p>Los conectores enchapados en oro de 24 quilates no se empa\u00f1ar\u00e1n ni disminuir\u00e1n la conductividad con el tiempo. La carcasa de aluminio premium maximiza efectivamente la disipaci\u00f3n de calor. Hay una arquitectura de reloj integrada para ayudar a reducir la susceptibilidad de EMI y garantizar una transmisi\u00f3n de se\u00f1al estable. Dise\u00f1ado para brindar alta calidad de audio, as\u00ed como una conexi\u00f3n duradera y confiable.<\/p>\n","protected":false},"excerpt":{"rendered":"<p>Este cable de audio plug 3.5mm macho a macho de 5 metros le permite conectar m\u00f3vil, como iPhone, iPod, tableta, computadora port\u00e1til o cualquier otro dispositivo de audio con un conector de audio de 3,5mm a un est\u00e9reo de autom\u00f3vil, sistema de altavoces o cualquier otro dispositivo de salida de audio que tenga un conector hembra de 3,5mm.<\/p>\n<p>Marca: NETCOM.<\/p>\n<p>Modelo: PE-RS0305.<\/p>\n<p>Marca 100% peruana, producto avalado por la garant\u00eda de\u00a0<strong>NETCOM<\/strong>\u00a0y con soporte t\u00e9cnico gratuito de por vida.<\/p>\n","protected":false},"featured_media":11563,"template":"","meta":[],"product_brand":[],"product_cat":[120],"product_tag":[],"class_list":{"0":"post-11572","1":"product","2":"type-product","3":"status-publish","4":"has-post-thumbnail","6":"product_cat-ofertas","9":"first","10":"instock","11":"shipping-taxable","12":"product-type-simple"},"_links":{"self":[{"href":"https:\/\/grupoplasma.com\/netcom\/wp-json\/wp\/v2\/product\/11572","targetHints":{"allow":["GET"]}}],"collection":[{"href":"https:\/\/grupoplasma.com\/netcom\/wp-json\/wp\/v2\/product"}],"about":[{"href":"https:\/\/grupoplasma.com\/netcom\/wp-json\/wp\/v2\/types\/product"}],"wp:featuredmedia":[{"embeddable":true,"href":"https:\/\/grupoplasma.com\/netcom\/wp-json\/wp\/v2\/media\/11563"}],"wp:attachment":[{"href":"https:\/\/grupoplasma.com\/netcom\/wp-json\/wp\/v2\/media?parent=11572"}],"wp:term":[{"taxonomy":"product_brand","embeddable":true,"href":"https:\/\/grupoplasma.com\/netcom\/wp-json\/wp\/v2\/product_brand?post=11572"},{"taxonomy":"product_cat","embeddable":true,"href":"https:\/\/grupoplasma.com\/netcom\/wp-json\/wp\/v2\/product_cat?post=11572"},{"taxonomy":"product_tag","embeddable":true,"href":"https:\/\/grupoplasma.com\/netcom\/wp-json\/wp\/v2\/product_tag?post=11572"}],"curies":[{"name":"wp","href":"https:\/\/api.w.org\/{rel}","templated":true}]}}