{"id":11515,"date":"2025-09-03T18:14:18","date_gmt":"2025-09-03T18:14:18","guid":{"rendered":"https:\/\/grupoplasma.com\/netcom\/?post_type=product&#038;p=11515"},"modified":"2025-09-03T18:14:18","modified_gmt":"2025-09-03T18:14:18","slug":"conector-keystone-rca-rojo","status":"publish","type":"product","link":"https:\/\/grupoplasma.com\/netcom\/producto\/conector-keystone-rca-rojo\/","title":{"rendered":"Conector \/ Keystone RCA Rojo"},"content":{"rendered":"<p>Esta inserci\u00f3n de conector Keystone RCA color rojo proporcionan una forma segura y r\u00e1pida de conectar un cable RCA a sus equipos como puede ser un subwoofer, receptor est\u00e9reo u otro dispositivo equipado con puerto RCA de audio. Estas inserciones de grado comercial proporcionan una alternativa que ahorra tiempo y ordenada a usar cables RCA largos en el suelo. Estas inserciones de conector Keystone de grado comercial est\u00e1n dise\u00f1adas para uso frecuente y construidas para durar. Construcci\u00f3n robusta lo que proporciona una conexi\u00f3n segura; los insertos de conector Keystone reutilizables se pueden desconectar y reubicar f\u00e1cilmente al actualizar o redecorar.<\/p>\n<p>Compatible con placas de pared o paneles de parche con aberturas de tama\u00f1o est\u00e1ndar, incluyendo las placas de pared de 1 puerto a 12 puertos.<\/p>\n<p><strong>Consejos de instalaci\u00f3n<\/strong><\/p>\n<ol>\n<li>Enganche el labio inferior en el recorte mientras sostiene el inserto de piedra angular en un ligero \u00e1ngulo.<\/li>\n<li>Gira el inserto hacia arriba para enganchar el clip de retenci\u00f3n en la parte superior en la abertura hasta que se ajuste a su lugar.<\/li>\n<\/ol>\n<p><strong>Notas importantes:<\/strong> Permite la holgura para el inserto keystone y el conector de cable RCA detr\u00e1s de la pared. Prueba todos los cables con el inserto keystone antes de instalarlo de forma permanente en la pared.<\/p>\n","protected":false},"excerpt":{"rendered":"<p>Esta inserci\u00f3n de conector Keystone RCA color rojo proporcionan una forma segura y r\u00e1pida de conectar un cable RCA a sus equipos como puede ser un subwoofer, receptor est\u00e9reo u otro dispositivo equipado con puerto RCA de audio. Estas inserciones de grado comercial proporcionan una alternativa que ahorra tiempo y ordenada a usar cables RCA largos en el suelo. Estas inserciones de conector Keystone de grado comercial est\u00e1n dise\u00f1adas para uso frecuente y construidas para durar. Construcci\u00f3n robusta lo que proporciona una conexi\u00f3n segura; los insertos de conector Keystone reutilizables se pueden desconectar y reubicar f\u00e1cilmente al actualizar o redecorar.<\/p>\n<p>Marca: NETCOM.<\/p>\n<p>Modelo: PE-ADA012.<\/p>\n<p>Marca 100% peruana, producto avalado por la garant\u00eda de <strong>NETCOM<\/strong> y con soporte t\u00e9cnico gratuito de por vida.<\/p>\n","protected":false},"featured_media":11516,"template":"","meta":[],"product_brand":[],"product_cat":[169,147,164],"product_tag":[],"class_list":{"0":"post-11515","1":"product","2":"type-product","3":"status-publish","4":"has-post-thumbnail","6":"product_cat-accesorios","7":"product_cat-adaptadores","8":"product_cat-adaptadores-de-a-v","11":"first","12":"instock","13":"shipping-taxable","14":"product-type-simple"},"_links":{"self":[{"href":"https:\/\/grupoplasma.com\/netcom\/wp-json\/wp\/v2\/product\/11515","targetHints":{"allow":["GET"]}}],"collection":[{"href":"https:\/\/grupoplasma.com\/netcom\/wp-json\/wp\/v2\/product"}],"about":[{"href":"https:\/\/grupoplasma.com\/netcom\/wp-json\/wp\/v2\/types\/product"}],"wp:featuredmedia":[{"embeddable":true,"href":"https:\/\/grupoplasma.com\/netcom\/wp-json\/wp\/v2\/media\/11516"}],"wp:attachment":[{"href":"https:\/\/grupoplasma.com\/netcom\/wp-json\/wp\/v2\/media?parent=11515"}],"wp:term":[{"taxonomy":"product_brand","embeddable":true,"href":"https:\/\/grupoplasma.com\/netcom\/wp-json\/wp\/v2\/product_brand?post=11515"},{"taxonomy":"product_cat","embeddable":true,"href":"https:\/\/grupoplasma.com\/netcom\/wp-json\/wp\/v2\/product_cat?post=11515"},{"taxonomy":"product_tag","embeddable":true,"href":"https:\/\/grupoplasma.com\/netcom\/wp-json\/wp\/v2\/product_tag?post=11515"}],"curies":[{"name":"wp","href":"https:\/\/api.w.org\/{rel}","templated":true}]}}