{"id":11501,"date":"2025-09-02T23:06:49","date_gmt":"2025-09-02T23:06:49","guid":{"rendered":"https:\/\/grupoplasma.com\/netcom\/?post_type=product&#038;p=11501"},"modified":"2025-09-02T23:06:49","modified_gmt":"2025-09-02T23:06:49","slug":"conector-keystone-jack-3-5mm-trs","status":"publish","type":"product","link":"https:\/\/grupoplasma.com\/netcom\/producto\/conector-keystone-jack-3-5mm-trs\/","title":{"rendered":"Conector \/ Keystone Jack 3.5mm TRS"},"content":{"rendered":"<p>Este jack inserto proporciona una manera sencilla de conectar auriculares, micr\u00f3fono, repetidor IR, reproductor de MP3 y m\u00e1s; se adapta a una abertura est\u00e1ndar en una placa de pared para conectores plug TRS de 3.5mm. Soluci\u00f3n IR In-Wall Conecte los cables IR al equipo en un armario de sala multimedia para una instalaci\u00f3n de aspecto profesional. Estas inserciones de conector Keystone de grado comercial est\u00e1n dise\u00f1adas para uso frecuente y construidas para durar. Construcci\u00f3n robusta lo que proporciona una conexi\u00f3n segura; los insertos de conector Keystone reutilizables se pueden desconectar y reubicar f\u00e1cilmente al actualizar o redecorar.<\/p>\n<p>Compatible con placas de pared o paneles de parche con aberturas de tama\u00f1o est\u00e1ndar, incluyendo las placas de pared de 1 puerto a 12 puertos.<\/p>\n<p><strong>Consejos de instalaci\u00f3n<\/strong><\/p>\n<ol>\n<li>Enganche el labio inferior en el recorte mientras sostiene el inserto de piedra angular en un ligero \u00e1ngulo.<\/li>\n<li>Gira el inserto hacia arriba para enganchar el clip de retenci\u00f3n en la parte superior en la abertura hasta que se ajuste a su lugar.<\/li>\n<\/ol>\n<p><strong>Notas importantes:<\/strong> Permite la holgura para el inserto keystone y el conector de cable de plug 3.5mm detr\u00e1s de la pared. Prueba todos los cables con el inserto keystone antes de instalarlo de forma permanente en la pared.<\/p>\n<p>&nbsp;<\/p>\n","protected":false},"excerpt":{"rendered":"<p>Este jack inserto proporciona una manera sencilla de conectar auriculares, micr\u00f3fono, repetidor IR, reproductor de MP3 y m\u00e1s; se adapta a una abertura est\u00e1ndar en una placa de pared para conectores plug TRS de 3.5mm. Soluci\u00f3n IR In-Wall Conecte los cables IR al equipo en un armario de sala multimedia para una instalaci\u00f3n de aspecto profesional. Estas inserciones de conector Keystone de grado comercial est\u00e1n dise\u00f1adas para uso frecuente y construidas para durar. Construcci\u00f3n robusta lo que proporciona una conexi\u00f3n segura; los insertos de conector Keystone reutilizables se pueden desconectar y reubicar f\u00e1cilmente al actualizar o redecorar.<\/p>\n<p>Marca: NETCOM.<\/p>\n<p>Modelo: PE-ADA010.<\/p>\n<p>Marca 100% peruana, producto avalado por la garant\u00eda de <strong>NETCOM<\/strong> y con soporte t\u00e9cnico gratuito de por vida.<\/p>\n","protected":false},"featured_media":11502,"template":"","meta":[],"product_brand":[],"product_cat":[169,147,164],"product_tag":[],"class_list":{"0":"post-11501","1":"product","2":"type-product","3":"status-publish","4":"has-post-thumbnail","6":"product_cat-accesorios","7":"product_cat-adaptadores","8":"product_cat-adaptadores-de-a-v","11":"first","12":"instock","13":"shipping-taxable","14":"product-type-simple"},"_links":{"self":[{"href":"https:\/\/grupoplasma.com\/netcom\/wp-json\/wp\/v2\/product\/11501","targetHints":{"allow":["GET"]}}],"collection":[{"href":"https:\/\/grupoplasma.com\/netcom\/wp-json\/wp\/v2\/product"}],"about":[{"href":"https:\/\/grupoplasma.com\/netcom\/wp-json\/wp\/v2\/types\/product"}],"wp:featuredmedia":[{"embeddable":true,"href":"https:\/\/grupoplasma.com\/netcom\/wp-json\/wp\/v2\/media\/11502"}],"wp:attachment":[{"href":"https:\/\/grupoplasma.com\/netcom\/wp-json\/wp\/v2\/media?parent=11501"}],"wp:term":[{"taxonomy":"product_brand","embeddable":true,"href":"https:\/\/grupoplasma.com\/netcom\/wp-json\/wp\/v2\/product_brand?post=11501"},{"taxonomy":"product_cat","embeddable":true,"href":"https:\/\/grupoplasma.com\/netcom\/wp-json\/wp\/v2\/product_cat?post=11501"},{"taxonomy":"product_tag","embeddable":true,"href":"https:\/\/grupoplasma.com\/netcom\/wp-json\/wp\/v2\/product_tag?post=11501"}],"curies":[{"name":"wp","href":"https:\/\/api.w.org\/{rel}","templated":true}]}}