{"id":11453,"date":"2025-08-11T22:25:39","date_gmt":"2025-08-11T22:25:39","guid":{"rendered":"https:\/\/grupoplasma.com\/netcom\/?post_type=product&#038;p=11453"},"modified":"2025-08-11T22:25:39","modified_gmt":"2025-08-11T22:25:39","slug":"cable-premium-usb-am-am-de-3-metros","status":"publish","type":"product","link":"https:\/\/grupoplasma.com\/netcom\/producto\/cable-premium-usb-am-am-de-3-metros\/","title":{"rendered":"Cable Premium USB AM \u2013 AM de 3 Metros"},"content":{"rendered":"<p>Este cable USB 3.0 Gen 1 (5Gbps), tambi\u00e9n conocido como cable USB Macho &#8211; Macho V3.0, le permite conectar sus dispositivos USB-A como requiera en su espacio de trabajo. Con una longitud de conexi\u00f3n de hasta 3 metros, este le permite organizar su ordenador y concentrador USB, o otros dispositivos USB-A, a fin de ajustarse a sus requisitos de configuraci\u00f3n. La velocidad de transferencia de datos USB 3.0 es de hasta 5 Gbps, 10 veces m\u00e1s r\u00e1pida que USB 2.0. Las versiones anteriores son compatibles con puertos USB 2.0 y USB 1.1 de la computadora; los conductores de cobre esta\u00f1ado y la l\u00e1mina de aluminio proporcionan un rendimiento superior del cable, transmisi\u00f3n de datos sin errores.<\/p>\n<p>No necesita controlador para el cable USB 3.0 AM a AM, simplemente enchufa y usa para carcasas de disco duro, enfriador de laptop, tableta de escritura, c\u00e1maras y otros perif\u00e9ricos USB Super Speed.<\/p>\n<p>Adem\u00e1s, este cable de alta calidad se ha dise\u00f1ado y fabricado conforme a la categor\u00eda STP (&#8220;Shielded Twisted Pair&#8221;, pares de cables trenzados con blindaje), conectores chapados en oro, cubierta trenzada de nailon, junta de moldeado SR reforzada y carcasa de aleaci\u00f3n de aluminio lo cual permite proteger contra cualquier interferencia electromagn\u00e9tica y garantizar una comunicaci\u00f3n fiable de los datos.<\/p>\n<p>Nota: Este cable no admite la conexi\u00f3n de dos ordenadores.<\/p>\n","protected":false},"excerpt":{"rendered":"<p>Este cable USB 3.0 Gen 1 (5Gbps), tambi\u00e9n conocido como cable USB Macho &#8211; Macho V3.0, le permite conectar sus dispositivos USB-A como requiera en su espacio de trabajo. Con una longitud de conexi\u00f3n de hasta 3 metros, este le permite organizar su ordenador y concentrador USB, o otros dispositivos USB-A, a fin de ajustarse a sus requisitos de configuraci\u00f3n. La velocidad de transferencia de datos USB 3.0 es de hasta 5 Gbps, 10 veces m\u00e1s r\u00e1pida que USB 2.0. Las versiones anteriores son compatibles con puertos USB 2.0 y USB 1.1 de la computadora; los conductores de cobre esta\u00f1ado y la l\u00e1mina de aluminio proporcionan un rendimiento superior del cable, transmisi\u00f3n de datos sin errores.<\/p>\n<p>Marca: NETCOM.<\/p>\n<p>Modelo: PE-AM0303.<\/p>\n<p>Marca 100% peruana, producto avalado por la garant\u00eda de <strong>NETCOM<\/strong> y con soporte t\u00e9cnico gratuito de por vida.<\/p>\n","protected":false},"featured_media":11442,"template":"","meta":[],"product_brand":[],"product_cat":[120],"product_tag":[],"class_list":{"0":"post-11453","1":"product","2":"type-product","3":"status-publish","4":"has-post-thumbnail","6":"product_cat-ofertas","9":"first","10":"instock","11":"shipping-taxable","12":"product-type-simple"},"_links":{"self":[{"href":"https:\/\/grupoplasma.com\/netcom\/wp-json\/wp\/v2\/product\/11453","targetHints":{"allow":["GET"]}}],"collection":[{"href":"https:\/\/grupoplasma.com\/netcom\/wp-json\/wp\/v2\/product"}],"about":[{"href":"https:\/\/grupoplasma.com\/netcom\/wp-json\/wp\/v2\/types\/product"}],"wp:featuredmedia":[{"embeddable":true,"href":"https:\/\/grupoplasma.com\/netcom\/wp-json\/wp\/v2\/media\/11442"}],"wp:attachment":[{"href":"https:\/\/grupoplasma.com\/netcom\/wp-json\/wp\/v2\/media?parent=11453"}],"wp:term":[{"taxonomy":"product_brand","embeddable":true,"href":"https:\/\/grupoplasma.com\/netcom\/wp-json\/wp\/v2\/product_brand?post=11453"},{"taxonomy":"product_cat","embeddable":true,"href":"https:\/\/grupoplasma.com\/netcom\/wp-json\/wp\/v2\/product_cat?post=11453"},{"taxonomy":"product_tag","embeddable":true,"href":"https:\/\/grupoplasma.com\/netcom\/wp-json\/wp\/v2\/product_tag?post=11453"}],"curies":[{"name":"wp","href":"https:\/\/api.w.org\/{rel}","templated":true}]}}