{"id":11384,"date":"2025-06-10T21:38:15","date_gmt":"2025-06-10T21:38:15","guid":{"rendered":"https:\/\/grupoplasma.com\/netcom\/?post_type=product&#038;p=11384"},"modified":"2025-10-25T21:05:09","modified_gmt":"2025-10-25T21:05:09","slug":"modulo-de-conexion-hdmi-con-terminales","status":"publish","type":"product","link":"https:\/\/grupoplasma.com\/netcom\/producto\/modulo-de-conexion-hdmi-con-terminales\/","title":{"rendered":"M\u00f3dulo de Conexi\u00f3n HDMI con Terminales"},"content":{"rendered":"<p>Las placas de pared son una forma discreta de ocultar los cables entre dispositivos en el hogar, creando un acabado minimalista y ordenado. Con este conector HDMI hembra, puede crear f\u00e1cilmente su propia entrada o interfaz HDMI. Puede usar cable trenzado o s\u00f3lido para montar sus propios dispositivos de sujeci\u00f3n. F\u00e1cil de usar, no requiere soldadura, simplemente use un destornillador peque\u00f1o para abrir los bloques de terminales, inserte el cable trenzado o s\u00f3lido y vuelva a apretarlo. Todos los pines est\u00e1n claramente etiquetados, lo cual es muy \u00fatil porque siempre nos olvidamos de ordenar. Ideal para decorar paredes en diversos lugares, el panel se integra perfectamente en la pared. Se utiliza principalmente en televisores de plasma, reproductores HD, televisores LCD, proyectores, grabadores\/reproductores de DVD, grabadores\/reproductores D-VHS y dispositivos de visualizaci\u00f3n de audio y video digital para la transmisi\u00f3n de se\u00f1ales de video y audio.<\/p>\n<p><strong>Especificaciones:<\/strong><br \/>\nNombre: Modulo HDMI hembra a bloque de terminales para montaje en panel.<br \/>\nTipo de conector: Hembra.<br \/>\nMaterial del conector: Conexi\u00f3n chapada en cobre puro.<br \/>\nMaterial de los contactos: Cobre.<\/p>\n<p>Longitud m\u00e1xima de cable HDMI para 4K@60Hz: 10 metros.<\/p>\n<p>Longitud m\u00e1xima de cable HDMI para 1080p@60Hz: 20 metros.<br \/>\nMaterial de la carcasa: Polipropileno ecol\u00f3gico.<br \/>\nEspecificaci\u00f3n del cable: 26-16 AWG.<br \/>\nPar de apriete: 0,2 Nm.<br \/>\nTama\u00f1o: 50 mm x 48 mm x 24 mm.<\/p>\n<p><strong>Nota:<\/strong><br \/>\nNo se recomienda usar un cable de red en lugar de un cable HDMI. El cable de red no garantiza la calidad de la imagen ni la distancia de transmisi\u00f3n.<\/p>\n","protected":false},"excerpt":{"rendered":"<p>Las placas de pared son una forma discreta de ocultar los cables entre dispositivos en el hogar, creando un acabado minimalista y ordenado. Con este conector HDMI hembra, puede crear f\u00e1cilmente su propia entrada o interfaz HDMI. Puede usar cable trenzado o s\u00f3lido para montar sus propios dispositivos de sujeci\u00f3n. F\u00e1cil de usar, no requiere soldadura, simplemente use un destornillador peque\u00f1o para abrir los bloques de terminales, inserte el cable trenzado o s\u00f3lido y vuelva a apretarlo.<\/p>\n<p>Marca: NETCOM.<\/p>\n<p>Modelo: PE-WP0069.<\/p>\n<p>Marca 100% peruana, producto avalado por la garant\u00eda de NETCOM y con soporte t\u00e9cnico gratuito de por vida.<\/p>\n","protected":false},"featured_media":11385,"template":"","meta":[],"product_brand":[],"product_cat":[169],"product_tag":[],"class_list":{"0":"post-11384","1":"product","2":"type-product","3":"status-publish","4":"has-post-thumbnail","6":"product_cat-accesorios","9":"first","10":"instock","11":"shipping-taxable","12":"product-type-simple"},"_links":{"self":[{"href":"https:\/\/grupoplasma.com\/netcom\/wp-json\/wp\/v2\/product\/11384","targetHints":{"allow":["GET"]}}],"collection":[{"href":"https:\/\/grupoplasma.com\/netcom\/wp-json\/wp\/v2\/product"}],"about":[{"href":"https:\/\/grupoplasma.com\/netcom\/wp-json\/wp\/v2\/types\/product"}],"wp:featuredmedia":[{"embeddable":true,"href":"https:\/\/grupoplasma.com\/netcom\/wp-json\/wp\/v2\/media\/11385"}],"wp:attachment":[{"href":"https:\/\/grupoplasma.com\/netcom\/wp-json\/wp\/v2\/media?parent=11384"}],"wp:term":[{"taxonomy":"product_brand","embeddable":true,"href":"https:\/\/grupoplasma.com\/netcom\/wp-json\/wp\/v2\/product_brand?post=11384"},{"taxonomy":"product_cat","embeddable":true,"href":"https:\/\/grupoplasma.com\/netcom\/wp-json\/wp\/v2\/product_cat?post=11384"},{"taxonomy":"product_tag","embeddable":true,"href":"https:\/\/grupoplasma.com\/netcom\/wp-json\/wp\/v2\/product_tag?post=11384"}],"curies":[{"name":"wp","href":"https:\/\/api.w.org\/{rel}","templated":true}]}}