{"id":11365,"date":"2025-06-09T21:34:28","date_gmt":"2025-06-09T21:34:28","guid":{"rendered":"https:\/\/grupoplasma.com\/netcom\/?post_type=product&#038;p=11365"},"modified":"2025-06-09T21:34:28","modified_gmt":"2025-06-09T21:34:28","slug":"pulsera-antiestatica-inalambrica","status":"publish","type":"product","link":"https:\/\/grupoplasma.com\/netcom\/producto\/pulsera-antiestatica-inalambrica\/","title":{"rendered":"Pulsera Antiest\u00e1tica Inal\u00e1mbrica"},"content":{"rendered":"<p>Esta pulsera antiest\u00e1tica sin cable funciona gracias al chip que incorpora, que est\u00e1 en contacto con nuestra piel. Los chips de estas pulseras dotan a nuestro cuerpo de la posibilidad de descargarnos de cualquier tipo de energ\u00eda electromagn\u00e9tica. Sin la necesidad de ning\u00fan cable, esta funci\u00f3n se realiza de forma \u00f3ptima. Su funcionamiento es muy simple, elimina las energ\u00edas electromagn\u00e9ticas almacenadas en nuestro cuerpo al tenerla puesta de forma inmediata y segura.<\/p>\n<p>Caracter\u00edsticas:<\/p>\n<p>&#8211; Nombre: Pulsera brazalete antiest\u00e1tico.<\/p>\n<p>&#8211; Tipo: Inal\u00e1mbrica.<\/p>\n<p>&#8211; Color: Negro.<\/p>\n<p>&#8211; Material de la pulsera: Acero inoxidable.<\/p>\n<p>&#8211; Resistencia en O: 100ohms.<\/p>\n<p>&#8211; Largo de la correa: 15cm.<\/p>\n<p>&#8211; Protege los componentes electr\u00f3nicos sensibles de la EDS (descarga electrost\u00e1tica).<\/p>\n<p>&#8211; Resistencia limitadora de corriente IMOhm 5%.<\/p>\n<p>&#8211; Tiempo de electro-dispersi\u00f3n 0.1seg.<\/p>\n<p>&#8211; Capa conductora interna fabricada de filamentos de acero inoxidable.<\/p>\n","protected":false},"excerpt":{"rendered":"<p>Esta pulsera antiest\u00e1tica sin cable funciona gracias al chip que incorpora, que est\u00e1 en contacto con nuestra piel. Los chips de estas pulseras dotan a nuestro cuerpo de la posibilidad de descargarnos de cualquier tipo de energ\u00eda electromagn\u00e9tica. Sin la necesidad de ning\u00fan cable, esta funci\u00f3n se realiza de forma \u00f3ptima. Su funcionamiento es muy simple, elimina las energ\u00edas electromagn\u00e9ticas almacenadas en nuestro cuerpo al tenerla puesta de forma inmediata y segura.<\/p>\n<p>Marca: NETCOM.<\/p>\n<p>Modelo: PE-PA0250.<\/p>\n<p>Marca 100% peruana, producto avalado por la garant\u00eda de NETCOM y con soporte t\u00e9cnico gratuito de por vida.<\/p>\n","protected":false},"featured_media":11366,"template":"","meta":[],"product_brand":[],"product_cat":[169],"product_tag":[],"class_list":{"0":"post-11365","1":"product","2":"type-product","3":"status-publish","4":"has-post-thumbnail","6":"product_cat-accesorios","9":"first","10":"instock","11":"shipping-taxable","12":"product-type-simple"},"_links":{"self":[{"href":"https:\/\/grupoplasma.com\/netcom\/wp-json\/wp\/v2\/product\/11365","targetHints":{"allow":["GET"]}}],"collection":[{"href":"https:\/\/grupoplasma.com\/netcom\/wp-json\/wp\/v2\/product"}],"about":[{"href":"https:\/\/grupoplasma.com\/netcom\/wp-json\/wp\/v2\/types\/product"}],"wp:featuredmedia":[{"embeddable":true,"href":"https:\/\/grupoplasma.com\/netcom\/wp-json\/wp\/v2\/media\/11366"}],"wp:attachment":[{"href":"https:\/\/grupoplasma.com\/netcom\/wp-json\/wp\/v2\/media?parent=11365"}],"wp:term":[{"taxonomy":"product_brand","embeddable":true,"href":"https:\/\/grupoplasma.com\/netcom\/wp-json\/wp\/v2\/product_brand?post=11365"},{"taxonomy":"product_cat","embeddable":true,"href":"https:\/\/grupoplasma.com\/netcom\/wp-json\/wp\/v2\/product_cat?post=11365"},{"taxonomy":"product_tag","embeddable":true,"href":"https:\/\/grupoplasma.com\/netcom\/wp-json\/wp\/v2\/product_tag?post=11365"}],"curies":[{"name":"wp","href":"https:\/\/api.w.org\/{rel}","templated":true}]}}