{"id":11357,"date":"2025-06-06T23:07:43","date_gmt":"2025-06-06T23:07:43","guid":{"rendered":"https:\/\/grupoplasma.com\/netcom\/?post_type=product&#038;p=11357"},"modified":"2025-06-06T23:07:43","modified_gmt":"2025-06-06T23:07:43","slug":"adaptador-keystone-jack-usb-c-para-placa","status":"publish","type":"product","link":"https:\/\/grupoplasma.com\/netcom\/producto\/adaptador-keystone-jack-usb-c-para-placa\/","title":{"rendered":"Adaptador Keystone Jack USB-C Para Placa"},"content":{"rendered":"<p>Este adaptador Keystone Jack USB-C le permite conectar cables a paneles de pared y cargar sus dispositivos con facilidad. Es amigable para para todo tipo de ambiente y no requiere ninguna herramienta o habilidad. Tambi\u00e9n es liviano y port\u00e1til, por lo que puede llevarlo a cualquier parte. Te permite conectar y cargar diferentes dispositivos de forma r\u00e1pida y segura con un dispositivo<\/p>\n<p>Cuenta con tecnolog\u00eda USB 3.1 con todas las funciones para transmisi\u00f3n de video y sincronizaci\u00f3n de datos. Debido a esto, este adaptador proporciona comodidad y rendimiento de alta calidad.<\/p>\n<p>El adaptador de conector Keystone USB C le permite conectar cables a los paneles de pared y ocultarlos detr\u00e1s de las paredes. Funciona con la mayor\u00eda de los dispositivos USB C y proporciona carga y transferencia de datos r\u00e1pidas. F\u00e1cil de instalar y cumple con los est\u00e1ndares. Puede reutilizar este adaptador para diferentes dispositivos USB C cuando actualice o redecore su hogar. Es una opci\u00f3n inteligente y duradera para sus necesidades de USB C.<\/p>\n<p><strong>Especificaciones: <\/strong><\/p>\n<ul>\n<li>Material: ABS.<\/li>\n<li>Color: Blanco.<\/li>\n<li>Conector: USB-C Hembra.<\/li>\n<li>Longitud m\u00e1xima de cable USB-C para 8K@60Hz: 5 metros.<\/li>\n<li>Longitud m\u00e1xima de cable USB-C para 4K@60Hz: 10 metros.<\/li>\n<li>Longitud m\u00e1xima de cable USB-C para 1080p@60Hz: 20 metros.<\/li>\n<\/ul>\n<p><strong>Nota:<\/strong> Si usa para transmisi\u00f3n de video un cable mayor a 5 metros, este cable tiene que ser activo.<\/p>\n","protected":false},"excerpt":{"rendered":"<p>Este adaptador Keystone Jack USB-C le permite conectar cables a paneles de pared y cargar sus dispositivos con facilidad. Es amigable para para todo tipo de ambiente y no requiere ninguna herramienta o habilidad. Tambi\u00e9n es liviano y port\u00e1til, por lo que puede llevarlo a cualquier parte. Te permite conectar y cargar diferentes dispositivos de forma r\u00e1pida y segura con un dispositivo<\/p>\n<p>Marca: NETCOM.<\/p>\n<p>Modelo: PE-ADC010.<\/p>\n<p>Marca 100% peruana, producto avalado por la garant\u00eda de NETCOM y con soporte t\u00e9cnico gratuito de por vida.<\/p>\n","protected":false},"featured_media":11358,"template":"","meta":[],"product_brand":[],"product_cat":[147,162],"product_tag":[],"class_list":{"0":"post-11357","1":"product","2":"type-product","3":"status-publish","4":"has-post-thumbnail","6":"product_cat-adaptadores","7":"product_cat-adaptadores-usb","10":"first","11":"instock","12":"shipping-taxable","13":"product-type-simple"},"_links":{"self":[{"href":"https:\/\/grupoplasma.com\/netcom\/wp-json\/wp\/v2\/product\/11357","targetHints":{"allow":["GET"]}}],"collection":[{"href":"https:\/\/grupoplasma.com\/netcom\/wp-json\/wp\/v2\/product"}],"about":[{"href":"https:\/\/grupoplasma.com\/netcom\/wp-json\/wp\/v2\/types\/product"}],"wp:featuredmedia":[{"embeddable":true,"href":"https:\/\/grupoplasma.com\/netcom\/wp-json\/wp\/v2\/media\/11358"}],"wp:attachment":[{"href":"https:\/\/grupoplasma.com\/netcom\/wp-json\/wp\/v2\/media?parent=11357"}],"wp:term":[{"taxonomy":"product_brand","embeddable":true,"href":"https:\/\/grupoplasma.com\/netcom\/wp-json\/wp\/v2\/product_brand?post=11357"},{"taxonomy":"product_cat","embeddable":true,"href":"https:\/\/grupoplasma.com\/netcom\/wp-json\/wp\/v2\/product_cat?post=11357"},{"taxonomy":"product_tag","embeddable":true,"href":"https:\/\/grupoplasma.com\/netcom\/wp-json\/wp\/v2\/product_tag?post=11357"}],"curies":[{"name":"wp","href":"https:\/\/api.w.org\/{rel}","templated":true}]}}