{"id":11330,"date":"2025-06-05T21:50:46","date_gmt":"2025-06-05T21:50:46","guid":{"rendered":"https:\/\/grupoplasma.com\/netcom\/?post_type=product&#038;p=11330"},"modified":"2025-06-05T21:50:46","modified_gmt":"2025-06-05T21:50:46","slug":"adaptador-otg-v3-2-usb-c-macho-a-usb-a-hembra","status":"publish","type":"product","link":"https:\/\/grupoplasma.com\/netcom\/producto\/adaptador-otg-v3-2-usb-c-macho-a-usb-a-hembra\/","title":{"rendered":"Adaptador OTG V3.2 USB-C Macho a USB-A Hembra"},"content":{"rendered":"<p>El adaptador OTG USB C macho a USB A hembra adopta el est\u00e1ndar USB 3.2 Gen2, proporcionando velocidades de transmisi\u00f3n de datos de hasta 10Gbps. Transfiere m\u00fasica, pel\u00edculas o temporadas completas de programas de televisi\u00f3n en segundos con velocidad de 10 Gbps. Conectores superiores dise\u00f1ados para una mayor durabilidad, los conectores USB-C macho y hembra USB-A 3.2 Gen2 est\u00e1n dise\u00f1ados para conectarse y desconectarse hasta 10.000 veces, b\u00e1sicamente de por vida.<\/p>\n<p>Compacto y port\u00e1til, plug and play, no requiere controlador; estructura simple, ligera y de portabilidad, no ocupa espacio cuando sales. Material de aluminio, acabado en gris espacial y fabricado con aluminio premium resistente a las rayaduras, el adaptador no solo se combina perfectamente con tu MacBook Pro, sino que tambi\u00e9n resiste el desgaste del uso diario. Amplia compatibilidad, este adaptador USB C a USB 3.2 Gen2 es compatible con iPhone 16\/15\/15 Plus\/15 Pro\/15 Pro Max y MacBook Pro despu\u00e9s de 2016, MacBook Air despu\u00e9s de 2018 y la mayor\u00eda de las computadoras port\u00e1tiles, tabletas y tel\u00e9fonos inteligentes con un puerto USB tipo C.<\/p>\n","protected":false},"excerpt":{"rendered":"<p>El adaptador OTG USB C macho a USB A hembra adopta el est\u00e1ndar USB 3.2 Gen2, proporcionando velocidades de transmisi\u00f3n de datos de hasta 10Gbps. Transfiere m\u00fasica, pel\u00edculas o temporadas completas de programas de televisi\u00f3n en segundos con velocidad de 10 Gbps. Conectores superiores dise\u00f1ados para una mayor durabilidad, los conectores USB-C macho y hembra USB-A 3.2 Gen2 est\u00e1n dise\u00f1ados para conectarse y desconectarse hasta 10.000 veces, b\u00e1sicamente de por vida.<\/p>\n<p>Marca: NETCOM.<\/p>\n<p>Modelo: PE-CU0031.<\/p>\n<p>Marca 100% peruana, producto avalado por la garant\u00eda de NETCOM y con soporte t\u00e9cnico gratuito de por vida.<\/p>\n","protected":false},"featured_media":11331,"template":"","meta":[],"product_brand":[],"product_cat":[147,162],"product_tag":[],"class_list":{"0":"post-11330","1":"product","2":"type-product","3":"status-publish","4":"has-post-thumbnail","6":"product_cat-adaptadores","7":"product_cat-adaptadores-usb","10":"first","11":"instock","12":"shipping-taxable","13":"product-type-simple"},"_links":{"self":[{"href":"https:\/\/grupoplasma.com\/netcom\/wp-json\/wp\/v2\/product\/11330","targetHints":{"allow":["GET"]}}],"collection":[{"href":"https:\/\/grupoplasma.com\/netcom\/wp-json\/wp\/v2\/product"}],"about":[{"href":"https:\/\/grupoplasma.com\/netcom\/wp-json\/wp\/v2\/types\/product"}],"wp:featuredmedia":[{"embeddable":true,"href":"https:\/\/grupoplasma.com\/netcom\/wp-json\/wp\/v2\/media\/11331"}],"wp:attachment":[{"href":"https:\/\/grupoplasma.com\/netcom\/wp-json\/wp\/v2\/media?parent=11330"}],"wp:term":[{"taxonomy":"product_brand","embeddable":true,"href":"https:\/\/grupoplasma.com\/netcom\/wp-json\/wp\/v2\/product_brand?post=11330"},{"taxonomy":"product_cat","embeddable":true,"href":"https:\/\/grupoplasma.com\/netcom\/wp-json\/wp\/v2\/product_cat?post=11330"},{"taxonomy":"product_tag","embeddable":true,"href":"https:\/\/grupoplasma.com\/netcom\/wp-json\/wp\/v2\/product_tag?post=11330"}],"curies":[{"name":"wp","href":"https:\/\/api.w.org\/{rel}","templated":true}]}}