{"id":11290,"date":"2025-05-14T21:46:07","date_gmt":"2025-05-14T21:46:07","guid":{"rendered":"https:\/\/grupoplasma.com\/netcom\/?post_type=product&#038;p=11290"},"modified":"2025-05-14T21:47:51","modified_gmt":"2025-05-14T21:47:51","slug":"cable-hdmi-fibra-optica-v2-0-de-25-metros-2","status":"publish","type":"product","link":"https:\/\/grupoplasma.com\/netcom\/producto\/cable-hdmi-fibra-optica-v2-0-de-25-metros-2\/","title":{"rendered":"Cable HDMI Fibra \u00d3ptica V2.0 de 30 Metros"},"content":{"rendered":"<p>El cable HDMI \u00f3ptico activo de alta velocidad NETCOM, incluye conductores tanto de cobre, como de fibra \u00f3ptica, siendo su fabricaci\u00f3n m\u00e1s flexible y liviana, ideal para instalaciones en espacios estrechos a largas distancias, convirti\u00e9ndose en una soluci\u00f3n perfecta para salas de conferencia, aulas, pantallas de se\u00f1alizaci\u00f3n digital, etc. Fabricado con una mezcla de alambre de fibra \u00f3ptica y cobre, este cable activo es menos sensible a interferencias EMI, lo cual ofrece una se\u00f1al clara y fiable de audio\/v\u00eddeo, incluso en entornos como centros de datos, hospitales, etc.<\/p>\n<p><strong>M\u00e1s especificaciones<\/strong><\/p>\n<p>Longitud: 30 metros.<\/p>\n<p>Conector: Tipo A \u2013 A pin 19 + 1.<\/p>\n<p>Versi\u00f3n: HDMI 2.0, compatible con versiones anteriores de HDMI 1.4 \/ 1.3.<\/p>\n<p>Materiales: CU, carcasa de aleaci\u00f3n de zinc, PVC, mezcla fotoel\u00e9ctrica 4:4:4 y conectores 24K chapados en oro.<\/p>\n<p>Compatibilidad: Admite todos los dispositivos HDMI.<\/p>\n<p>Di\u00e1metro: OD 4.8mm ambiental, 30AWG.<\/p>\n<p>Fibra \u00f3ptica de 4 n\u00facleos: Transmisi\u00f3n estable y de alta velocidad.<\/p>\n<p>Resoluci\u00f3n m\u00e1xima:\u00a0 Ultra HD 4K@60Hz (3840\u00d72160). Soporta ancho de banda de 18 Gbps y todos los formatos: 4K@60Hz 8 bits 4:4:4 \/ 4K@60Hz 12bit 4:2:2 \/ 4K@60Hz 16bit 4:2:0 \/ 4K@60Hz Visi\u00f3n doble \/ 4K@60hz HDR.<\/p>\n<p>Estructura del cable h\u00edbrido: Fibra de vidrio puro + cables de cobre libres de ox\u00edgeno.<\/p>\n<p>Soporta 32 canales de audio sin comprimir.<\/p>\n<p>Admite HDR (\u00abHigh Dynamic Range\u00bb, alto rango din\u00e1mico).<\/p>\n<p>Compatible con HDR, ARC, CEC, EDID, 3D, HDCP2.2.<\/p>\n<p>Ethernet: Apoyo Ethernet Digital de canal de retorno de audio.<\/p>\n<p>Plug and Play, no necesita energ\u00eda adicional y sin p\u00e9rdida de se\u00f1al.<\/p>\n<p>Bajo consumo de energ\u00eda: 250 mW (m\u00e1x.) (Potencia extra\u00edda de fuente HDMI).<\/p>\n<p>Nivel de protecci\u00f3n: Triple.<\/p>\n<p>Temperatura: -20\u2103 ~ 60\u2103.<\/p>\n<p>Tensi\u00f3n nominal: 30 V.<\/p>\n<p>Notas Importantes:<\/p>\n<p>* Por favor, trate el cable HDMI de fibra suavemente a medida que realiza la instalaci\u00f3n.<\/p>\n<p>* Se debe instalar en la direcci\u00f3n correcta: El cable con enchufe \u00abFuente\u00bb para conectar dispositivos de fuente HDMI (reproductor Blu-ray, STBox, Xbox One, etc.); enchufe \u00abDisplay\u00bb para conectar sus dispositivos de pantalla HDMI (TV, proyector, monitor, etc.).<\/p>\n<p>* No agregue ning\u00fan interruptor u otro dispositivo extensor para trabajar con el cable al mismo tiempo. La transferencia m\u00faltiple provocar\u00e1 la p\u00e9rdida de se\u00f1al HDMI.<\/p>\n<p>* Este cable HDMI \u00f3ptico no es compatible con receptores A\/V.<\/p>\n","protected":false},"excerpt":{"rendered":"<p>El cable HDMI \u00f3ptico activo de alta velocidad NETCOM, incluye conductores tanto de cobre, como de fibra \u00f3ptica, siendo su fabricaci\u00f3n m\u00e1s flexible y liviana, ideal para instalaciones en espacios estrechos a largas distancias, convirti\u00e9ndose en una soluci\u00f3n perfecta para salas de conferencia, aulas, pantallas de se\u00f1alizaci\u00f3n digital, etc. Fabricado con una mezcla de alambre de fibra \u00f3ptica y cobre, este cable activo es menos sensible a interferencias EMI, lo cual ofrece una se\u00f1al clara y fiable de audio\/v\u00eddeo, incluso en entornos como centros de datos, hospitales, etc.<\/p>\n<p>Marca: NETCOM.<\/p>\n<p>Modelo: PE-HF0030.<\/p>\n<p>Marca 100% peruana, producto avalado por la garant\u00eda de NETCOM y con soporte t\u00e9cnico gratuito de por vida.<\/p>\n","protected":false},"featured_media":11278,"template":"","meta":[],"product_brand":[],"product_cat":[120],"product_tag":[],"class_list":{"0":"post-11290","1":"product","2":"type-product","3":"status-publish","4":"has-post-thumbnail","6":"product_cat-ofertas","9":"first","10":"instock","11":"shipping-taxable","12":"product-type-simple"},"_links":{"self":[{"href":"https:\/\/grupoplasma.com\/netcom\/wp-json\/wp\/v2\/product\/11290","targetHints":{"allow":["GET"]}}],"collection":[{"href":"https:\/\/grupoplasma.com\/netcom\/wp-json\/wp\/v2\/product"}],"about":[{"href":"https:\/\/grupoplasma.com\/netcom\/wp-json\/wp\/v2\/types\/product"}],"wp:featuredmedia":[{"embeddable":true,"href":"https:\/\/grupoplasma.com\/netcom\/wp-json\/wp\/v2\/media\/11278"}],"wp:attachment":[{"href":"https:\/\/grupoplasma.com\/netcom\/wp-json\/wp\/v2\/media?parent=11290"}],"wp:term":[{"taxonomy":"product_brand","embeddable":true,"href":"https:\/\/grupoplasma.com\/netcom\/wp-json\/wp\/v2\/product_brand?post=11290"},{"taxonomy":"product_cat","embeddable":true,"href":"https:\/\/grupoplasma.com\/netcom\/wp-json\/wp\/v2\/product_cat?post=11290"},{"taxonomy":"product_tag","embeddable":true,"href":"https:\/\/grupoplasma.com\/netcom\/wp-json\/wp\/v2\/product_tag?post=11290"}],"curies":[{"name":"wp","href":"https:\/\/api.w.org\/{rel}","templated":true}]}}