{"id":11263,"date":"2025-05-13T21:42:55","date_gmt":"2025-05-13T21:42:55","guid":{"rendered":"https:\/\/grupoplasma.com\/netcom\/?post_type=product&#038;p=11263"},"modified":"2025-05-13T21:42:55","modified_gmt":"2025-05-13T21:42:55","slug":"cable-mini-displayport-a-hdmi-de-1-80-metros","status":"publish","type":"product","link":"https:\/\/grupoplasma.com\/netcom\/producto\/cable-mini-displayport-a-hdmi-de-1-80-metros\/","title":{"rendered":"Cable Mini DisplayPort a HDMI de 1.80 Metros"},"content":{"rendered":"<p>Este cable adaptador Mini DisplayPort\u2122 a HDMI\u00ae de 1.80 metros permite conectar su Ultrabook\u2122, PC port\u00e1til o de escritorio equipado con Mini DisplayPort a una pantalla o proyector HDMI, sin necesidad de adaptadores o cables adicionales. Transmite los mismos medios en una pantalla grande (duplicaci\u00f3n de video) o participa en una reuni\u00f3n Zoom y mira los datos del informe simult\u00e1neamente (escritorio extendido) para mejorar la eficiencia del trabajo. El cable adaptador funciona con fuentes de video y pantallas 4K@60Hz, lo cual garantiza que se mantiene una calidad impresionante de imagen, cuatro veces la resoluci\u00f3n de 1080p, al convertir Mini DisplayPort a HDMI. Tambi\u00e9n es retrocompatible con fuentes de video y pantallas de resoluci\u00f3n inferior. Compatible con versiones anteriores con 1440P@60hz, 1080p@120hz. y 720p, lo que garantiza la compatibilidad futura de su configuraci\u00f3n existente con video 4K.\u00a0 Mire f\u00e1cilmente eventos deportivos en vivo en su HDTV de pantalla grande, realice presentaciones en su proyector o extienda una segunda pantalla para realizar m\u00faltiples tareas.<\/p>\n<p>La chaqueta trenzada de nailon suave y flexible protege el delicado n\u00facleo de fibra. El dise\u00f1o de este cable elimina la interferencia EMI \/ RFI com\u00fan a los cables de audio de calidad est\u00e1ndar.<\/p>\n<p>Nota:<\/p>\n<p>Este es un cable unidireccional Mini DisplayPort a HDMI, no es compatible con HDMI a Mini DisplayPort. No es bidireccional.<\/p>\n<p>Marca: NETCOM.<\/p>\n<p>Modelo: PE-MDH102.<\/p>\n<p>Marca 100% peruana, producto avalado por la garant\u00eda de NETCOM y con soporte t\u00e9cnico gratuito de por vida.<\/p>\n","protected":false},"excerpt":{"rendered":"<p>Este cable adaptador Mini DisplayPort\u2122 a HDMI\u00ae de 1.80 metros permite conectar su Ultrabook\u2122, PC port\u00e1til o de escritorio equipado con Mini DisplayPort a una pantalla o proyector HDMI, sin necesidad de adaptadores o cables adicionales. Transmite los mismos medios en una pantalla grande (duplicaci\u00f3n de video) o participa en una reuni\u00f3n Zoom y mira los datos del informe simult\u00e1neamente (escritorio extendido) para mejorar la eficiencia del trabajo. El cable adaptador funciona con fuentes de video y pantallas 4K@60Hz, lo cual garantiza que se mantiene una calidad impresionante de imagen, cuatro veces la resoluci\u00f3n de 1080p, al convertir Mini DisplayPort a HDMI.<\/p>\n<p>Marca: NETCOM.<\/p>\n<p>Modelo: PE-MDH102.<\/p>\n<p>Marca 100% peruana, producto avalado por la garant\u00eda de NETCOM y con soporte t\u00e9cnico gratuito de por vida.<\/p>\n","protected":false},"featured_media":11264,"template":"","meta":[],"product_brand":[],"product_cat":[146,161],"product_tag":[],"class_list":{"0":"post-11263","1":"product","2":"type-product","3":"status-publish","4":"has-post-thumbnail","6":"product_cat-cables","7":"product_cat-cables-displayport","10":"first","11":"instock","12":"shipping-taxable","13":"product-type-simple"},"_links":{"self":[{"href":"https:\/\/grupoplasma.com\/netcom\/wp-json\/wp\/v2\/product\/11263","targetHints":{"allow":["GET"]}}],"collection":[{"href":"https:\/\/grupoplasma.com\/netcom\/wp-json\/wp\/v2\/product"}],"about":[{"href":"https:\/\/grupoplasma.com\/netcom\/wp-json\/wp\/v2\/types\/product"}],"wp:featuredmedia":[{"embeddable":true,"href":"https:\/\/grupoplasma.com\/netcom\/wp-json\/wp\/v2\/media\/11264"}],"wp:attachment":[{"href":"https:\/\/grupoplasma.com\/netcom\/wp-json\/wp\/v2\/media?parent=11263"}],"wp:term":[{"taxonomy":"product_brand","embeddable":true,"href":"https:\/\/grupoplasma.com\/netcom\/wp-json\/wp\/v2\/product_brand?post=11263"},{"taxonomy":"product_cat","embeddable":true,"href":"https:\/\/grupoplasma.com\/netcom\/wp-json\/wp\/v2\/product_cat?post=11263"},{"taxonomy":"product_tag","embeddable":true,"href":"https:\/\/grupoplasma.com\/netcom\/wp-json\/wp\/v2\/product_tag?post=11263"}],"curies":[{"name":"wp","href":"https:\/\/api.w.org\/{rel}","templated":true}]}}