{"id":11255,"date":"2025-05-12T22:44:50","date_gmt":"2025-05-12T22:44:50","guid":{"rendered":"https:\/\/grupoplasma.com\/netcom\/?post_type=product&#038;p=11255"},"modified":"2025-05-12T22:44:50","modified_gmt":"2025-05-12T22:44:50","slug":"adaptador-usb-3-0-a-hdmi-2","status":"publish","type":"product","link":"https:\/\/grupoplasma.com\/netcom\/producto\/adaptador-usb-3-0-a-hdmi-2\/","title":{"rendered":"Adaptador USB 3.0 a HDMI"},"content":{"rendered":"<p>El adaptador compacto USB 3.0 a HDMI, convierte un puerto USB 3.0 en un puerto de salida HDMI con soporte para audio y video de 1920&#215;1200 2K@30Hz \/ 1080p. El adaptador minimiza los enredos de cables gracias a su dise\u00f1o, que se mimetiza sin problemas con su cable de video, es una soluci\u00f3n ideal que ahorra espacio en aplicaciones con varios monitores para su uso con computadores Ultrabook\u2122, port\u00e1tiles o de escritorio.<\/p>\n<p>Al funcionar como una tarjeta gr\u00e1fica externa, este adaptador USB a HDMI ofrece una manera pr\u00e1ctica de a\u00f1adir capacidad multimonitor a un PC de escritorio o port\u00e1til con puerto USB 3.0 disponible (rendimiento \u00f3ptimo con USB 3.0, retrocompatible con USB 2.0). Para ahorrar espacio al viajar, este adaptador USB a HDMI ultra port\u00e1til, tiene un dise\u00f1o de huella peque\u00f1a y de poco peso que cabe f\u00e1cilmente en un malet\u00edn para port\u00e1til.<\/p>\n<p>Al aprovechar la interfaz Super Speed USB 3.0 de alto ancho de banda (5 Gbps), el adaptador entrega contenido fluido de alta definici\u00f3n a su proyector u monitor HDMI. El adaptador puede ser utilizado para duplicar el escritorio del PC, pudiendo mostrar la misma imagen en todas las pantallas, o extender el escritorio para duplicar su espacio de trabajo y as\u00ed incrementar su productividad. Amplia compatibilidad, admite los sistemas operativos Windows 11, Windows 10, Windows 8.1, Windows 8, Windows 7, Mac Os.<\/p>\n<p>Nota: No es compatible con Linux \/ Android \/ Chromebook \/ Windows XP.<\/p>\n","protected":false},"excerpt":{"rendered":"<p>El adaptador compacto USB 3.0 a HDMI, convierte un puerto USB 3.0 en un puerto de salida HDMI con soporte para audio y video de 1920&#215;1200 2K@30Hz \/ 1080p. El adaptador minimiza los enredos de cables gracias a su dise\u00f1o, que se mimetiza sin problemas con su cable de video, es una soluci\u00f3n ideal que ahorra espacio en aplicaciones con varios monitores para su uso con computadores Ultrabook\u2122, port\u00e1tiles o de escritorio.<\/p>\n<p>Marca: NETCOM.<\/p>\n<p>Modelo: PE-CB0858.<\/p>\n<p>Marca 100% peruana, producto avalado por la garant\u00eda de NETCOM y con soporte t\u00e9cnico gratuito de por vida.<\/p>\n","protected":false},"featured_media":11256,"template":"","meta":[],"product_brand":[],"product_cat":[147,162],"product_tag":[],"class_list":{"0":"post-11255","1":"product","2":"type-product","3":"status-publish","4":"has-post-thumbnail","6":"product_cat-adaptadores","7":"product_cat-adaptadores-usb","10":"first","11":"instock","12":"shipping-taxable","13":"product-type-simple"},"_links":{"self":[{"href":"https:\/\/grupoplasma.com\/netcom\/wp-json\/wp\/v2\/product\/11255","targetHints":{"allow":["GET"]}}],"collection":[{"href":"https:\/\/grupoplasma.com\/netcom\/wp-json\/wp\/v2\/product"}],"about":[{"href":"https:\/\/grupoplasma.com\/netcom\/wp-json\/wp\/v2\/types\/product"}],"wp:featuredmedia":[{"embeddable":true,"href":"https:\/\/grupoplasma.com\/netcom\/wp-json\/wp\/v2\/media\/11256"}],"wp:attachment":[{"href":"https:\/\/grupoplasma.com\/netcom\/wp-json\/wp\/v2\/media?parent=11255"}],"wp:term":[{"taxonomy":"product_brand","embeddable":true,"href":"https:\/\/grupoplasma.com\/netcom\/wp-json\/wp\/v2\/product_brand?post=11255"},{"taxonomy":"product_cat","embeddable":true,"href":"https:\/\/grupoplasma.com\/netcom\/wp-json\/wp\/v2\/product_cat?post=11255"},{"taxonomy":"product_tag","embeddable":true,"href":"https:\/\/grupoplasma.com\/netcom\/wp-json\/wp\/v2\/product_tag?post=11255"}],"curies":[{"name":"wp","href":"https:\/\/api.w.org\/{rel}","templated":true}]}}