{"id":11234,"date":"2025-05-10T20:05:05","date_gmt":"2025-05-10T20:05:05","guid":{"rendered":"https:\/\/grupoplasma.com\/netcom\/?post_type=product&#038;p=11234"},"modified":"2025-05-10T20:05:05","modified_gmt":"2025-05-10T20:05:05","slug":"capturador-de-video-hdmi-sdi","status":"publish","type":"product","link":"https:\/\/grupoplasma.com\/netcom\/producto\/capturador-de-video-hdmi-sdi\/","title":{"rendered":"Capturador de Video HDMI &#038; SDI"},"content":{"rendered":"<p>Este capturador USB Live admite captura SDI en Full HD 1080p a 60Hz y captura de video HDMI en Ultra HD 4Kp a 30Hz. Admite m\u00faltiples formatos de salida de video: NV12, YUY2, XRGB y P010, salida XRGB hasta 1080p30Hz. Admite el est\u00e1ndar UVC controlador de reconocimiento autom\u00e1tico (clase de v\u00eddeo USB), no requiere la instalaci\u00f3n de controladores y funciona con la mayor\u00eda del software en Windows o Mac.<\/p>\n<p>Especificaciones:<\/p>\n<p>Interfaz de host: USB 3.1 \/ Entrada de v\u00eddeo: SDI, HDMI \/ Entrada de audio: SDI, HDMI \/ Salida de v\u00eddeo: HDMI \/ Salida de audio: HDMI<\/p>\n<p>Equipos de conexi\u00f3n de aplicaci\u00f3n: c\u00e1mara de v\u00eddeo, c\u00e1mara, equipos m\u00e9dicos, etc.<\/p>\n<p>Resoluci\u00f3n m\u00e1xima de salida HDMI: Entrada SDI: 1080p60. Entrada HDMI: 1080p120, 2160p30<\/p>\n<p>El formato de video de salida m\u00e1s alto del dispositivo: NV12: 2160p30\/1080p120 (solo v\u00e1lido para entrada HDMI), 1440p60, 720p60. YUY2: 1080p60, 1440p50, 720p60. XRGB: 1080p30, 720p60.<\/p>\n<p>La resoluci\u00f3n de captura m\u00e1s alta: SDI: 1080p60, 2160p30, 1440p60. HDMI: 2160p30, 1080p120, 1440p60.<\/p>\n<p>Indicador de trabajo: entrada SDI, entrada HDMI, fuente de alimentaci\u00f3n, trabajo.<\/p>\n<p>Software de soporte: OBS Studio (Windows, OS X), OBS Broadcast (Windows, para Mac OS X), Media Live Encoder (Windows, OS X), Real Producer Plus (Windows), QuickTime Broadcaster (OS X), QuickTime Player (OS X), Windows Media Encoder (Windows), Potplayer (Windows), Xsplit Broadcaster (Windows, OS X), VLC (Windows, OS X, Linux), Wirecast (Windows, OS X), vMix (Windows), AMCAP, etc.<\/p>\n<p>Software de soporte: OBS Studio (Windows, OS X), OBS Broadcast (Windows, para Mac OS X), Media Live Encoder (Windows, OS X), Real Producer Plus (Windows), QuickTime Broadcaster (OS X), QuickTime Player (OS X), Windows Media Encoder (Windows), Potplayer (Windows), Xsplit Broadcaster (Windows, OS X), VLC (Windows, OS X, Linux), Wirecast (Windows, OS X), vMix (Windows), AMCAP, etc.<\/p>\n","protected":false},"excerpt":{"rendered":"<p>Este capturador USB Live admite captura SDI en Full HD 1080p a 60Hz y captura de video HDMI en Ultra HD 4Kp a 30Hz. Admite m\u00faltiples formatos de salida de video: NV12, YUY2, XRGB y P010, salida XRGB hasta 1080p30Hz. Admite el est\u00e1ndar UVC controlador de reconocimiento autom\u00e1tico (clase de v\u00eddeo USB), no requiere la instalaci\u00f3n de controladores y funciona con la mayor\u00eda del software en Windows o Mac.<\/p>\n<p>Marca: NETCOM.<\/p>\n<p>Modelo: PE-EL0284.<\/p>\n<p>Marca 100% peruana, producto avalado por la garant\u00eda de NETCOM y con soporte t\u00e9cnico gratuito de por vida.<\/p>\n","protected":false},"featured_media":11235,"template":"","meta":[],"product_brand":[],"product_cat":[180],"product_tag":[],"class_list":{"0":"post-11234","1":"product","2":"type-product","3":"status-publish","4":"has-post-thumbnail","6":"product_cat-capturadores","9":"first","10":"instock","11":"shipping-taxable","12":"product-type-simple"},"_links":{"self":[{"href":"https:\/\/grupoplasma.com\/netcom\/wp-json\/wp\/v2\/product\/11234","targetHints":{"allow":["GET"]}}],"collection":[{"href":"https:\/\/grupoplasma.com\/netcom\/wp-json\/wp\/v2\/product"}],"about":[{"href":"https:\/\/grupoplasma.com\/netcom\/wp-json\/wp\/v2\/types\/product"}],"wp:featuredmedia":[{"embeddable":true,"href":"https:\/\/grupoplasma.com\/netcom\/wp-json\/wp\/v2\/media\/11235"}],"wp:attachment":[{"href":"https:\/\/grupoplasma.com\/netcom\/wp-json\/wp\/v2\/media?parent=11234"}],"wp:term":[{"taxonomy":"product_brand","embeddable":true,"href":"https:\/\/grupoplasma.com\/netcom\/wp-json\/wp\/v2\/product_brand?post=11234"},{"taxonomy":"product_cat","embeddable":true,"href":"https:\/\/grupoplasma.com\/netcom\/wp-json\/wp\/v2\/product_cat?post=11234"},{"taxonomy":"product_tag","embeddable":true,"href":"https:\/\/grupoplasma.com\/netcom\/wp-json\/wp\/v2\/product_tag?post=11234"}],"curies":[{"name":"wp","href":"https:\/\/api.w.org\/{rel}","templated":true}]}}