{"id":11176,"date":"2025-04-08T22:02:02","date_gmt":"2025-04-08T22:02:02","guid":{"rendered":"https:\/\/grupoplasma.com\/netcom\/?post_type=product&#038;p=11176"},"modified":"2025-04-08T22:02:03","modified_gmt":"2025-04-08T22:02:03","slug":"cable-adaptador-micro-hdmi-macho-a-hdmi-hembra","status":"publish","type":"product","link":"https:\/\/grupoplasma.com\/netcom\/producto\/cable-adaptador-micro-hdmi-macho-a-hdmi-hembra\/","title":{"rendered":"Cable Adaptador Micro HDMI Macho a HDMI Hembra"},"content":{"rendered":"<p>Este cable adaptador Micro HDMI macho a HDMI hembra le permite utilizar un cable est\u00e1ndar HDMI macho a macho para conectar su tel\u00e9fono, tableta, c\u00e1mara digital y otros dispositivos con interfaz Micro HDMI a un HDTV o una pantalla de computadora con una interfaz HDMI.<\/p>\n<p>Con un conector HDMI est\u00e1ndar (tipo A) en un extremo y uno Micro HDMI (tipo D) macho en el otro, usted puede hacer esta conversi\u00f3n f\u00e1cilmente y conectarlo a monitores de PC, televisores de alta definici\u00f3n y proyectores HDMI virtualmente en cualquier lugar.<\/p>\n<p>El cable funciona con fuentes de video y pantallas 4K HDMI, lo cual garantiza que se mantiene una calidad impresionante de imagen, cuatro veces la resoluci\u00f3n de 1080p, tambi\u00e9n es retrocompatible con fuentes de video y pantallas de resoluci\u00f3n inferior. Compatible con resoluciones de alta definici\u00f3n de 1080p y 720p, garantiza la compatibilidad futura de su configuraci\u00f3n existente con video 4K.<\/p>\n<p>Construido con conectores chapados en oro de primera calidad y una chaqueta trenzada de nailon de alta calidad, este cable Micro HDMI es m\u00e1s duradero y flexible, lo que garantiza una vida \u00fatil m\u00e1s larga. El blindaje m\u00faltiple protege contra la interferencia RF \/ EM, manteniendo una se\u00f1al clara con poca p\u00e9rdida de ancho de banda para un alto rendimiento.<\/p>\n<p>&nbsp;<\/p>\n<p>&nbsp;<\/p>\n","protected":false},"excerpt":{"rendered":"<p>Este cable adaptador Micro HDMI macho a HDMI hembra le permite utilizar un cable est\u00e1ndar HDMI macho a macho para conectar su tel\u00e9fono, tableta, c\u00e1mara digital y otros dispositivos con interfaz Micro HDMI a un HDTV o una pantalla de computadora con una interfaz HDMI.<\/p>\n<p>Con un conector HDMI est\u00e1ndar (tipo A) en un extremo y uno Micro HDMI (tipo D) macho en el otro, usted puede hacer esta conversi\u00f3n f\u00e1cilmente y conectarlo a monitores de PC, televisores de alta definici\u00f3n y proyectores HDMI virtualmente en cualquier lugar.<\/p>\n<p>Marca: NETCOM.<\/p>\n<p>Modelo: PE-VA0375.<\/p>\n<p>Marca 100% peruana, producto avalado por la garant\u00eda de NETCOM y con soporte t\u00e9cnico gratuito de por vida.<\/p>\n","protected":false},"featured_media":11177,"template":"","meta":[],"product_brand":[],"product_cat":[147,164],"product_tag":[],"class_list":{"0":"post-11176","1":"product","2":"type-product","3":"status-publish","4":"has-post-thumbnail","6":"product_cat-adaptadores","7":"product_cat-adaptadores-de-a-v","10":"first","11":"instock","12":"shipping-taxable","13":"product-type-simple"},"_links":{"self":[{"href":"https:\/\/grupoplasma.com\/netcom\/wp-json\/wp\/v2\/product\/11176","targetHints":{"allow":["GET"]}}],"collection":[{"href":"https:\/\/grupoplasma.com\/netcom\/wp-json\/wp\/v2\/product"}],"about":[{"href":"https:\/\/grupoplasma.com\/netcom\/wp-json\/wp\/v2\/types\/product"}],"wp:featuredmedia":[{"embeddable":true,"href":"https:\/\/grupoplasma.com\/netcom\/wp-json\/wp\/v2\/media\/11177"}],"wp:attachment":[{"href":"https:\/\/grupoplasma.com\/netcom\/wp-json\/wp\/v2\/media?parent=11176"}],"wp:term":[{"taxonomy":"product_brand","embeddable":true,"href":"https:\/\/grupoplasma.com\/netcom\/wp-json\/wp\/v2\/product_brand?post=11176"},{"taxonomy":"product_cat","embeddable":true,"href":"https:\/\/grupoplasma.com\/netcom\/wp-json\/wp\/v2\/product_cat?post=11176"},{"taxonomy":"product_tag","embeddable":true,"href":"https:\/\/grupoplasma.com\/netcom\/wp-json\/wp\/v2\/product_tag?post=11176"}],"curies":[{"name":"wp","href":"https:\/\/api.w.org\/{rel}","templated":true}]}}