{"id":11129,"date":"2025-03-14T20:57:00","date_gmt":"2025-03-14T20:57:00","guid":{"rendered":"https:\/\/grupoplasma.com\/netcom\/?post_type=product&#038;p=11129"},"modified":"2025-11-04T21:50:45","modified_gmt":"2025-11-04T21:50:45","slug":"cable-hdmi-v2-1-de-100-metros","status":"publish","type":"product","link":"https:\/\/grupoplasma.com\/netcom\/producto\/cable-hdmi-v2-1-de-100-metros\/","title":{"rendered":"Cable HDMI V2.1 de 100 Metros"},"content":{"rendered":"<p>Este cable HDMI suelto versi\u00f3n 2.1 de 100 metros es ideal para tus proyectos con conexiones HDMI, est\u00e1 compuesto por de 5 cables de datos blindados de 2 conductores trenzados m\u00e1s 4 cables de conmutaci\u00f3n y drenaje, con soporte de hasta 8K para 10 metros y 4k para 20 metros, tambi\u00e9n compatible con 1080p, 3D y Ethernet. Especial para conexi\u00f3n de monitores, proyectores, etc.<\/p>\n<p><strong>Mas Especificaciones<\/strong><\/p>\n<ul>\n<li>Nombre comercial: Cable HDMI V2.1<\/li>\n<li>Longitud: Rollo de 100 metros.<\/li>\n<li>Material: Cubierta de PVC.<\/li>\n<li>Numero de Conductores: 19+1.<\/li>\n<li>Conductores: Hilos de cobre esta\u00f1ado de 30AWG.<\/li>\n<li>Protecci\u00f3n: cinta mylar transparente.<\/li>\n<li>Blindaje: Cinta de aluminio mylar.<\/li>\n<li>Color: Negro.<\/li>\n<li>OD exterior: 6.5mm.<\/li>\n<li>Soporte: Resoluci\u00f3n 8K@60Hz.<\/li>\n<\/ul>\n","protected":false},"excerpt":{"rendered":"<p>Este cable HDMI suelto versi\u00f3n 2.1 de 100 metros es ideal para tus proyectos con conexiones HDMI, est\u00e1 compuesto por de 5 cables de datos blindados de 2 conductores trenzados m\u00e1s 4 cables de conmutaci\u00f3n y drenaje, con soporte de hasta 8K para 10 metros y 4k para 20 metros, tambi\u00e9n compatible con 1080p, 3D y Ethernet. Especial para conexi\u00f3n de monitores, proyectores, etc.<\/p>\n<ul>\n<li>Marca: NETCOM.<\/li>\n<li>Modelo: PE-CHR100.<\/li>\n<\/ul>\n<p>Marca 100% peruana, producto avalado por la garant\u00eda de NETCOM y con soporte t\u00e9cnico gratuito de por vida.<\/p>\n<p>&nbsp;<\/p>\n","protected":false},"featured_media":11130,"template":"","meta":[],"product_brand":[],"product_cat":[146,159],"product_tag":[],"class_list":{"0":"post-11129","1":"product","2":"type-product","3":"status-publish","4":"has-post-thumbnail","6":"product_cat-cables","7":"product_cat-cables-hdmi","10":"first","11":"instock","12":"shipping-taxable","13":"product-type-simple"},"_links":{"self":[{"href":"https:\/\/grupoplasma.com\/netcom\/wp-json\/wp\/v2\/product\/11129","targetHints":{"allow":["GET"]}}],"collection":[{"href":"https:\/\/grupoplasma.com\/netcom\/wp-json\/wp\/v2\/product"}],"about":[{"href":"https:\/\/grupoplasma.com\/netcom\/wp-json\/wp\/v2\/types\/product"}],"wp:featuredmedia":[{"embeddable":true,"href":"https:\/\/grupoplasma.com\/netcom\/wp-json\/wp\/v2\/media\/11130"}],"wp:attachment":[{"href":"https:\/\/grupoplasma.com\/netcom\/wp-json\/wp\/v2\/media?parent=11129"}],"wp:term":[{"taxonomy":"product_brand","embeddable":true,"href":"https:\/\/grupoplasma.com\/netcom\/wp-json\/wp\/v2\/product_brand?post=11129"},{"taxonomy":"product_cat","embeddable":true,"href":"https:\/\/grupoplasma.com\/netcom\/wp-json\/wp\/v2\/product_cat?post=11129"},{"taxonomy":"product_tag","embeddable":true,"href":"https:\/\/grupoplasma.com\/netcom\/wp-json\/wp\/v2\/product_tag?post=11129"}],"curies":[{"name":"wp","href":"https:\/\/api.w.org\/{rel}","templated":true}]}}