{"id":11122,"date":"2025-02-03T22:27:40","date_gmt":"2025-02-03T22:27:40","guid":{"rendered":"https:\/\/grupoplasma.com\/netcom\/?post_type=product&#038;p=11122"},"modified":"2025-02-03T22:27:40","modified_gmt":"2025-02-03T22:27:40","slug":"adaptador-convertidor-sdi-a-hdmi","status":"publish","type":"product","link":"https:\/\/grupoplasma.com\/netcom\/producto\/adaptador-convertidor-sdi-a-hdmi\/","title":{"rendered":"Adaptador\/Convertidor SDI a HDMI"},"content":{"rendered":"<p>Este convertidor Mini SDI a HDMI le permite convertir una se\u00f1al de v\u00eddeo SD-SDI, HD-SDI y 3G-SDI en salida de v\u00eddeo HDMI. Para garantizar que se mantiene perfecta calidad de v\u00eddeo de alta definici\u00f3n, el conversor soporta resoluciones de hasta 1080p y tasas de bits de 2.970 Gbit\/s, lo cual permite la conversi\u00f3n de SDI a HDMI sin sacrificar calidad de v\u00eddeo. Soporta distancia de entrada SDI de hasta 100m (3G-SDI), 200m (HD-SDI) o 300m (SD-SDI).<\/p>\n<p>Para una instalaci\u00f3n sin problemas, el conversor SDI a HDMI es una soluci\u00f3n plug-and-play que incluye soportes de montaje previamente instalados y no requiere la instalaci\u00f3n de software ni controladores.<\/p>\n<p>Marca 100% peruana, producto avalado por la garant\u00eda de NETCOM y con soporte t\u00e9cnico gratuito de por vida.<\/p>\n","protected":false},"excerpt":{"rendered":"<p>Este convertidor Mini SDI a HDMI le permite convertir una se\u00f1al de v\u00eddeo SD-SDI, HD-SDI y 3G-SDI en salida de v\u00eddeo HDMI. Para garantizar que se mantiene perfecta calidad de v\u00eddeo de alta definici\u00f3n, el conversor soporta resoluciones de hasta 1080p y tasas de bits de 2.970 Gbit\/s, lo cual permite la conversi\u00f3n de SDI a HDMI sin sacrificar calidad de v\u00eddeo. Soporta distancia de entrada SDI de hasta 100m (3G-SDI), 200m (HD-SDI) o 300m (SD-SDI).<\/p>\n<p>&nbsp;<\/p>\n<p>Marca: NETCOM.<\/p>\n<p>Modelo: PE-SDH010.<\/p>\n<p>Versi\u00f3n: 2025.<\/p>\n","protected":false},"featured_media":11123,"template":"","meta":[],"product_brand":[],"product_cat":[147,164],"product_tag":[],"class_list":{"0":"post-11122","1":"product","2":"type-product","3":"status-publish","4":"has-post-thumbnail","6":"product_cat-adaptadores","7":"product_cat-adaptadores-de-a-v","10":"first","11":"instock","12":"shipping-taxable","13":"product-type-simple"},"_links":{"self":[{"href":"https:\/\/grupoplasma.com\/netcom\/wp-json\/wp\/v2\/product\/11122","targetHints":{"allow":["GET"]}}],"collection":[{"href":"https:\/\/grupoplasma.com\/netcom\/wp-json\/wp\/v2\/product"}],"about":[{"href":"https:\/\/grupoplasma.com\/netcom\/wp-json\/wp\/v2\/types\/product"}],"wp:featuredmedia":[{"embeddable":true,"href":"https:\/\/grupoplasma.com\/netcom\/wp-json\/wp\/v2\/media\/11123"}],"wp:attachment":[{"href":"https:\/\/grupoplasma.com\/netcom\/wp-json\/wp\/v2\/media?parent=11122"}],"wp:term":[{"taxonomy":"product_brand","embeddable":true,"href":"https:\/\/grupoplasma.com\/netcom\/wp-json\/wp\/v2\/product_brand?post=11122"},{"taxonomy":"product_cat","embeddable":true,"href":"https:\/\/grupoplasma.com\/netcom\/wp-json\/wp\/v2\/product_cat?post=11122"},{"taxonomy":"product_tag","embeddable":true,"href":"https:\/\/grupoplasma.com\/netcom\/wp-json\/wp\/v2\/product_tag?post=11122"}],"curies":[{"name":"wp","href":"https:\/\/api.w.org\/{rel}","templated":true}]}}