{"id":11104,"date":"2025-01-23T22:47:27","date_gmt":"2025-01-23T22:47:27","guid":{"rendered":"https:\/\/grupoplasma.com\/netcom\/?post_type=product&#038;p=11104"},"modified":"2025-01-23T22:47:27","modified_gmt":"2025-01-23T22:47:27","slug":"lector-de-tarjetas-usb-3-en-1","status":"publish","type":"product","link":"https:\/\/grupoplasma.com\/netcom\/producto\/lector-de-tarjetas-usb-3-en-1\/","title":{"rendered":"Lector de Tarjetas USB 3 en 1"},"content":{"rendered":"<p>Lector de tarjetas USB 3 en 1 (SD Card \/ TF Card) para transmisi\u00f3n de datos, permite transferencia de archivos, im\u00e1genes, v\u00eddeos desde tarjetas SD\/Micro SD a tu ordenador (PC o MacBook), smartphone Android (con funci\u00f3n OTG). El lector de tarjetas de memoria establece el conector USB 2.0, conector micro USB y conector USB-C permiti\u00e9ndole as\u00ed m\u00faltiples formas de descarga y lectura que te dan m\u00e1s comodidad en la vida diaria y el trabajo.<\/p>\n<p>El adaptador USB-A, USB-C &amp; USB V8 a SD admite todas las tarjetas de memoria populares como SD, SDHC, SDXC, RS-MMC, MMC, Micro SD, Micro SDHC, tarjetas Micro SDXC y UHS-I de gran capacidad hasta 512G.<\/p>\n<p>No se requiere ninguna instalaci\u00f3n de controlador para Windows, Mac OS, Linux, etc. Alimentado mediante un enchufe USB o USB-C, por lo tanto, no se necesita alimentaci\u00f3n adicional. Con protecci\u00f3n contra sobrecorriente, sobretensi\u00f3n y cortocircuitos, el lector de tarjetas USB-C asegura una alta seguridad para todos los dispositivos y tarjetas de memoria conectados.<\/p>\n<p>Nota: Este lector no admite leer dos tarjetas al mismo tiempo.<\/p>\n<p>Marca 100% peruana, producto avalado por la garant\u00eda de NETCOM y con soporte t\u00e9cnico gratuito de por vida.<\/p>\n","protected":false},"excerpt":{"rendered":"<p>Lector de tarjetas USB 3 en 1 (SD Card \/ TF Card) para transmisi\u00f3n de datos, permite transferencia de archivos, im\u00e1genes, v\u00eddeos desde tarjetas SD\/Micro SD a tu ordenador (PC o MacBook), smartphone Android (con funci\u00f3n OTG). El lector de tarjetas de memoria establece el conector USB 2.0, conector micro USB y conector USB-C permiti\u00e9ndole as\u00ed m\u00faltiples formas de descarga y lectura que te dan m\u00e1s comodidad en la vida diaria y el trabajo.<\/p>\n<p>&nbsp;<\/p>\n<p>Marca: NETCOM.<\/p>\n<p>Modelo: PE-LM0100.<\/p>\n<p>Versi\u00f3n: 2025.<\/p>\n","protected":false},"featured_media":11105,"template":"","meta":[],"product_brand":[],"product_cat":[169,148],"product_tag":[],"class_list":{"0":"post-11104","1":"product","2":"type-product","3":"status-publish","4":"has-post-thumbnail","6":"product_cat-accesorios","7":"product_cat-novedades","10":"first","11":"instock","12":"shipping-taxable","13":"product-type-simple"},"_links":{"self":[{"href":"https:\/\/grupoplasma.com\/netcom\/wp-json\/wp\/v2\/product\/11104","targetHints":{"allow":["GET"]}}],"collection":[{"href":"https:\/\/grupoplasma.com\/netcom\/wp-json\/wp\/v2\/product"}],"about":[{"href":"https:\/\/grupoplasma.com\/netcom\/wp-json\/wp\/v2\/types\/product"}],"wp:featuredmedia":[{"embeddable":true,"href":"https:\/\/grupoplasma.com\/netcom\/wp-json\/wp\/v2\/media\/11105"}],"wp:attachment":[{"href":"https:\/\/grupoplasma.com\/netcom\/wp-json\/wp\/v2\/media?parent=11104"}],"wp:term":[{"taxonomy":"product_brand","embeddable":true,"href":"https:\/\/grupoplasma.com\/netcom\/wp-json\/wp\/v2\/product_brand?post=11104"},{"taxonomy":"product_cat","embeddable":true,"href":"https:\/\/grupoplasma.com\/netcom\/wp-json\/wp\/v2\/product_cat?post=11104"},{"taxonomy":"product_tag","embeddable":true,"href":"https:\/\/grupoplasma.com\/netcom\/wp-json\/wp\/v2\/product_tag?post=11104"}],"curies":[{"name":"wp","href":"https:\/\/api.w.org\/{rel}","templated":true}]}}