{"id":11097,"date":"2025-01-23T21:10:25","date_gmt":"2025-01-23T21:10:25","guid":{"rendered":"https:\/\/grupoplasma.com\/netcom\/?post_type=product&#038;p=11097"},"modified":"2025-01-23T21:10:26","modified_gmt":"2025-01-23T21:10:26","slug":"cable-espiralado-mini-hdmi-a-hdmi-de-1-50-metros","status":"publish","type":"product","link":"https:\/\/grupoplasma.com\/netcom\/producto\/cable-espiralado-mini-hdmi-a-hdmi-de-1-50-metros\/","title":{"rendered":"Cable Espiralado Mini HDMI a HDMI de 1.50 Metros"},"content":{"rendered":"<p>Este cable espiral Mini HDMI a HDMI (macho &#8211; macho) de 50 cent\u00edmetros guardado y 1.50 metros extendido, es un cable de calidad superior que te permite transmitir audio y v\u00eddeo desde una c\u00e1mara, tablet o port\u00e1til a trav\u00e9s del puerto Mini HDMI a tu HDTV o proyector con puerto HDMI, te permite jugar en tu pantalla grande de HDTV o compartir v\u00eddeo y audio digital de alta definici\u00f3n con tu familia y amigos. Soporta resoluci\u00f3n 4K a 60Hz (tambi\u00e9n compatible con 2K @165 hz), este cable Mini HDMI garantiza que pueda disfrutar de sus pel\u00edculas, programas y juegos favoritos con un detalle y claridad impresionantes. Admite velocidades de transferencia de datos de hasta 18Gbps, lo que permite una transmisi\u00f3n perfecta de contenido de alto ancho de banda, como video HDR, juegos inmersivos y m\u00e1s.<br \/>\nCompatibilidad universal con transmisi\u00f3n bidireccional mini HDMI a HDMI y HDMI a Mini HDMI, funciona con una amplia gama de dispositivos que cuentan con conexi\u00f3n de entrada o salida Mini HDMI, incluyendo videoc\u00e1mara, tarjeta de video, tarjeta gr\u00e1fica GeForce GT 430, tableta Nvidia Shield K1, Viking Pro 10, NUC Barebones escritorio, etc. Compatible con Raspberry Pi Zero, Pi zero w, Nikon D3200, Nikon D810, Canon EOS 90D y as\u00ed sucesivamente.<br \/>\nDuradero y port\u00e1til con conectores de aluminio, cable forrado con PVC y un dise\u00f1o compacto, este cable mini HDMI est\u00e1 dise\u00f1ado para soportar el desgaste diario y es f\u00e1cil de almacenar y transportar. Tanto si est\u00e1s en casa como en movimiento, este cable es una soluci\u00f3n fiable y conveniente para conectar tus dispositivos con mini HDMI a pantallas HDMI 2.0.<br \/>\nMarca 100% peruana, producto avalado por la garant\u00eda de NETCOM y con soporte t\u00e9cnico gratuito de por vida.<\/p>\n","protected":false},"excerpt":{"rendered":"<p>Este cable espiral Mini HDMI a HDMI (macho &#8211; macho) de 50 cent\u00edmetros guardado y 1.50 metros extendido, es un cable de calidad superior que te permite transmitir audio y v\u00eddeo desde una c\u00e1mara, tablet o port\u00e1til a trav\u00e9s del puerto Mini HDMI a tu HDTV o proyector con puerto HDMI, te permite jugar en tu pantalla grande de HDTV o compartir v\u00eddeo y audio digital de alta definici\u00f3n con tu familia y amigos. Soporta resoluci\u00f3n 4K a 60Hz (tambi\u00e9n compatible con 2K @165 hz), este cable Mini HDMI garantiza que pueda disfrutar de sus pel\u00edculas, programas y juegos favoritos con un detalle y claridad impresionantes. Admite velocidades de transferencia de datos de hasta 18Gbps, lo que permite una transmisi\u00f3n perfecta de contenido de alto ancho de banda, como video HDR, juegos inmersivos y m\u00e1s.<\/p>\n<p>Marca: NETCOM.<br \/>\nModelo: PE-HD0840.<br \/>\nVersi\u00f3n: 2025.<\/p>\n","protected":false},"featured_media":11098,"template":"","meta":[],"product_brand":[],"product_cat":[146,159],"product_tag":[],"class_list":{"0":"post-11097","1":"product","2":"type-product","3":"status-publish","4":"has-post-thumbnail","6":"product_cat-cables","7":"product_cat-cables-hdmi","10":"first","11":"instock","12":"shipping-taxable","13":"product-type-simple"},"_links":{"self":[{"href":"https:\/\/grupoplasma.com\/netcom\/wp-json\/wp\/v2\/product\/11097","targetHints":{"allow":["GET"]}}],"collection":[{"href":"https:\/\/grupoplasma.com\/netcom\/wp-json\/wp\/v2\/product"}],"about":[{"href":"https:\/\/grupoplasma.com\/netcom\/wp-json\/wp\/v2\/types\/product"}],"wp:featuredmedia":[{"embeddable":true,"href":"https:\/\/grupoplasma.com\/netcom\/wp-json\/wp\/v2\/media\/11098"}],"wp:attachment":[{"href":"https:\/\/grupoplasma.com\/netcom\/wp-json\/wp\/v2\/media?parent=11097"}],"wp:term":[{"taxonomy":"product_brand","embeddable":true,"href":"https:\/\/grupoplasma.com\/netcom\/wp-json\/wp\/v2\/product_brand?post=11097"},{"taxonomy":"product_cat","embeddable":true,"href":"https:\/\/grupoplasma.com\/netcom\/wp-json\/wp\/v2\/product_cat?post=11097"},{"taxonomy":"product_tag","embeddable":true,"href":"https:\/\/grupoplasma.com\/netcom\/wp-json\/wp\/v2\/product_tag?post=11097"}],"curies":[{"name":"wp","href":"https:\/\/api.w.org\/{rel}","templated":true}]}}