{"id":11090,"date":"2025-01-22T01:55:23","date_gmt":"2025-01-22T01:55:23","guid":{"rendered":"https:\/\/grupoplasma.com\/netcom\/?post_type=product&#038;p=11090"},"modified":"2025-01-22T01:55:23","modified_gmt":"2025-01-22T01:55:23","slug":"cable-espiralado-micro-hdmi-a-hdmi-de-1-50-metros","status":"publish","type":"product","link":"https:\/\/grupoplasma.com\/netcom\/producto\/cable-espiralado-micro-hdmi-a-hdmi-de-1-50-metros\/","title":{"rendered":"Cable Espiralado Micro HDMI a HDMI de 1.50 Metros"},"content":{"rendered":"<p>Este cable espiral Micro HDMI a HDMI (macho &#8211; macho) de 50 cent\u00edmetros guardado y 1.50 metros extendido, es un cable de calidad superior que te permite transmitir audio y v\u00eddeo desde una c\u00e1mara, tablet o port\u00e1til a trav\u00e9s del puerto Micro HDMI a tu HDTV o proyector con puerto HDMI, te permite jugar en tu pantalla grande de HDTV o compartir v\u00eddeo y audio digital de alta definici\u00f3n con tu familia y amigos. Soporta resoluci\u00f3n 4K a 60Hz (tambi\u00e9n compatible con 2K @165 hz), este micro cable HDMI garantiza que pueda disfrutar de sus pel\u00edculas, programas y juegos favoritos con un detalle y claridad impresionantes. Admite velocidades de transferencia de datos de hasta 18Gbps, lo que permite una transmisi\u00f3n perfecta de contenido de alto ancho de banda, como video HDR, juegos inmersivos y m\u00e1s.<\/p>\n<p>Compatibilidad universal, funciona con una amplia gama de dispositivos, incluyendo Raspberry Pi 4, GoPro Hero 7\/6\/5\/4\/3 \/3+\/2018, Sony A5000 handycam\/A6500 A6000\/A6400\/A73\/A7S c\u00e1mara, Nikon b500\/EOS\/M500\/EOS\/M500 , IdeaPad ix 300 Tableta, Ideatab Miix 700\/Miix 2\/710\/S6000, ThinkPad 10\/8\/Yoga 2\/700\/710\/710s, ZenBook UX305UA y as\u00ed sucesivamente.<\/p>\n<p>Duradero y port\u00e1til con conectores de aluminio, cable forrado con PVC y un dise\u00f1o compacto, este cable micro HDMI est\u00e1 dise\u00f1ado para soportar el desgaste diario y es f\u00e1cil de almacenar y transportar. Tanto si est\u00e1s en casa como en movimiento, este cable es una soluci\u00f3n fiable y conveniente para conectar tus dispositivos con micro HDMI a pantallas HDMI 2.0.<\/p>\n<p>Marca 100% peruana, producto avalado por la garant\u00eda de NETCOM y con soporte t\u00e9cnico gratuito de por vida.<\/p>\n","protected":false},"excerpt":{"rendered":"<p>Este cable espiral Micro HDMI a HDMI (macho &#8211; macho) de 50 cent\u00edmetros guardado y 1.50 metros extendido, es un cable de calidad superior que te permite transmitir audio y v\u00eddeo desde una c\u00e1mara, tablet o port\u00e1til a trav\u00e9s del puerto Micro HDMI a tu HDTV o proyector con puerto HDMI, te permite jugar en tu pantalla grande de HDTV o compartir v\u00eddeo y audio digital de alta definici\u00f3n con tu familia y amigos. Soporta resoluci\u00f3n 4K a 60Hz (tambi\u00e9n compatible con 2K @165 hz), este micro cable HDMI garantiza que pueda disfrutar de sus pel\u00edculas, programas y juegos favoritos con un detalle y claridad impresionantes.<\/p>\n<p>&nbsp;<\/p>\n<p>Marca: NETCOM.<br \/>\nModelo: PE-HD0830.<br \/>\nVersi\u00f3n: 2025.<\/p>\n","protected":false},"featured_media":11091,"template":"","meta":[],"product_brand":[],"product_cat":[146,159],"product_tag":[],"class_list":{"0":"post-11090","1":"product","2":"type-product","3":"status-publish","4":"has-post-thumbnail","6":"product_cat-cables","7":"product_cat-cables-hdmi","10":"first","11":"instock","12":"shipping-taxable","13":"product-type-simple"},"_links":{"self":[{"href":"https:\/\/grupoplasma.com\/netcom\/wp-json\/wp\/v2\/product\/11090","targetHints":{"allow":["GET"]}}],"collection":[{"href":"https:\/\/grupoplasma.com\/netcom\/wp-json\/wp\/v2\/product"}],"about":[{"href":"https:\/\/grupoplasma.com\/netcom\/wp-json\/wp\/v2\/types\/product"}],"wp:featuredmedia":[{"embeddable":true,"href":"https:\/\/grupoplasma.com\/netcom\/wp-json\/wp\/v2\/media\/11091"}],"wp:attachment":[{"href":"https:\/\/grupoplasma.com\/netcom\/wp-json\/wp\/v2\/media?parent=11090"}],"wp:term":[{"taxonomy":"product_brand","embeddable":true,"href":"https:\/\/grupoplasma.com\/netcom\/wp-json\/wp\/v2\/product_brand?post=11090"},{"taxonomy":"product_cat","embeddable":true,"href":"https:\/\/grupoplasma.com\/netcom\/wp-json\/wp\/v2\/product_cat?post=11090"},{"taxonomy":"product_tag","embeddable":true,"href":"https:\/\/grupoplasma.com\/netcom\/wp-json\/wp\/v2\/product_tag?post=11090"}],"curies":[{"name":"wp","href":"https:\/\/api.w.org\/{rel}","templated":true}]}}