{"id":11023,"date":"2025-01-15T20:22:54","date_gmt":"2025-01-15T20:22:54","guid":{"rendered":"https:\/\/grupoplasma.com\/netcom\/?post_type=product&#038;p=11023"},"modified":"2025-01-15T20:22:54","modified_gmt":"2025-01-15T20:22:54","slug":"herramienta-de-crimpado-sdi-rg6","status":"publish","type":"product","link":"https:\/\/grupoplasma.com\/netcom\/producto\/herramienta-de-crimpado-sdi-rg6\/","title":{"rendered":"Herramienta de Crimpado SDI\/RG6"},"content":{"rendered":"<p>Esta herramienta crimpadora de cableado para conectores de cable SDI, coaxial, RG43, RG69, RG100, RG137, RG213, RG255, BELDEN 8279, 55, 58, 141, 174, 223, 303, 400, fibra \u00f3ptica, le permite ahorrar tiempo y esfuerzo al trabajar con cualquier cable. El trabajo de instalaci\u00f3n se puede resolver con una sola herramienta. lo que permite un agarre ergon\u00f3mico y una acci\u00f3n de compresi\u00f3n c\u00f3moda. Construido con acero especial para herramientas, tratamiento especial de temple y recocido, alta calidad, precisi\u00f3n de engarce. La parte de dise\u00f1o del mango est\u00e1 especialmente dise\u00f1ada para un apalancamiento ergon\u00f3mico y cient\u00edfico para proporcionar una transferencia de torque \u00f3ptima y reducir la fatiga durante la operaci\u00f3n. Con el esfuerzo del dispositivo de trinquete, de modo que la precisi\u00f3n de la matriz de la l\u00ednea de presi\u00f3n sea de hecho, presi\u00f3n repetida, pero tambi\u00e9n para mantener est\u00e1ndares de engarce de alta calidad. Equipado con un dispositivo de ajuste de presi\u00f3n, de acuerdo con la necesidad real de ajustar el tama\u00f1o de la presi\u00f3n, matriz de engarce eficiente y que ahorra mano de obra con formaci\u00f3n de fundici\u00f3n de desparafinado de alta precisi\u00f3n, la precisi\u00f3n de cada matriz es constante, sofisticada y duradera. Certificaci\u00f3n ambiental sin plomo, adecuada para funcionamiento sin plomo. Muy f\u00e1cil de usar para usuarios dom\u00e9sticos o de oficina, principiantes u profesionales permitiendo hacer un trabajo fino y evitando errores.<\/p>\n<p><strong>Mas Especificaciones.<\/strong><\/p>\n<p>Material: acero 45#<\/p>\n<p>Dureza: HRC40 \u00b1 3\u00b0<\/p>\n<p>Material del mango: PP rojo<\/p>\n<p>Medida hexagonal en mm:<\/p>\n<p>.255&#8243; 6.48<\/p>\n<p>.213&#8243; 5.41<\/p>\n<p>.137&#8243; 3.5<\/p>\n<p>.100&#8243; 2.54<\/p>\n<p>.069&#8243; 1.75<\/p>\n<p>.043&#8243; 1.09<\/p>\n<p>Adecuado para cable (tipo RG): 59, 62, 8X, 140, 210, BELDEN8279, 55, 58, 141, 174, 223, 303, 400, fibra \u00f3ptica.<\/p>\n<p>Marca 100% peruana, producto avalado por la garant\u00eda de NETCOM y con soporte t\u00e9cnico gratuito de por vida.<\/p>\n","protected":false},"excerpt":{"rendered":"<p>Esta herramienta crimpadora de cableado para conectores de cable SDI, coaxial, RG43, RG69, RG100, RG137, RG213, RG255, BELDEN 8279, 55, 58, 141, 174, 223, 303, 400, fibra \u00f3ptica, le permite ahorrar tiempo y esfuerzo al trabajar con cualquier cable. El trabajo de instalaci\u00f3n se puede resolver con una sola herramienta. lo que permite un agarre ergon\u00f3mico y una acci\u00f3n de compresi\u00f3n c\u00f3moda. Construido con acero especial para herramientas, tratamiento especial de temple y recocido, alta calidad, precisi\u00f3n de engarce. La parte de dise\u00f1o del mango est\u00e1 especialmente dise\u00f1ada para un apalancamiento ergon\u00f3mico y cient\u00edfico para proporcionar una transferencia de torque \u00f3ptima y reducir la fatiga durante la operaci\u00f3n.<\/p>\n<p>&nbsp;<\/p>\n<p>Marca: NETCOM.<br \/>\nModelo: PE-ET0047.<br \/>\nVersi\u00f3n: 2025.<\/p>\n","protected":false},"featured_media":11024,"template":"","meta":[],"product_brand":[],"product_cat":[169],"product_tag":[],"class_list":{"0":"post-11023","1":"product","2":"type-product","3":"status-publish","4":"has-post-thumbnail","6":"product_cat-accesorios","9":"first","10":"instock","11":"shipping-taxable","12":"product-type-simple"},"_links":{"self":[{"href":"https:\/\/grupoplasma.com\/netcom\/wp-json\/wp\/v2\/product\/11023","targetHints":{"allow":["GET"]}}],"collection":[{"href":"https:\/\/grupoplasma.com\/netcom\/wp-json\/wp\/v2\/product"}],"about":[{"href":"https:\/\/grupoplasma.com\/netcom\/wp-json\/wp\/v2\/types\/product"}],"wp:featuredmedia":[{"embeddable":true,"href":"https:\/\/grupoplasma.com\/netcom\/wp-json\/wp\/v2\/media\/11024"}],"wp:attachment":[{"href":"https:\/\/grupoplasma.com\/netcom\/wp-json\/wp\/v2\/media?parent=11023"}],"wp:term":[{"taxonomy":"product_brand","embeddable":true,"href":"https:\/\/grupoplasma.com\/netcom\/wp-json\/wp\/v2\/product_brand?post=11023"},{"taxonomy":"product_cat","embeddable":true,"href":"https:\/\/grupoplasma.com\/netcom\/wp-json\/wp\/v2\/product_cat?post=11023"},{"taxonomy":"product_tag","embeddable":true,"href":"https:\/\/grupoplasma.com\/netcom\/wp-json\/wp\/v2\/product_tag?post=11023"}],"curies":[{"name":"wp","href":"https:\/\/api.w.org\/{rel}","templated":true}]}}