{"id":11014,"date":"2025-01-15T19:39:38","date_gmt":"2025-01-15T19:39:38","guid":{"rendered":"https:\/\/grupoplasma.com\/netcom\/?post_type=product&#038;p=11014"},"modified":"2025-01-15T19:40:04","modified_gmt":"2025-01-15T19:40:04","slug":"cargador-multifuncional-inalambrico","status":"publish","type":"product","link":"https:\/\/grupoplasma.com\/netcom\/producto\/cargador-multifuncional-inalambrico\/","title":{"rendered":"Cargador Multifuncional Inal\u00e1mbrico"},"content":{"rendered":"<p>Este equipo de salida multifuncional con estaci\u00f3n de carga USB puede acomodar hasta 7 puertos, 1 puerto de carga USB, 3 puertos de carga PD, 3 puertos AC y carga inal\u00e1mbrica, soportando carga simult\u00e1nea de m\u00faltiples dispositivos. Experimente la comodidad de cargar hasta 4 dispositivos simult\u00e1neamente a altas velocidades con esta potente estaci\u00f3n de carga USB-C \/ USB-A de 75W con regleta de protecci\u00f3n contra sobretensiones. El bloque de cargador USB viene con 2 tipos de puertos, PD\/3, USB A\/1 CA, por lo que puedes cargar r\u00e1pidamente tus tel\u00e9fonos celulares, tabletas y port\u00e1tiles USB con un solo cargador. El puerto PD-4 del cargador ofrece 45W,\u00a0 PD-3 ofrece 24W, PD-2 ofrece 20W, USB QC-1 ofrece 5V3A, PD20W+ QC ofrece 5V4A y carga inal\u00e1mbrica de 15W de potencia, carga m\u00e1xima total de 72W con enchufe de corriente AC m\u00e1xima de 1000W. Admite carga r\u00e1pida, de potencia potente para laptop que puede aumentar tu MacBook Pro al 50 por ciento en solo 30 minutos. Tambi\u00e9n carga r\u00e1pida simult\u00e1nea PD-2 \/ PD-3 \/ PD-4 de triple puerto para garantizar que sus dispositivos de trabajo y juego siempre funcionen de manera eficiente.\u00a0 La estaci\u00f3n de carga inal\u00e1mbrica cuenta con la nueva tecnolog\u00eda de carga Ultra Speed de 15W, lo que te ahorra un incre\u00edble tiempo de espera de 45 minutos. No hay necesidad de preocuparse por cables de carga enredados, mant\u00e9n los cables organizados para que puedas disfrutar de una estaci\u00f3n de carga ordenada. Admite el protocolo de carga r\u00e1pida PD+QC y es compatible con MacBook Pro\/Air, iPhone 16\/15 o modelos anteriores, iPad Pro\/Air, Samsung Galaxy o modelos anteriores, Google Pixel, Dell XPS, Switch y m\u00e1s, atendiendo a toda la familia y ahorrando dinero y espacio. Protecci\u00f3n de seguridad m\u00faltiple: El cargador multifuncional utiliza la tecnolog\u00eda de chip de \u00faltima generaci\u00f3n de GaN con sistema de protecci\u00f3n m\u00faltiple incorporado y microchip de baja temperatura. GaN proporciona una mayor eficiencia energ\u00e9tica y una mayor disipaci\u00f3n de calor para proteger su equipo el\u00e9ctrico de sobretensi\u00f3n, sobrecorriente, sobrecarga, cortocircuito, sobrecalentamiento<\/p>\n<p>Nota: No conecte aparatos el\u00e9ctricos de alta potencia (AC no mayor a 1000W).<\/p>\n<p>Marca 100% peruana, producto avalado por la garant\u00eda de NETCOM y con soporte t\u00e9cnico gratuito de por vida.<\/p>\n","protected":false},"excerpt":{"rendered":"<p>Este equipo de salida multifuncional con estaci\u00f3n de carga USB puede acomodar hasta 7 puertos, 1 puerto de carga USB, 3 puertos de carga PD, 3 puertos AC y carga inal\u00e1mbrica, soportando carga simult\u00e1nea de m\u00faltiples dispositivos. Experimente la comodidad de cargar hasta 4 dispositivos simult\u00e1neamente a altas velocidades con esta potente estaci\u00f3n de carga USB-C \/ USB-A de 75W con regleta de protecci\u00f3n contra sobretensiones. El bloque de cargador USB viene con 2 tipos de puertos, PD\/3, USB A\/1 CA, por lo que puedes cargar r\u00e1pidamente tus tel\u00e9fonos celulares, tabletas y port\u00e1tiles USB con un solo cargador.<\/p>\n<p>Marca: NETCOM.<br \/>\nModelo: PE-HC0094.<br \/>\nVersi\u00f3n: 2025.<\/p>\n","protected":false},"featured_media":11015,"template":"","meta":[],"product_brand":[],"product_cat":[176],"product_tag":[],"class_list":{"0":"post-11014","1":"product","2":"type-product","3":"status-publish","4":"has-post-thumbnail","6":"product_cat-cargadores","9":"first","10":"instock","11":"shipping-taxable","12":"product-type-simple"},"_links":{"self":[{"href":"https:\/\/grupoplasma.com\/netcom\/wp-json\/wp\/v2\/product\/11014","targetHints":{"allow":["GET"]}}],"collection":[{"href":"https:\/\/grupoplasma.com\/netcom\/wp-json\/wp\/v2\/product"}],"about":[{"href":"https:\/\/grupoplasma.com\/netcom\/wp-json\/wp\/v2\/types\/product"}],"wp:featuredmedia":[{"embeddable":true,"href":"https:\/\/grupoplasma.com\/netcom\/wp-json\/wp\/v2\/media\/11015"}],"wp:attachment":[{"href":"https:\/\/grupoplasma.com\/netcom\/wp-json\/wp\/v2\/media?parent=11014"}],"wp:term":[{"taxonomy":"product_brand","embeddable":true,"href":"https:\/\/grupoplasma.com\/netcom\/wp-json\/wp\/v2\/product_brand?post=11014"},{"taxonomy":"product_cat","embeddable":true,"href":"https:\/\/grupoplasma.com\/netcom\/wp-json\/wp\/v2\/product_cat?post=11014"},{"taxonomy":"product_tag","embeddable":true,"href":"https:\/\/grupoplasma.com\/netcom\/wp-json\/wp\/v2\/product_tag?post=11014"}],"curies":[{"name":"wp","href":"https:\/\/api.w.org\/{rel}","templated":true}]}}