{"id":10977,"date":"2025-01-14T22:42:19","date_gmt":"2025-01-14T22:42:19","guid":{"rendered":"https:\/\/grupoplasma.com\/netcom\/?post_type=product&#038;p=10977"},"modified":"2025-01-14T22:42:19","modified_gmt":"2025-01-14T22:42:19","slug":"tarjeta-de-sonido-externa-usb-a-jack-3-5mm-trrs","status":"publish","type":"product","link":"https:\/\/grupoplasma.com\/netcom\/producto\/tarjeta-de-sonido-externa-usb-a-jack-3-5mm-trrs\/","title":{"rendered":"Tarjeta de Sonido Externa USB a Jack 3.5mm TRRS"},"content":{"rendered":"<div dir=\"auto\"><\/div>\n<div dir=\"auto\">Este adaptador USB a auxiliar soporta escuchar y hablar, a\u00f1ade f\u00e1cilmente un puerto auxiliar TRRS de 3.5 mm integrado para micr\u00f3fono y salida de audio a tus dispositivos. Amplia compatibilidad USB macho con Windows 11\/10\/9\/8\/7\/Vista\/XP, Linux, Mac OS X, Google Chromebook, Raspberry Pi, PS4, PS5 y Windows Surface 3, etc. Conserva todas las funciones de tus auriculares con cable jack de 3,5mm.<\/div>\n<div dir=\"auto\">El adaptador de sonido USB no requiere controlador, Plug and Play; garantizando una transmisi\u00f3n estable permitiendo usar sus auriculares de 3,5mm m\u00e1s c\u00f3modamente. El puerto USB a 3.5 mm ser\u00e1 reconocido autom\u00e1ticamente por el sistema en cuesti\u00f3n de segundos.<\/div>\n<div dir=\"auto\">Est\u00e1 equipado con una carcasa de aluminio, lo que hace que asegura una vida \u00fatil mucho m\u00e1s larga.<\/div>\n<div dir=\"auto\">Tasa de muestreo: La entrada del micr\u00f3fono admite hasta 16bit\/48KHz; la salida de auriculares admite hasta 24bit\/96KHz.<\/div>\n<div dir=\"auto\">Respuesta de frecuencia: 20 &#8211; 20KHz y SNR: &gt;95dB.<\/div>\n<div dir=\"auto\">Notas:<\/div>\n<div dir=\"auto\">No funciona para TV, coche, PS3, amplificadores, reproductores de CD, Xbox o cami\u00f3n USB. puertos.<\/div>\n<div dir=\"auto\">Para usar con PS4\/PS5, el sonido de salida para los canales izquierdo y derecho se invertir\u00e1 como la velocidad de muestreo de sonido de nuestro Adaptador de audio (192K\/24bit). Es mayor que la compatibilidad PS4\/PS5 (48K\/16 bits).<\/div>\n<div dir=\"auto\">NETCOM es una marca 100% peruana.<\/div>\n","protected":false},"excerpt":{"rendered":"<div dir=\"auto\">Este adaptador USB a auxiliar soporta escuchar y hablar, a\u00f1ade f\u00e1cilmente un puerto auxiliar TRRS de 3.5 mm integrado para micr\u00f3fono y salida de audio a tus dispositivos. Amplia compatibilidad USB macho con Windows 11\/10\/9\/8\/7\/Vista\/XP, Linux, Mac OS X, Google Chromebook, Raspberry Pi, PS4, PS5 y Windows Surface 3, etc. Conserva todas las funciones de tus auriculares con cable jack de 3,5mm.<\/div>\n<div dir=\"auto\"><\/div>\n<div dir=\"auto\">Marca: NETCOM.<\/div>\n<div dir=\"auto\">Modelo: PE-SC0036.<\/div>\n<div dir=\"auto\">Versi\u00f3n: 2025.<\/div>\n<div dir=\"auto\"><\/div>\n","protected":false},"featured_media":10978,"template":"","meta":[],"product_brand":[],"product_cat":[147,162],"product_tag":[],"class_list":{"0":"post-10977","1":"product","2":"type-product","3":"status-publish","4":"has-post-thumbnail","6":"product_cat-adaptadores","7":"product_cat-adaptadores-usb","10":"first","11":"instock","12":"shipping-taxable","13":"product-type-simple"},"_links":{"self":[{"href":"https:\/\/grupoplasma.com\/netcom\/wp-json\/wp\/v2\/product\/10977","targetHints":{"allow":["GET"]}}],"collection":[{"href":"https:\/\/grupoplasma.com\/netcom\/wp-json\/wp\/v2\/product"}],"about":[{"href":"https:\/\/grupoplasma.com\/netcom\/wp-json\/wp\/v2\/types\/product"}],"wp:featuredmedia":[{"embeddable":true,"href":"https:\/\/grupoplasma.com\/netcom\/wp-json\/wp\/v2\/media\/10978"}],"wp:attachment":[{"href":"https:\/\/grupoplasma.com\/netcom\/wp-json\/wp\/v2\/media?parent=10977"}],"wp:term":[{"taxonomy":"product_brand","embeddable":true,"href":"https:\/\/grupoplasma.com\/netcom\/wp-json\/wp\/v2\/product_brand?post=10977"},{"taxonomy":"product_cat","embeddable":true,"href":"https:\/\/grupoplasma.com\/netcom\/wp-json\/wp\/v2\/product_cat?post=10977"},{"taxonomy":"product_tag","embeddable":true,"href":"https:\/\/grupoplasma.com\/netcom\/wp-json\/wp\/v2\/product_tag?post=10977"}],"curies":[{"name":"wp","href":"https:\/\/api.w.org\/{rel}","templated":true}]}}