{"id":10967,"date":"2025-01-14T22:36:08","date_gmt":"2025-01-14T22:36:08","guid":{"rendered":"https:\/\/grupoplasma.com\/netcom\/?post_type=product&#038;p=10967"},"modified":"2025-01-14T22:36:08","modified_gmt":"2025-01-14T22:36:08","slug":"adaptador-premium-hdmi-a-vga-full-hd-1080p","status":"publish","type":"product","link":"https:\/\/grupoplasma.com\/netcom\/producto\/adaptador-premium-hdmi-a-vga-full-hd-1080p\/","title":{"rendered":"Adaptador Premium HDMI a VGA Full HD 1080p"},"content":{"rendered":"<div dir=\"auto\"><\/div>\n<div dir=\"auto\">Este adaptador Premium de HDMI\u00ae a VGA\u00ae NETCOM le permite conectar cualquier dispositivo de salida HDMI, como una se\u00f1al de salida de v\u00eddeo de ordenador port\u00e1til o un extensor de medios digitales a un dispositivo de imagen VGA (monitor, proyector), ya que convierte la se\u00f1al de v\u00eddeo HDMI del dispositivo de salida en una se\u00f1al de salida VGA y en una se\u00f1al independiente de audio an\u00e1loga de 2 canales. Este vers\u00e1til adaptador es compatible con resoluciones que incluyen im\u00e1genes de alta definici\u00f3n 1920&#215;1200 o 1080p, lo cual evita gastos de actualizaci\u00f3n a una pantalla VGA compatible. El adaptador HDMI tambi\u00e9n cuenta con alimentaci\u00f3n adicional para aplicaciones que requieren mayor capacidad de corriente, lo cual ahorra tiempo y molestias a la hora de la instalaci\u00f3n. Adem\u00e1s, es posible incorporar la alimentaci\u00f3n de forma f\u00e1cil, mediante el cable Micro-USB, si la fuente de v\u00eddeo tiene un puerto HDMI de bajo consumo.<\/div>\n<div dir=\"auto\">NETCOM es una marca 100% peruana.<\/div>\n","protected":false},"excerpt":{"rendered":"<div dir=\"auto\">Este adaptador Premium de HDMI\u00ae a VGA\u00ae NETCOM le permite conectar cualquier dispositivo de salida HDMI, como una se\u00f1al de salida de v\u00eddeo de ordenador port\u00e1til o un extensor de medios digitales a un dispositivo de imagen VGA (monitor, proyector), ya que convierte la se\u00f1al de v\u00eddeo HDMI del dispositivo de salida en una se\u00f1al de salida VGA y en una se\u00f1al independiente de audio an\u00e1loga de 2 canales.<\/div>\n<div dir=\"auto\"><\/div>\n<div dir=\"auto\">Marca: NETCOM.<\/div>\n<div dir=\"auto\">Modelo: PE-DP0020.<\/div>\n<div dir=\"auto\">Versi\u00f3n: 2025.<\/div>\n<div dir=\"auto\"><\/div>\n","protected":false},"featured_media":10968,"template":"","meta":[],"product_brand":[],"product_cat":[147,164],"product_tag":[],"class_list":{"0":"post-10967","1":"product","2":"type-product","3":"status-publish","4":"has-post-thumbnail","6":"product_cat-adaptadores","7":"product_cat-adaptadores-de-a-v","10":"first","11":"instock","12":"shipping-taxable","13":"product-type-simple"},"_links":{"self":[{"href":"https:\/\/grupoplasma.com\/netcom\/wp-json\/wp\/v2\/product\/10967","targetHints":{"allow":["GET"]}}],"collection":[{"href":"https:\/\/grupoplasma.com\/netcom\/wp-json\/wp\/v2\/product"}],"about":[{"href":"https:\/\/grupoplasma.com\/netcom\/wp-json\/wp\/v2\/types\/product"}],"wp:featuredmedia":[{"embeddable":true,"href":"https:\/\/grupoplasma.com\/netcom\/wp-json\/wp\/v2\/media\/10968"}],"wp:attachment":[{"href":"https:\/\/grupoplasma.com\/netcom\/wp-json\/wp\/v2\/media?parent=10967"}],"wp:term":[{"taxonomy":"product_brand","embeddable":true,"href":"https:\/\/grupoplasma.com\/netcom\/wp-json\/wp\/v2\/product_brand?post=10967"},{"taxonomy":"product_cat","embeddable":true,"href":"https:\/\/grupoplasma.com\/netcom\/wp-json\/wp\/v2\/product_cat?post=10967"},{"taxonomy":"product_tag","embeddable":true,"href":"https:\/\/grupoplasma.com\/netcom\/wp-json\/wp\/v2\/product_tag?post=10967"}],"curies":[{"name":"wp","href":"https:\/\/api.w.org\/{rel}","templated":true}]}}