{"id":10882,"date":"2024-11-21T20:28:48","date_gmt":"2024-11-21T20:28:48","guid":{"rendered":"https:\/\/grupoplasma.com\/netcom\/?post_type=product&#038;p=10882"},"modified":"2024-11-21T20:30:48","modified_gmt":"2024-11-21T20:30:48","slug":"capturador-de-video-hdmi-dual-pip","status":"publish","type":"product","link":"https:\/\/grupoplasma.com\/netcom\/producto\/capturador-de-video-hdmi-dual-pip\/","title":{"rendered":"Capturador de video HDMI dual PIP"},"content":{"rendered":"<div class=\"xdj266r x11i5rnm xat24cr x1mh8g0r x1vvkbs x126k92a\">\n<div dir=\"auto\">\n<div dir=\"auto\">Esta tarjeta capturadora de video cuenta con dos entradas HDMI para capturar y grabar video de alta calidad de m\u00faltiples fuentes simult\u00e1neamente, as\u00ed como ocho botones de conmutaci\u00f3n y botones de zoom\/zoom-in\/zoom para que puedas cambiar entre ellos a voluntad. Experimenta una flexibilidad y control superior en comparaci\u00f3n con las alternativas de entrada \u00fanica. \u00a1Actualiza tu juego de captura de video ahora!. La tarjeta de captura adopta un chip avanzado con amplia compatibilidad, compatible con sistemas convencionales como Windows, Android, MacOS y Linux; OBS, VLC, Skype, Zoom, XSplit, Potplayer y otros programas de grabaci\u00f3n populares; Facebook Live, Youtube Live, TikTok, Twitch y otras redes sociales convencionales. Los botones en la parte superior son una forma conveniente y r\u00e1pida de cambiar entradas\/salidas\/imagen en imagen. La tarjeta de captura HDMI admite entrada HD de hasta 4K@60HZ, resoluci\u00f3n de salida de hasta 1920\u00d71080@60Hz, y tiene transmisi\u00f3n USB 3.0 de alta velocidad, lo que te proporciona una experiencia de juego inmersiva y fluida. Incorpora tecnolog\u00eda de latencia ultra baja con una latencia inferior a 30 milisegundos, lo que garantiza que tu experiencia de juego sea lo m\u00e1s fluida y sensible posible, logrando una sincronizaci\u00f3n perfecta de audio y video, eliminando retrasos y permiti\u00e9ndote reaccionar r\u00e1pidamente a cada movimiento.<br \/>\nPlug and Play: la tarjeta de captura no requiere instalaci\u00f3n del driver, por lo que es f\u00e1cil capturar y grabar v\u00eddeo y audio de alta calidad desde varios dispositivos. Es port\u00e1til y f\u00e1cil de instalar, por lo que es ideal transmisi\u00f3n en vivo, salas de conferencias, grabaci\u00f3n de video y mucho m\u00e1s.<br \/>\nMarca 100% peruana, producto avalado por la garant\u00eda de NETCOM y con soporte t\u00e9cnico gratuito de por vida.<\/div>\n<\/div>\n<\/div>\n","protected":false},"excerpt":{"rendered":"<div class=\"xdj266r x11i5rnm xat24cr x1mh8g0r x1vvkbs x126k92a\">\n<div dir=\"auto\">\n<div dir=\"auto\">Esta tarjeta capturadora de video cuenta con dos entradas HDMI para capturar y grabar video de alta calidad de m\u00faltiples fuentes simult\u00e1neamente, as\u00ed como ocho botones de conmutaci\u00f3n y botones de zoom\/zoom-in\/zoom para que puedas cambiar entre ellos a voluntad. Experimenta una flexibilidad y control superior en comparaci\u00f3n con las alternativas de entrada \u00fanica.<\/div>\n<div dir=\"auto\"><\/div>\n<\/div>\n<\/div>\n<div class=\"x11i5rnm xat24cr x1mh8g0r x1vvkbs xtlvy1s x126k92a\">\n<div dir=\"auto\">Marca: NETCOM.<\/div>\n<div dir=\"auto\">Modelo: PE-EL0287.<\/div>\n<div dir=\"auto\">Versi\u00f3n: 2025.<\/div>\n<\/div>\n","protected":false},"featured_media":10883,"template":"","meta":[],"product_brand":[],"product_cat":[180,120],"product_tag":[],"class_list":{"0":"post-10882","1":"product","2":"type-product","3":"status-publish","4":"has-post-thumbnail","6":"product_cat-capturadores","7":"product_cat-ofertas","10":"first","11":"instock","12":"shipping-taxable","13":"product-type-simple"},"_links":{"self":[{"href":"https:\/\/grupoplasma.com\/netcom\/wp-json\/wp\/v2\/product\/10882","targetHints":{"allow":["GET"]}}],"collection":[{"href":"https:\/\/grupoplasma.com\/netcom\/wp-json\/wp\/v2\/product"}],"about":[{"href":"https:\/\/grupoplasma.com\/netcom\/wp-json\/wp\/v2\/types\/product"}],"wp:featuredmedia":[{"embeddable":true,"href":"https:\/\/grupoplasma.com\/netcom\/wp-json\/wp\/v2\/media\/10883"}],"wp:attachment":[{"href":"https:\/\/grupoplasma.com\/netcom\/wp-json\/wp\/v2\/media?parent=10882"}],"wp:term":[{"taxonomy":"product_brand","embeddable":true,"href":"https:\/\/grupoplasma.com\/netcom\/wp-json\/wp\/v2\/product_brand?post=10882"},{"taxonomy":"product_cat","embeddable":true,"href":"https:\/\/grupoplasma.com\/netcom\/wp-json\/wp\/v2\/product_cat?post=10882"},{"taxonomy":"product_tag","embeddable":true,"href":"https:\/\/grupoplasma.com\/netcom\/wp-json\/wp\/v2\/product_tag?post=10882"}],"curies":[{"name":"wp","href":"https:\/\/api.w.org\/{rel}","templated":true}]}}