{"id":10862,"date":"2024-08-22T23:58:21","date_gmt":"2024-08-22T23:58:21","guid":{"rendered":"https:\/\/grupoplasma.com\/netcom\/?post_type=product&#038;p=10862"},"modified":"2024-08-22T23:58:21","modified_gmt":"2024-08-22T23:58:21","slug":"cable-patch-cord-fibra-optica-sc-upc-de-150-metros","status":"publish","type":"product","link":"https:\/\/grupoplasma.com\/netcom\/producto\/cable-patch-cord-fibra-optica-sc-upc-de-150-metros\/","title":{"rendered":"Cable Patch Cord Fibra \u00d3ptica SC\/UPC de 150 Metros"},"content":{"rendered":"<div class=\"xdj266r x11i5rnm xat24cr x1mh8g0r x1vvkbs x126k92a\">\n<div dir=\"auto\">El cable extensi\u00f3n o patch cord de fibra \u00f3ptica SC\/UPC a SC\/UPC con l\u00ednea de conversi\u00f3n exterior de 1 n\u00facleo monomodo , proporciona transmisiones de datos a alto ancho de banda a trav\u00e9s de redes Gigabit Ethernet y canal de fibra, con soporte para aplicaciones monomodo, apto para para centros de datos de Internet, monitoreo de seguridad, banda ancha dom\u00e9stica, TV digital, oficinas administrativas, cableado reservado interior y exterior, etc.<\/div>\n<div dir=\"auto\">Este cable de parcheo SC\/UPC est\u00e1 recubierto con material de PVC, a fin de reducir al la toxicidad y la corrosi\u00f3n en caso de exposici\u00f3n al calor. Es un cable de fibra \u00f3ptica profesional, que est\u00e1 hecho de materiales de alta calidad y est\u00e1 fabricado por expertos para garantizar la m\u00e1xima durabilidad.<\/div>\n<div dir=\"auto\"><\/div>\n<\/div>\n<div class=\"x11i5rnm xat24cr x1mh8g0r x1vvkbs xtlvy1s x126k92a\">\n<div dir=\"auto\"><strong>Caracter\u00edsticas<\/strong><\/div>\n<div dir=\"auto\">Longitud: 150 metros<\/div>\n<div dir=\"auto\">Adecuado para redes de telecomunicaciones<\/div>\n<div dir=\"auto\">Alta durabilidad y fiabilidad<\/div>\n<div dir=\"auto\">La piel est\u00e1 hecha de material de PVC respetuoso con el medio ambiente<\/div>\n<div dir=\"auto\">El alambre de acero reforzado con fosfato es m\u00e1s fuerte y duradero<\/div>\n<div dir=\"auto\">Baja p\u00e9rdida de inserci\u00f3n y alta p\u00e9rdida de retorno<\/div>\n<div dir=\"auto\"><\/div>\n<\/div>\n<div class=\"x11i5rnm xat24cr x1mh8g0r x1vvkbs xtlvy1s x126k92a\">\n<div dir=\"auto\"><strong>Especificaciones<\/strong><\/div>\n<div dir=\"auto\">Tipo: Cable de extensi\u00f3n de fibra \u00f3ptica<\/div>\n<div dir=\"auto\">P\u00e9rdida de inserci\u00f3n: \u2264 0.3dB<\/div>\n<div dir=\"auto\">P\u00e9rdida de retorno: \u2265 50dB<\/div>\n<div dir=\"auto\">Atenuaci\u00f3n de luz: \u2264 0.3dB<\/div>\n<div dir=\"auto\">Intercambiabilidad: \u2264 0.2dB<\/div>\n<div dir=\"auto\">Certificaci\u00f3n: 202301010080<\/div>\n<div dir=\"auto\">Durabilidad; \u2265 1000 veces<\/div>\n<div dir=\"auto\">Longitud de onda de trabajo: 1310-1550nm<\/div>\n<div dir=\"auto\">Resistencia a la tracci\u00f3n: 45kg<\/div>\n<div dir=\"auto\">Fuerza de compresi\u00f3n: 600N<\/div>\n<div dir=\"auto\">Tipo de interfaz: SC\/UPC<\/div>\n<div dir=\"auto\">Radio de flexi\u00f3n m\u00ednimo: 3,8 cm<\/div>\n<div dir=\"auto\">Tiempos de inserci\u00f3n y extracci\u00f3n: &gt;1000<\/div>\n<div dir=\"auto\">Temperatura de trabajo: -40 \u2103 ~ 85 \u2103<\/div>\n<div dir=\"auto\">Notas Importantes:<\/div>\n<div dir=\"auto\">1. Por favor, trate el cable patch cord de fibra suavemente a medida que realiza la instalaci\u00f3n.<\/div>\n<div dir=\"auto\">2. Debido a la naturaleza y las herramientas de medici\u00f3n, junto con la medici\u00f3n y corte puramente manual del cable, puede causar un error de longitud de 1%-5%.<\/div>\n<\/div>\n","protected":false},"excerpt":{"rendered":"<div class=\"xdj266r x11i5rnm xat24cr x1mh8g0r x1vvkbs x126k92a\">\n<div dir=\"auto\">El cable extensi\u00f3n o patch cord de fibra \u00f3ptica SC\/UPC a SC\/UPC con l\u00ednea de conversi\u00f3n exterior de 1 n\u00facleo monomodo , proporciona transmisiones de datos a alto ancho de banda a trav\u00e9s de redes Gigabit Ethernet y canal de fibra, con soporte para aplicaciones monomodo, apto para para centros de datos de Internet, monitoreo de seguridad, banda ancha dom\u00e9stica, TV digital, oficinas administrativas, cableado reservado interior y exterior, etc.<\/div>\n<\/div>\n<div class=\"x11i5rnm xat24cr x1mh8g0r x1vvkbs xtlvy1s x126k92a\">\n<div dir=\"auto\"><\/div>\n<div dir=\"auto\">Marca: NETCOM.<\/div>\n<div dir=\"auto\">Modelo: PE-UF0150.<\/div>\n<div dir=\"auto\">Versi\u00f3n: 2024.<\/div>\n<div dir=\"auto\">Marca 100% peruana, producto avalado por la garant\u00eda de NETCOM y con soporte t\u00e9cnico gratuito de por vida.<\/div>\n<\/div>\n","protected":false},"featured_media":10854,"template":"","meta":[],"product_brand":[],"product_cat":[146,178],"product_tag":[],"class_list":{"0":"post-10862","1":"product","2":"type-product","3":"status-publish","4":"has-post-thumbnail","6":"product_cat-cables","7":"product_cat-fibra-optica","10":"first","11":"instock","12":"shipping-taxable","13":"product-type-simple"},"_links":{"self":[{"href":"https:\/\/grupoplasma.com\/netcom\/wp-json\/wp\/v2\/product\/10862","targetHints":{"allow":["GET"]}}],"collection":[{"href":"https:\/\/grupoplasma.com\/netcom\/wp-json\/wp\/v2\/product"}],"about":[{"href":"https:\/\/grupoplasma.com\/netcom\/wp-json\/wp\/v2\/types\/product"}],"wp:featuredmedia":[{"embeddable":true,"href":"https:\/\/grupoplasma.com\/netcom\/wp-json\/wp\/v2\/media\/10854"}],"wp:attachment":[{"href":"https:\/\/grupoplasma.com\/netcom\/wp-json\/wp\/v2\/media?parent=10862"}],"wp:term":[{"taxonomy":"product_brand","embeddable":true,"href":"https:\/\/grupoplasma.com\/netcom\/wp-json\/wp\/v2\/product_brand?post=10862"},{"taxonomy":"product_cat","embeddable":true,"href":"https:\/\/grupoplasma.com\/netcom\/wp-json\/wp\/v2\/product_cat?post=10862"},{"taxonomy":"product_tag","embeddable":true,"href":"https:\/\/grupoplasma.com\/netcom\/wp-json\/wp\/v2\/product_tag?post=10862"}],"curies":[{"name":"wp","href":"https:\/\/api.w.org\/{rel}","templated":true}]}}