{"id":10840,"date":"2024-08-22T21:46:53","date_gmt":"2024-08-22T21:46:53","guid":{"rendered":"https:\/\/grupoplasma.com\/netcom\/?post_type=product&#038;p=10840"},"modified":"2024-08-22T21:48:31","modified_gmt":"2024-08-22T21:48:31","slug":"cable-patch-cord-cat8-de-1-metro","status":"publish","type":"product","link":"https:\/\/grupoplasma.com\/netcom\/producto\/cable-patch-cord-cat8-de-1-metro\/","title":{"rendered":"Cable Patch Cord CAT8 de 1 Metro"},"content":{"rendered":"<p>Conecte a un conmutador o dispositivo de red de 25\/40Gbps utilizando este cable Ethernet de categor\u00eda 8 S\/FTP. La frecuencia m\u00e1xima de 2000MHz permite un rendimiento hasta cuatro veces superior al de la Cat6a. La construcci\u00f3n de par trenzado blindado y con l\u00e1mina de 4 pares (S\/FTP) utiliza alambre de cobre puro de 26 AWG OD: 6.0mm para mejorar la conductividad y reducir la resistencia, lo que garantiza una transmisi\u00f3n fiable y una p\u00e9rdida de se\u00f1al m\u00ednima. El cable Ethernet Cat8 cuenta con conectores chapados en oro que permiten un ajuste preciso para minimizar el desgaste y est\u00e1n clasificados para m\u00e1s de 750 ciclos de acoplamiento del conector. La cubierta flexible retardante de llama LSZH (Low Smoke Zero Halogen) emite poco humo y gases t\u00f3xicos cuando se expone a un calor extremo o en caso de incendio. Esto permite realizar instalaciones m\u00e1s seguras en zonas poco ventiladas, incluidos algunos entornos industriales, entornos aut\u00f3nomos como trenes y aviones, as\u00ed como entornos residenciales en los que debe tenerse en cuenta el cumplimiento de los c\u00f3digos de construcci\u00f3n. El cableado de cobre puro ofrece unas caracter\u00edsticas de rendimiento uniformes en distintos entornos. Cada par est\u00e1 blindado con una l\u00e1mina de aluminio mylar y un trenzado de cobre esta\u00f1ado para mejorar la protecci\u00f3n contra la EMI.<\/p>\n<p>Este cable de conexi\u00f3n Cat8 blindado es ideal para redes 25\/40GBASE-T de alta densidad y admite una salida de hasta 100W para dispositivos de alimentaci\u00f3n a trav\u00e9s de Ethernet (PoE++). Establece conectividad con conmutadores 25G\/40G, almacenamiento conectado a red (NAS), redes de \u00e1rea de almacenamiento (SAN) y m\u00f3dulos SFP. Facilita un flujo y una alimentaci\u00f3n fiables a dispositivos PoE cr\u00edticos y de baja latencia, incluidos conmutadores PoE, puntos de acceso y c\u00e1maras IP.<\/p>\n<p>La compatibilidad con los est\u00e1ndares Cat 6\/6a y Cat 5\/5e garantiza una integraci\u00f3n perfecta en los entornos de red existentes. Nuestros cables Cat8 han sido sometidos a pruebas Fluke para garantizar el rendimiento Cat8.<\/p>\n","protected":false},"excerpt":{"rendered":"<p>Conecte a un conmutador o dispositivo de red de 25\/40Gbps utilizando este cable Ethernet de categor\u00eda 8 S\/FTP. La frecuencia m\u00e1xima de 2000MHz permite un rendimiento hasta cuatro veces superior al de la Cat6a. La construcci\u00f3n de par trenzado blindado y con l\u00e1mina de 4 pares (S\/FTP) utiliza alambre de cobre puro de 26 AWG OD: 6.0mm para mejorar la conductividad y reducir la resistencia, lo que garantiza una transmisi\u00f3n fiable y una p\u00e9rdida de se\u00f1al m\u00ednima.<\/p>\n<p>Marca: NETCOM.<\/p>\n<p>Modelo: PE-UT8001.<\/p>\n<p>Versi\u00f3n: 2024.<\/p>\n<p>Marca 100% peruana, producto avalado por la garant\u00eda de NETCOM y con soporte t\u00e9cnico gratuito de por vida.<\/p>\n","protected":false},"featured_media":10841,"template":"","meta":[],"product_brand":[],"product_cat":[146,177],"product_tag":[],"class_list":{"0":"post-10840","1":"product","2":"type-product","3":"status-publish","4":"has-post-thumbnail","6":"product_cat-cables","7":"product_cat-ethernet","10":"first","11":"instock","12":"shipping-taxable","13":"product-type-simple"},"_links":{"self":[{"href":"https:\/\/grupoplasma.com\/netcom\/wp-json\/wp\/v2\/product\/10840","targetHints":{"allow":["GET"]}}],"collection":[{"href":"https:\/\/grupoplasma.com\/netcom\/wp-json\/wp\/v2\/product"}],"about":[{"href":"https:\/\/grupoplasma.com\/netcom\/wp-json\/wp\/v2\/types\/product"}],"wp:featuredmedia":[{"embeddable":true,"href":"https:\/\/grupoplasma.com\/netcom\/wp-json\/wp\/v2\/media\/10841"}],"wp:attachment":[{"href":"https:\/\/grupoplasma.com\/netcom\/wp-json\/wp\/v2\/media?parent=10840"}],"wp:term":[{"taxonomy":"product_brand","embeddable":true,"href":"https:\/\/grupoplasma.com\/netcom\/wp-json\/wp\/v2\/product_brand?post=10840"},{"taxonomy":"product_cat","embeddable":true,"href":"https:\/\/grupoplasma.com\/netcom\/wp-json\/wp\/v2\/product_cat?post=10840"},{"taxonomy":"product_tag","embeddable":true,"href":"https:\/\/grupoplasma.com\/netcom\/wp-json\/wp\/v2\/product_tag?post=10840"}],"curies":[{"name":"wp","href":"https:\/\/api.w.org\/{rel}","templated":true}]}}