{"id":10805,"date":"2024-07-18T19:41:38","date_gmt":"2024-07-18T19:41:38","guid":{"rendered":"https:\/\/grupoplasma.com\/netcom\/?post_type=product&#038;p=10805"},"modified":"2024-07-18T22:51:52","modified_gmt":"2024-07-18T22:51:52","slug":"divisor-bifurcador-de-audio-1-plug-3-5mm-macho-a-2-jack-3-5mm-hembra","status":"publish","type":"product","link":"https:\/\/grupoplasma.com\/netcom\/producto\/divisor-bifurcador-de-audio-1-plug-3-5mm-macho-a-2-jack-3-5mm-hembra\/","title":{"rendered":"Divisor &#8211; Bifurcador de Audio 1 Plug 3.5mm Macho a 2 Jack 3.5mm Hembra"},"content":{"rendered":"<p>Este cable adaptador de NETCOM es un divisor de auriculares que permite convertir un puerto 3,5 mm de salida de audio en dos puertos distintos: uno de 3,5 mm para auriculares y otro de 3,5 mm para micr\u00f3fono. \u00bfHa adquirido recientemente un ordenador port\u00e1til o Ultrabook y no sabe d\u00f3nde conectarle sus auriculares con micr\u00f3fono favoritos?<\/p>\n<p>La mayor\u00eda de los modelos de PC port\u00e1tiles y Ultrabooks m\u00e1s recientes vienen equipados con un solo puerto de audio de 3,5 mm de 4 posiciones (4 pines), que sirve tanto para la entrada, como la salida de audio. Un gran n\u00famero de auriculares con micr\u00f3fono disponibles en el mercado vienen equipados con dos conectores individuales para auriculares y micr\u00f3fono que no son compatibles con esta nueva configuraci\u00f3n.<\/p>\n<p>El adaptador PE-RS0075 incluye dos puertos de 3,5 mm para 3 posiciones que permiten conexiones del d\u00fao micro\/auriculares por separado y se conecta al puerto de audio \u00fanico en el ordenador port\u00e1til. Alternativamente, tambi\u00e9n es posible conectar un micr\u00f3fono y altavoces con alimentaci\u00f3n independientes, en caso de preferir comunicarse por Skype o de chatear en l\u00ednea sin unos auriculares con micr\u00f3fono.<\/p>\n<p>Conectividad de dispositivos micro\/auriculares<\/p>\n<p>Basta con enchufar el conector de los auriculares en el puerto de salida de audio rotulado con el s\u00edmbolo de auriculares y enchufar el conector del micr\u00f3fono en el puerto de entrada de audio rotulado con el s\u00edmbolo de micr\u00f3fono. Conecte el adaptador en el puerto de audio del ordenador port\u00e1til y \u00a1listo!<\/p>\n<p>Conectividad para micr\u00f3fono y altavoces con alimentaci\u00f3n<\/p>\n<p>\u00bfDesea trabajar o utilizar videojuegos sin necesidad de unos auriculares con micr\u00f3fono?<\/p>\n<p>El adaptador tambi\u00e9n le permite conectar un micr\u00f3fono y altavoces con alimentaci\u00f3n a un ordenador port\u00e1til. Basta con conectar el micr\u00f3fono al puerto de entrada de audio rotulado con el s\u00edmbolo de micr\u00f3fono y conectar los auriculares con alimentaci\u00f3n al puerto de salida de audio rotulado con el s\u00edmbolo de auriculares, y luego conectar el adaptador al puerto de audio del ordenador port\u00e1til.<\/p>\n<p>Mant\u00e9ngase en contacto al viajar<\/p>\n<p>\u00bfTiene que viajar por negocios o placer?<\/p>\n<p>El dise\u00f1o compacto y resistente del adaptador de auriculares con micr\u00f3fono constituye la soluci\u00f3n perfecta para entornos m\u00f3viles.<\/p>\n<p>Guarde el adaptador en la bolsa de transporte de la tableta o cualquier otra bolsa. Funciona a la perfecci\u00f3n con tabletas y smartphones que tienen un solo puerto de audio. Para empezar a comunicarse, basta con enchufar los conectores de los auriculares con micr\u00f3fono en el adaptador y conectar el adaptador al dispositivo m\u00f3vil.<\/p>\n<p><strong>Especificaciones<\/strong><\/p>\n<ul>\n<li>Conecte unos auriculares con micr\u00f3fono equipados con conectores individuales para auriculares y micr\u00f3fono al puerto de audio de su ordenador port\u00e1til.<\/li>\n<li>Conecte un micr\u00f3fono externo y altavoces con alimentaci\u00f3n al puerto de audio de un ordenador port\u00e1til.<\/li>\n<li>Conecte unos auriculares con micr\u00f3fono equipados con conectores individuales para auriculares y micr\u00f3fono al puerto de audio de su tel\u00e9fono o tableta.<\/li>\n<li>Longitud: 0.15 metros.<\/li>\n<\/ul>\n<p><strong>Notas:<\/strong><\/p>\n<ol>\n<li>Este adaptador no es un multiplicador o cable en Y para un dispositivo de auriculares con micr\u00f3fono. No se puede utilizar para multiplicar la salida de audio para dos auriculares con micr\u00f3fono o altavoces independientes.<\/li>\n<li>Es posible que algunos dispositivos m\u00f3viles u ordenadores port\u00e1tiles no funcionen con todos los micr\u00f3fonos externos. Generalmente esto se debe a que la impedancia del micr\u00f3fono y del dispositivo no coinciden. Es una incompatibilidad de hardware y no una limitaci\u00f3n del adaptador PE-RS0075.<\/li>\n<li>Para garantizar una detecci\u00f3n adecuada del hardware, recomendamos que los auriculares externos se conecten al adaptador antes de conectar el adaptador a la computadora o dispositivo m\u00f3vil.<\/li>\n<li>El conector macho de 4 polos de 3,5 mm cumple con el est\u00e1ndar CTIA. Si el puerto hembra de su dispositivo de 3,5 mm tiene el est\u00e1ndar OMTP, la funci\u00f3n Mic no funcionar\u00eda.<\/li>\n<li>Este cable no es compatible con auriculares Beats, Bose y Apple.<\/li>\n<\/ol>\n<p>Marca 100% peruana, producto avalado por la garant\u00eda de NETCOM y con soporte t\u00e9cnico gratuito de por vida.<\/p>\n","protected":false},"excerpt":{"rendered":"<p>Este cable adaptador de NETCOM es un divisor de auriculares que permite convertir un puerto 3,5 mm de salida de audio en dos puertos distintos: uno de 3,5 mm para auriculares y otro de 3,5 mm para micr\u00f3fono. \u00bfHa adquirido recientemente un ordenador port\u00e1til o Ultrabook y no sabe d\u00f3nde conectarle sus auriculares con micr\u00f3fono favoritos?.<\/p>\n<ul>\n<li>Marca: NETCOM.<\/li>\n<li>Modelo: PE-RS0075.<\/li>\n<li>Versi\u00f3n: 2024.<\/li>\n<\/ul>\n<p>&nbsp;<\/p>\n","protected":false},"featured_media":10806,"template":"","meta":[],"product_brand":[],"product_cat":[164,120],"product_tag":[],"class_list":{"0":"post-10805","1":"product","2":"type-product","3":"status-publish","4":"has-post-thumbnail","6":"product_cat-adaptadores-de-a-v","7":"product_cat-ofertas","10":"first","11":"instock","12":"shipping-taxable","13":"product-type-simple"},"_links":{"self":[{"href":"https:\/\/grupoplasma.com\/netcom\/wp-json\/wp\/v2\/product\/10805","targetHints":{"allow":["GET"]}}],"collection":[{"href":"https:\/\/grupoplasma.com\/netcom\/wp-json\/wp\/v2\/product"}],"about":[{"href":"https:\/\/grupoplasma.com\/netcom\/wp-json\/wp\/v2\/types\/product"}],"wp:featuredmedia":[{"embeddable":true,"href":"https:\/\/grupoplasma.com\/netcom\/wp-json\/wp\/v2\/media\/10806"}],"wp:attachment":[{"href":"https:\/\/grupoplasma.com\/netcom\/wp-json\/wp\/v2\/media?parent=10805"}],"wp:term":[{"taxonomy":"product_brand","embeddable":true,"href":"https:\/\/grupoplasma.com\/netcom\/wp-json\/wp\/v2\/product_brand?post=10805"},{"taxonomy":"product_cat","embeddable":true,"href":"https:\/\/grupoplasma.com\/netcom\/wp-json\/wp\/v2\/product_cat?post=10805"},{"taxonomy":"product_tag","embeddable":true,"href":"https:\/\/grupoplasma.com\/netcom\/wp-json\/wp\/v2\/product_tag?post=10805"}],"curies":[{"name":"wp","href":"https:\/\/api.w.org\/{rel}","templated":true}]}}