{"id":10767,"date":"2024-04-03T18:55:03","date_gmt":"2024-04-03T18:55:03","guid":{"rendered":"https:\/\/grupoplasma.com\/netcom\/?post_type=product&#038;p=10767"},"modified":"2024-04-03T18:55:03","modified_gmt":"2024-04-03T18:55:03","slug":"cargador-de-pared-universal-de-65w-2-en-1","status":"publish","type":"product","link":"https:\/\/grupoplasma.com\/netcom\/producto\/cargador-de-pared-universal-de-65w-2-en-1\/","title":{"rendered":"Cargador de Pared Universal de 65W 2 en 1"},"content":{"rendered":"<p>Este cargador r\u00e1pido con puertos USB-C y USB-A de 65W, est\u00e1 integrado en un chip de tecnolog\u00eda GaN inteligente que ofrece m\u00faltiples protecciones como protecci\u00f3n contra cortocircuitos y protecci\u00f3n contra sobrecarga para garantizar la carga segura, proporciona hasta 65W de energ\u00eda y carga r\u00e1pidamente su dispositivo Windows, iOS \/ Android m\u00e1s r\u00e1pido que los cargadores normales. EL cargador de pared PD de 65 W viene con 1 puerto USB-C y 1 puerto USB-A, soporta protocolo de carga r\u00e1pida PD 3,0, QC4.0 +,SCP, MTK adecuado para la mayor\u00eda de tel\u00e9fonos, tabletas, relojes, consolas, altavoces y laptop. USB-PD puede soportar un mayor nivel de potencia de salida, logra tiempos de carga m\u00e1s r\u00e1pidos y carga tel\u00e9fonos inteligentes\/tabletas hasta un 70% m\u00e1s r\u00e1pido que un cargador USB est\u00e1ndar que solo ofrece 5 vatios de potencia. Clavijas de CA plegables de 90\u00b0 y dise\u00f1o f\u00e1cil de viajar que garantiza la m\u00e1xima portabilidad donde quiera que vayas, pr\u00e1ctico para el hogar, oficina, viaje de negocios y cualquier otro lugar; la salida de 2 puertos puede cargar simult\u00e1neamente m\u00faltiples dispositivos, satisface en gran medida las necesidades de carga de varios escenarios y dispositivos.<\/p>\n<p>Cargador de pared seguro y fiable: El sistema de circuito inteligente puede detener autom\u00e1ticamente la carga cuando la energ\u00eda est\u00e1 llena y proporcionar una protecci\u00f3n de carga m\u00e1s segura para sus dispositivos, como protecci\u00f3n contra condiciones de trabajo extremas (como sobrecarga \/ sobrecorriente \/ sobrecalentamiento). Tambi\u00e9n proporciona un PC m\u00e1s seguro + material ign\u00edfugo ABS para proteger sus dispositivos.<\/p>\n<p><strong>Mas Especificaciones:<\/strong><\/p>\n<ul>\n<li>Entrada: 100-260V ~50\/60Hz 0.8\u00aa.<\/li>\n<li>Puerto USB-C individual: 0 ~ 65 W m\u00e1ximo (5V\/3A, 9V\/3A, 12V\/3A, 15V\/3A, 20V3.25A).<\/li>\n<li>Puerto USB-A individual: 0 ~ 36 W m\u00e1x. (5V\/5A, 5V\/4.5A, 5V\/3A, 9V\/2A, 9V\/3A, 12V\/1.5A, 12V\/3A, 20V\/1.8A).<\/li>\n<li>Puerto USB-C + USB-A: C1 PD45W (5V3A, 9V3A, 12V3A, 15V3A, 20V2.25A) + A QC18W (5V3A, 9V2A, 12V1.5A)<\/li>\n<li>Salida total: 65 W m\u00e1x.<\/li>\n<\/ul>\n<p><strong>Notas:<\/strong><\/p>\n<ol>\n<li>Para lograr una carga r\u00e1pida, su laptop, tablet o tel\u00e9fono debe ser compatible con el protocolo de carga r\u00e1pida (el cable debe poder transportar suficiente corriente de 65W).<\/li>\n<li>La velocidad de carga puede variar seg\u00fan los diferentes dispositivos de su equipo.<\/li>\n<\/ol>\n<p>Marca 100% peruana, producto avalado por la garant\u00eda de NETCOM y con soporte t\u00e9cnico gratuito de por vida.<\/p>\n","protected":false},"excerpt":{"rendered":"<p>Este cargador r\u00e1pido con puertos USB-C y USB-A de 65W, est\u00e1 integrado en un chip de tecnolog\u00eda GaN inteligente que ofrece m\u00faltiples protecciones como protecci\u00f3n contra cortocircuitos y protecci\u00f3n contra sobrecarga para garantizar la carga segura, proporciona hasta 65W de energ\u00eda y carga r\u00e1pidamente su dispositivo Windows, iOS \/ Android m\u00e1s r\u00e1pido que los cargadores normales. EL cargador de pared PD de 65 W viene con 1 puerto USB-C y 1 puerto USB-A, soporta protocolo de carga r\u00e1pida PD 3,0, QC4.0 +,SCP, MTK adecuado para la mayor\u00eda de tel\u00e9fonos, tabletas, relojes, consolas, altavoces y laptop. USB-PD puede soportar un mayor nivel de potencia de salida, logra tiempos de carga m\u00e1s r\u00e1pidos y carga tel\u00e9fonos inteligentes\/tabletas hasta un 70% m\u00e1s r\u00e1pido que un cargador USB est\u00e1ndar que solo ofrece 5 vatios de potencia. Clavijas de CA plegables de 90\u00b0 y dise\u00f1o f\u00e1cil de viajar que garantiza la m\u00e1xima portabilidad donde quiera que vayas, pr\u00e1ctico para el hogar, oficina, viaje de negocios y cualquier otro lugar; la salida de 2 puertos puede cargar simult\u00e1neamente m\u00faltiples dispositivos, satisface en gran medida las necesidades de carga de varios escenarios y dispositivos.<\/p>\n<p>\u2022 Marca: NETCOM.<br \/>\n\u2022 Modelo: PE-HC0096.<br \/>\n\u2022 Versi\u00f3n: 2024.<\/p>\n","protected":false},"featured_media":10768,"template":"","meta":[],"product_brand":[],"product_cat":[176],"product_tag":[],"class_list":{"0":"post-10767","1":"product","2":"type-product","3":"status-publish","4":"has-post-thumbnail","6":"product_cat-cargadores","9":"first","10":"instock","11":"shipping-taxable","12":"product-type-simple"},"_links":{"self":[{"href":"https:\/\/grupoplasma.com\/netcom\/wp-json\/wp\/v2\/product\/10767","targetHints":{"allow":["GET"]}}],"collection":[{"href":"https:\/\/grupoplasma.com\/netcom\/wp-json\/wp\/v2\/product"}],"about":[{"href":"https:\/\/grupoplasma.com\/netcom\/wp-json\/wp\/v2\/types\/product"}],"wp:featuredmedia":[{"embeddable":true,"href":"https:\/\/grupoplasma.com\/netcom\/wp-json\/wp\/v2\/media\/10768"}],"wp:attachment":[{"href":"https:\/\/grupoplasma.com\/netcom\/wp-json\/wp\/v2\/media?parent=10767"}],"wp:term":[{"taxonomy":"product_brand","embeddable":true,"href":"https:\/\/grupoplasma.com\/netcom\/wp-json\/wp\/v2\/product_brand?post=10767"},{"taxonomy":"product_cat","embeddable":true,"href":"https:\/\/grupoplasma.com\/netcom\/wp-json\/wp\/v2\/product_cat?post=10767"},{"taxonomy":"product_tag","embeddable":true,"href":"https:\/\/grupoplasma.com\/netcom\/wp-json\/wp\/v2\/product_tag?post=10767"}],"curies":[{"name":"wp","href":"https:\/\/api.w.org\/{rel}","templated":true}]}}