{"id":10759,"date":"2024-03-28T19:02:49","date_gmt":"2024-03-28T19:02:49","guid":{"rendered":"https:\/\/grupoplasma.com\/netcom\/?post_type=product&#038;p=10759"},"modified":"2024-03-28T19:02:49","modified_gmt":"2024-03-28T19:02:49","slug":"cargador-de-pared-universal-con-pantalla-digital-33w-2-en-1","status":"publish","type":"product","link":"https:\/\/grupoplasma.com\/netcom\/producto\/cargador-de-pared-universal-con-pantalla-digital-33w-2-en-1\/","title":{"rendered":"Cargador de Pared Universal Con Pantalla Digital 33W 2 en 1"},"content":{"rendered":"<p>Este cargador r\u00e1pido con puertos USB-C y USB-A, alimentado por USB-C Power Delivery(PD) y tecnolog\u00eda de Quick Charge 3.0, proporciona hasta 33W de energ\u00eda y carga r\u00e1pidamente su dispositivo iOS \/ Android m\u00e1s r\u00e1pido que los cargadores normales. Puede cargar su tel\u00e9fono, tableta, laptop, etc. El cargador cuenta con pantalla digital donde muestra su potencia de carga en tiempo real, el dise\u00f1o \u00fanico le permite conocer la velocidad de carga real, tambi\u00e9n puede usar este cargador para probar si su cable de carga admite carga r\u00e1pida. Adecuado para la mayor\u00eda de dispositivos USB-C y USB-A, compatible con PD3.0 \/ 2.0, QC3.0 \/ 2.0. Dise\u00f1o compacto f\u00e1cil de llevar, agarre c\u00f3modo, se puede poner f\u00e1cilmente en tu bolsillo o bolsa. Es perfecto para cargar tus dispositivos UBC-A y USB-C durante viajes de negocios, viajes, oficina, hogar.<\/p>\n<p>Si desea lograr una carga r\u00e1pida de 33W, use solo el puerto tipo c. Si los dos puertos se usan juntos, la potencia total se reducir\u00e1 a 20W y los dos puertos se dividir\u00e1n de manera inteligente por igual.<\/p>\n<p>Cargador de pared seguro y fiable: El sistema de circuito inteligente puede detener autom\u00e1ticamente la carga cuando la energ\u00eda est\u00e1 llena y proporcionar una protecci\u00f3n de carga m\u00e1s segura para sus dispositivos, como protecci\u00f3n contra condiciones de trabajo extremas (como sobrecarga \/ sobrecorriente \/ sobrecalentamiento). Tambi\u00e9n proporciona un PC m\u00e1s seguro + material ign\u00edfugo ABS para proteger sus dispositivos.<\/p>\n<p><strong>Mas Especificaciones:<\/strong><\/p>\n<ul>\n<li>Entrada: 100-260V ~50\/60Hz 0.8\u00aa.<\/li>\n<li>Puerto USB-C individual: 0 ~ 33 W m\u00e1ximo (5 V, 3 A\/9 V, 3 A\/12 V, 2.5 A\/15 V, 2 A\/20 V, 1.5 A, PPS: 3.3V-11V,3A).<\/li>\n<li>Puerto USB-A individual: 0 ~ 30 W m\u00e1x. (5V=4.5A,9V=3A,12V=2.5A,20V=1.5A).<\/li>\n<li>Puerto USB-C + USB-A: 12 W + 12 W (24 W m\u00e1ximo)<\/li>\n<li>Salida total: 33 W m\u00e1x.<\/li>\n<\/ul>\n<p><strong>Notas:<\/strong><\/p>\n<ol>\n<li>Para lograr una carga r\u00e1pida, el tel\u00e9fono debe ser compatible con el protocolo de carga r\u00e1pida (el cable debe poder transportar suficiente corriente de 33W).<\/li>\n<li>La velocidad de carga puede variar seg\u00fan los diferentes dispositivos del tel\u00e9fono.<\/li>\n<\/ol>\n<p>Marca 100% peruana, producto avalado por la garant\u00eda de NETCOM y con soporte t\u00e9cnico gratuito de por vida.<\/p>\n","protected":false},"excerpt":{"rendered":"<p>Este cargador r\u00e1pido con puertos USB-C y USB-A, alimentado por USB-C Power Delivery(PD) y tecnolog\u00eda de Quick Charge 3.0, proporciona hasta 33W de energ\u00eda y carga r\u00e1pidamente su dispositivo iOS \/ Android m\u00e1s r\u00e1pido que los cargadores normales. Puede cargar su tel\u00e9fono, tableta, laptop, etc. El cargador cuenta con pantalla digital donde muestra su potencia de carga en tiempo real, el dise\u00f1o \u00fanico le permite conocer la velocidad de carga real, tambi\u00e9n puede usar este cargador para probar si su cable de carga admite carga r\u00e1pida. Adecuado para la mayor\u00eda de dispositivos USB-C y USB-A, compatible con PD3.0 \/ 2.0, QC3.0 \/ 2.0. Dise\u00f1o compacto f\u00e1cil de llevar, agarre c\u00f3modo, se puede poner f\u00e1cilmente en tu bolsillo o bolsa. Es perfecto para cargar tus dispositivos UBC-A y USB-C durante viajes de negocios, viajes, oficina, hogar.<\/p>\n<p>\u2022 Marca: NETCOM.<br \/>\n\u2022 Modelo: PE-HC0097.<br \/>\n\u2022 Versi\u00f3n: 2024.<\/p>\n","protected":false},"featured_media":10760,"template":"","meta":[],"product_brand":[],"product_cat":[176],"product_tag":[],"class_list":{"0":"post-10759","1":"product","2":"type-product","3":"status-publish","4":"has-post-thumbnail","6":"product_cat-cargadores","9":"first","10":"instock","11":"shipping-taxable","12":"product-type-simple"},"_links":{"self":[{"href":"https:\/\/grupoplasma.com\/netcom\/wp-json\/wp\/v2\/product\/10759","targetHints":{"allow":["GET"]}}],"collection":[{"href":"https:\/\/grupoplasma.com\/netcom\/wp-json\/wp\/v2\/product"}],"about":[{"href":"https:\/\/grupoplasma.com\/netcom\/wp-json\/wp\/v2\/types\/product"}],"wp:featuredmedia":[{"embeddable":true,"href":"https:\/\/grupoplasma.com\/netcom\/wp-json\/wp\/v2\/media\/10760"}],"wp:attachment":[{"href":"https:\/\/grupoplasma.com\/netcom\/wp-json\/wp\/v2\/media?parent=10759"}],"wp:term":[{"taxonomy":"product_brand","embeddable":true,"href":"https:\/\/grupoplasma.com\/netcom\/wp-json\/wp\/v2\/product_brand?post=10759"},{"taxonomy":"product_cat","embeddable":true,"href":"https:\/\/grupoplasma.com\/netcom\/wp-json\/wp\/v2\/product_cat?post=10759"},{"taxonomy":"product_tag","embeddable":true,"href":"https:\/\/grupoplasma.com\/netcom\/wp-json\/wp\/v2\/product_tag?post=10759"}],"curies":[{"name":"wp","href":"https:\/\/api.w.org\/{rel}","templated":true}]}}