{"id":10707,"date":"2024-03-18T21:25:59","date_gmt":"2024-03-18T21:25:59","guid":{"rendered":"https:\/\/grupoplasma.com\/netcom\/?post_type=product&#038;p=10707"},"modified":"2026-02-12T22:06:28","modified_gmt":"2026-02-12T22:06:28","slug":"cable-premium-usb-tipo-c-2-en-1-de-3-metros","status":"publish","type":"product","link":"https:\/\/grupoplasma.com\/netcom\/producto\/cable-premium-usb-tipo-c-2-en-1-de-3-metros\/","title":{"rendered":"Cable USB 2 en 1 de 3 Metros"},"content":{"rendered":"<p>Este cable USB-C a USB-C y USB-A a USB-C 2 en 1, le permite conectar sus dispositivos USB-A o USB-C como requiera en su espacio de trabajo. Con una longitud de conexi\u00f3n de hasta 3 metros, este le permite organizar su ordenador y concentrador USB-C, u otros dispositivos USB-A \/USB-C, a fin de ajustarse a sus requisitos de configuraci\u00f3n. Eso significa que puedes usarlo para conectar todos los dispositivos USB-C. El cable USB-C satisface casi todas las necesidades de carga r\u00e1pida. compatible con todos los adaptadores de cargador que no importa si tiene un puerto de carga r\u00e1pida USB-C o un puerto de carga r\u00e1pida USB-A. Sin adaptador extensor, f\u00e1cil de transportar y m\u00e1s c\u00f3modo de usar.<\/p>\n<p>Soporte para carga r\u00e1pida QC de 3 AMP en USB-A (5V3AMP, 9V2AMP, 12V1.5A), modo de carga PD de 60W en USB-C (20V3AMP) y transferencia de datos s\u00faper speed 5Gbps, el cable de carga r\u00e1pida NETCOM tipo C se conecta al adaptador de carga r\u00e1pida QC\/PD para cargar el dispositivo con una salida m\u00e1xima de 60W, y puede transferir archivos\/videos\/im\u00e1genes\/audio. Carga hasta un 80% en 30-40 minutos y transfiere datos de hasta 5Gbps. El cable cargador USB C puede transferir documentos de trabajo y estudio, viajes de negocios en carplay y audio de entretenimiento.<\/p>\n<p>Adem\u00e1s, este cable de alta calidad se ha dise\u00f1ado y fabricado conforme a la categor\u00eda STP (&#8220;Shielded Twisted Pair&#8221;, pares de cables trenzados con blindaje), conectores chapados en oro, cubierta trenzada de nailon, junta de moldeado SR reforzada y carcasa de aleaci\u00f3n de aluminio lo cual permite proteger contra cualquier interferencia electromagn\u00e9tica y garantizar una comunicaci\u00f3n fiable de los datos.<\/p>\n<p><strong>Nota<\/strong>:<\/p>\n<p>Este producto no soporta transmisi\u00f3n de video, no admite c\u00e1maras web.<\/p>\n","protected":false},"excerpt":{"rendered":"<p>Este cable USB-C a USB-C y USB-A a USB-C 2 en 1, le permite conectar sus dispositivos USB-A o USB-C como requiera en su espacio de trabajo. Con una longitud de conexi\u00f3n de hasta 3 metros, este le permite organizar su ordenador y concentrador USB-C, u otros dispositivos USB-A \/USB-C, a fin de ajustarse a sus requisitos de configuraci\u00f3n. Eso significa que puedes usarlo para conectar todos los dispositivos USB-C. El cable USB-C satisface casi todas las necesidades de carga r\u00e1pida. compatible con todos los adaptadores de cargador que no importa si tiene un puerto de carga r\u00e1pida USB-C o un puerto de carga r\u00e1pida USB-A. Sin adaptador extensor, f\u00e1cil de transportar y m\u00e1s c\u00f3modo de usar.<\/p>\n<ul>\n<li>Marca: NETCOM.<\/li>\n<li>Modelo: PE-CA0083.<\/li>\n<\/ul>\n<p>Marca 100% peruana, producto avalado por la garant\u00eda de NETCOM y con soporte t\u00e9cnico gratuito de por vida.<\/p>\n","protected":false},"featured_media":12217,"template":"","meta":[],"product_brand":[],"product_cat":[146,160,165],"product_tag":[],"class_list":{"0":"post-10707","1":"product","2":"type-product","3":"status-publish","4":"has-post-thumbnail","6":"product_cat-cables","7":"product_cat-cables-usb-3-0","8":"product_cat-cables-usb-c","11":"first","12":"instock","13":"shipping-taxable","14":"product-type-simple"},"_links":{"self":[{"href":"https:\/\/grupoplasma.com\/netcom\/wp-json\/wp\/v2\/product\/10707","targetHints":{"allow":["GET"]}}],"collection":[{"href":"https:\/\/grupoplasma.com\/netcom\/wp-json\/wp\/v2\/product"}],"about":[{"href":"https:\/\/grupoplasma.com\/netcom\/wp-json\/wp\/v2\/types\/product"}],"wp:featuredmedia":[{"embeddable":true,"href":"https:\/\/grupoplasma.com\/netcom\/wp-json\/wp\/v2\/media\/12217"}],"wp:attachment":[{"href":"https:\/\/grupoplasma.com\/netcom\/wp-json\/wp\/v2\/media?parent=10707"}],"wp:term":[{"taxonomy":"product_brand","embeddable":true,"href":"https:\/\/grupoplasma.com\/netcom\/wp-json\/wp\/v2\/product_brand?post=10707"},{"taxonomy":"product_cat","embeddable":true,"href":"https:\/\/grupoplasma.com\/netcom\/wp-json\/wp\/v2\/product_cat?post=10707"},{"taxonomy":"product_tag","embeddable":true,"href":"https:\/\/grupoplasma.com\/netcom\/wp-json\/wp\/v2\/product_tag?post=10707"}],"curies":[{"name":"wp","href":"https:\/\/api.w.org\/{rel}","templated":true}]}}