{"id":10685,"date":"2024-03-15T23:30:42","date_gmt":"2024-03-15T23:30:42","guid":{"rendered":"https:\/\/grupoplasma.com\/netcom\/?post_type=product&#038;p=10685"},"modified":"2026-01-22T23:39:12","modified_gmt":"2026-01-22T23:39:12","slug":"cable-extension-usb-c-activo-de-15-metros","status":"publish","type":"product","link":"https:\/\/grupoplasma.com\/netcom\/producto\/cable-extension-usb-c-activo-de-15-metros\/","title":{"rendered":"Cable Extensi\u00f3n Activo USB-C de 15 Metros"},"content":{"rendered":"<div dir=\"auto\">\n<p>Este cable extensi\u00f3n USB-C utiliza electr\u00f3nica activa integrada para extender la longitud del cable de un dispositivo USB. Con un conector de entrada tipo C macho reversible en un extremo y puerto tipo C hembra en el otro extremo permite colocar c\u00f3modamente perif\u00e9ricos como, impresoras, esc\u00e1neres, unidades de almacenamiento externas, unidades \u00f3pticas Blu-ray, vidrios VR, c\u00e1mara web, c\u00e1mara de videoconferencia, c\u00e1mara de vigilancia interior \/ exterior, pantalla interactiva y otros dispositivos con interfaz USB-C a cierta distancia de su ordenador o port\u00e1til. Compatible con todas las computadoras equipadas con USB Tipo C 3.1\/3.2 y Thunderbolt 3 \/ 4, esta es una herramienta de extensi\u00f3n perfecta para las \u00faltimas computadoras port\u00e1tiles, Macbooks y computadoras tipo C. Con funcionalidad plug and play, admite intercambio en caliente, este cable de extensi\u00f3n se puede instalar r\u00e1pidamente y con el m\u00ednimo esfuerzo. El cable de extensi\u00f3n activa USB tambi\u00e9n cuenta con un enchufe de CC para conectar una fuente de alimentaci\u00f3n externa (no incluida) cuando se utilizan perif\u00e9ricos USB que tienen requisitos de alimentaci\u00f3n m\u00e1s altos. Tenga en cuenta que la entrega de alimentaci\u00f3n USB y el modo alternativo DisplayPort no son compatibles. La informaci\u00f3n sobre USB 3.0, 3.1 y 3.2 USB 3.0, USB 3.1 y USB 3.2 PC, cables y dispositivos son compatibles entre s\u00ed, cuando se utiliza una interfaz de host USB tipo A o USB tipo C. USB 3.0, USB 3.1 Gen 1 y USB 3.2 Gen 1 soportan velocidades de transferencia de datos de hasta 5 Gbps.<\/p>\n<p>Fabricado con materiales duraderos y con un elegante dise\u00f1o en negro, este cable alargador se integra a la perfecci\u00f3n en cualquier configuraci\u00f3n. Ya sea que necesite conectar dispositivos entre s\u00ed o simplemente desee un espacio de trabajo m\u00e1s organizado, este cable ofrece una soluci\u00f3n fiable y eficiente.<\/p>\n<p>Ofrece un ancho de banda USB 3.0\/3.1 total de 5 Gbps, proporciona una excelente conductividad el\u00e9ctrica, haciendo que la transmisi\u00f3n de datos de alta velocidad sea r\u00e1pida, con un dise\u00f1o de cubierta completa del cabezal femenino, que es propicio para la protecci\u00f3n de la interfaz USB. El cable de extensi\u00f3n est\u00e1 fabricado con dise\u00f1o STP (\u201cShielded Twisted Pair\u201d, pares de cables trenzados con blindaje), lo cual evita interferencias electromagn\u00e9ticas y garantiza una transmisi\u00f3n fiable de los datos.<\/p>\n<p>La combinaci\u00f3n de conectores chapados en oro, conductores de cobre desnudo, blindaje de l\u00e1mina y trenzado proporciona un rendimiento superior del cable y una transmisi\u00f3n de datos sin errores. Disfruta de una tasa de transferencia de datos SuperSpeed USB 3.0\/3.1 a prueba de futuro de hasta 5Gbps, 10 veces m\u00e1s r\u00e1pida que USB 2.0.<\/p>\n<p>Disfrute de la flexibilidad de una conectividad extendida sin sacrificar el rendimiento ni la est\u00e9tica.<\/p>\n<p><strong>Caracter\u00edsticas:<\/strong><\/p>\n<p>* Longitud: 15 metros.<\/p>\n<p>* Conector chapado en oro y triple escudo.<\/p>\n<p>* N\u00facleo de cobre grueso esta\u00f1ado 28\/20AWG reduce la impedancia de transferencia y garantiza la transferencia de se\u00f1al\u00a0\u00a0 sin tartamudeo.<\/p>\n<p>* Triple blindado (l\u00e1mina\/trenza\/tierra) que proporciona la m\u00e1xima resistencia de EMI\/RFI y calidad de se\u00f1al superior. La estructura de cuatro n\u00facleos asegura que la se\u00f1al diferente no interfiera entre s\u00ed.<\/p>\n<p>* Carcasa de PVC ign\u00edfugo y aluminio de alta calidad lo que garantiza una alta durabilidad y flexibilidad.<\/p>\n<p>* Circuito amplificador integrado que potencia activamente la se\u00f1al USB.<\/p>\n<p>* Transferencia r\u00e1pida de datos: Transmisi\u00f3n m\u00e1xima de alta velocidad de 5Gbps.<\/p>\n<p>* Plug and Play, no se requieren controladores en ning\u00fan sistema operativo, incluyendo Windows, Mac OS, Linux, Chrome OS, etc.<\/p>\n<p>* Ampliamente compatible con la mayor\u00eda de dispositivos perif\u00e9ricos USB-C como impresoras, esc\u00e1neres, unidades de almacenamiento externas, unidades \u00f3pticas Blu-ray, vidrios VR, c\u00e1mara web, c\u00e1mara de videoconferencia, c\u00e1mara de vigilancia interior \/ exterior, pantalla interactiva y otros dispositivos con interfaz USB.<\/p>\n<p>* Soporte de c\u00e1maras web y videoconferencia equipados con USB-C 3.0\/3.1\/3.2.<\/p>\n<p>* Es f\u00e1cil para este cable ser movido y extendido a un lugar deseado.<\/p>\n<p><strong>\u00bfC\u00f3mo usar este cable de extensi\u00f3n USB tipo C?<\/strong><\/p>\n<p><strong>Primero.<\/strong>\u00a0Conecte el cable de extensi\u00f3n USB Tipo C (Macho) a su ordenador port\u00e1til o PC de escritorio.<\/p>\n<p><strong>Segundo<\/strong>. Conecte el cable de extensi\u00f3n USB Tipo C (hembra) al dispositivo deseado.<\/p>\n<p><strong>Tercero.<\/strong>\u00a0Cuando conecte dispositivos de alta potencia, simplemente conecte el adaptador de corriente en el puerto de CC para proporcionar energ\u00eda adicional.<\/p>\n<p><strong>Notas:<\/strong><\/p>\n<ol>\n<li>Tanto los dispositivos de origen como los dispositivos de destino deben admitir el protocolo USB 3.0\/3.1.<\/li>\n<li>Antes de su uso, utilice la fuente de alimentaci\u00f3n de CC de 5 V\/2 A como fuente de alimentaci\u00f3n externa, para reducir la p\u00e9rdida de se\u00f1al durante la transmisi\u00f3n de larga distancia (cargador de CC no incluido).<\/li>\n<\/ol>\n<\/div>\n","protected":false},"excerpt":{"rendered":"<div dir=\"auto\">\n<p>Este cable extensi\u00f3n USB-C utiliza electr\u00f3nica activa integrada para extender la longitud del cable de un dispositivo USB. Con un conector de entrada tipo C macho reversible en un extremo y puerto tipo C hembra en el otro extremo permite colocar c\u00f3modamente perif\u00e9ricos como, impresoras, esc\u00e1neres, unidades de almacenamiento externas, unidades \u00f3pticas Blu-ray, vidrios VR, c\u00e1mara web, c\u00e1mara de videoconferencia, c\u00e1mara de vigilancia interior \/ exterior, pantalla interactiva y otros dispositivos con interfaz USB-C a cierta distancia de su ordenador o port\u00e1til.<\/p>\n<ul>\n<li>Marca: NETCOM.<\/li>\n<li>Modelo: PE-EX0215.<\/li>\n<\/ul>\n<p>Marca 100% peruana, producto avalado por la garant\u00eda de NETCOM y con soporte t\u00e9cnico gratuito de por vida.<\/p>\n<h1 class=\"product_title entry-title\"><\/h1>\n<\/div>\n","protected":false},"featured_media":12084,"template":"","meta":[],"product_brand":[],"product_cat":[146,165],"product_tag":[],"class_list":{"0":"post-10685","1":"product","2":"type-product","3":"status-publish","4":"has-post-thumbnail","6":"product_cat-cables","7":"product_cat-cables-usb-c","10":"first","11":"instock","12":"shipping-taxable","13":"product-type-simple"},"_links":{"self":[{"href":"https:\/\/grupoplasma.com\/netcom\/wp-json\/wp\/v2\/product\/10685","targetHints":{"allow":["GET"]}}],"collection":[{"href":"https:\/\/grupoplasma.com\/netcom\/wp-json\/wp\/v2\/product"}],"about":[{"href":"https:\/\/grupoplasma.com\/netcom\/wp-json\/wp\/v2\/types\/product"}],"wp:featuredmedia":[{"embeddable":true,"href":"https:\/\/grupoplasma.com\/netcom\/wp-json\/wp\/v2\/media\/12084"}],"wp:attachment":[{"href":"https:\/\/grupoplasma.com\/netcom\/wp-json\/wp\/v2\/media?parent=10685"}],"wp:term":[{"taxonomy":"product_brand","embeddable":true,"href":"https:\/\/grupoplasma.com\/netcom\/wp-json\/wp\/v2\/product_brand?post=10685"},{"taxonomy":"product_cat","embeddable":true,"href":"https:\/\/grupoplasma.com\/netcom\/wp-json\/wp\/v2\/product_cat?post=10685"},{"taxonomy":"product_tag","embeddable":true,"href":"https:\/\/grupoplasma.com\/netcom\/wp-json\/wp\/v2\/product_tag?post=10685"}],"curies":[{"name":"wp","href":"https:\/\/api.w.org\/{rel}","templated":true}]}}