{"id":10649,"date":"2024-03-15T22:47:27","date_gmt":"2024-03-15T22:47:27","guid":{"rendered":"https:\/\/grupoplasma.com\/netcom\/?post_type=product&#038;p=10649"},"modified":"2024-03-15T23:27:01","modified_gmt":"2024-03-15T23:27:01","slug":"cable-premium-displayport-v2-0-de-1-80-metros","status":"publish","type":"product","link":"https:\/\/grupoplasma.com\/netcom\/producto\/cable-premium-displayport-v2-0-de-1-80-metros\/","title":{"rendered":"Cable Premium DisplayPort V2.0 de 1.80 Metros"},"content":{"rendered":"<p>Este cable premium DisplayPort 2.0 conecta su laptop o computadora de escritorio DisplayPort a un monitor, televisor o proyector de ultra alta definici\u00f3n 16K. Es compatible con resoluciones de hasta 16K\u00a0 a 60 Hz. El cable de monitor DisplayPort proporciona la conexi\u00f3n esencial para soportar la pr\u00f3xima generaci\u00f3n de video de ultra alta definici\u00f3n. El cable de puerto de pantalla 2.0 cuenta con un ancho de banda sin precedentes de 80 Gbps, casi 3 veces lo que estaba disponible en la especificaci\u00f3n anterior de DP 1.4. Transmisi\u00f3n estable y de alta velocidad sin p\u00e9rdida de se\u00f1al. El cable DisplayPort tambi\u00e9n es compatible con los est\u00e1ndares anteriores DP 1.4 y DP 1.2. Cumple con el est\u00e1ndar VESA y es compatible con 3D&amp;HDR y Dolby&amp;eARC para proporcionarte una calidad de sonido e imagen incre\u00edble.<\/p>\n<p>Ultra durabilidad, los cables est\u00e1n fabricados con conector DisplayPort chapado en oro de 24 quilates sin dise\u00f1o de hebilla puede evitar da\u00f1os accidentales; hilos de cobre esta\u00f1ado 28AWG y hojalata que cuenta con triple blindaje y resistencia contra las interferencias EMI. La carcasa de aleaci\u00f3n de aluminio es resistente al \u00f3xido y puede acelerar la disipaci\u00f3n de calor, tiene una fuerte chaqueta trenzada de nailon, que es 10 veces m\u00e1s duradera que el PVC. Puede proporcionar una mayor conectividad y una vida \u00fatil m\u00e1s larga para una mejor transmisi\u00f3n de la se\u00f1al.<\/p>\n<p>M\u00e1s especificaciones<\/p>\n<p>* Longitud: 1.80 Metros.<\/p>\n<p>*Soporta 16K@60Hz, 16K@30Hz, 10K@60Hz, 8K@120Hz\/60Hz, 5K@120Hz, 4K@240Hz\/165Hz\/144Hz, 2K@360Hz\/240Hz\/165Hz.<\/p>\n<p>* Admite HDR, HDCP 2.2, MST (Multi-Stream Transport), video 3D estereosc\u00f3pico.<\/p>\n<p>* Admite FreeSync, G-Sync, DSC1.2a (Display Stream Compression 1.2) y correcci\u00f3n de errores de reenv\u00edo FEC.<\/p>\n<p>* Clasificaci\u00f3n UHBR20: aumenta significativamente el ancho de banda hasta 80 Gbps y es retrocompatible con DisplayPort 1.4\/1.3\/1.2\/1.1.<\/p>\n<p>* Soporta DP, DP++ y DisplayPort++.<\/p>\n<p>&nbsp;<\/p>\n<p>Marca 100% peruana, producto avalado por la garant\u00eda de NETCOM y con soporte t\u00e9cnico gratuito de por vida.<\/p>\n","protected":false},"excerpt":{"rendered":"<p>Este cable premium DisplayPort 2.0 conecta su laptop o computadora de escritorio DisplayPort a un monitor, televisor o proyector de ultra alta definici\u00f3n 16K. Es compatible con resoluciones de hasta 16K\u00a0 a 60 Hz. El cable de monitor DisplayPort proporciona la conexi\u00f3n esencial para soportar la pr\u00f3xima generaci\u00f3n de video de ultra alta definici\u00f3n. El cable de puerto de pantalla 2.0 cuenta con un ancho de banda sin precedentes de 80 Gbps, casi 3 veces lo que estaba disponible en la especificaci\u00f3n anterior de DP 1.4.<\/p>\n<p>\u2022 Marca: NETCOM.<br \/>\n\u2022 Modelo: PE-DP0202.<br \/>\n\u2022 Versi\u00f3n: 2024.<\/p>\n","protected":false},"featured_media":10660,"template":"","meta":[],"product_brand":[],"product_cat":[161],"product_tag":[],"class_list":{"0":"post-10649","1":"product","2":"type-product","3":"status-publish","4":"has-post-thumbnail","6":"product_cat-cables-displayport","9":"first","10":"instock","11":"shipping-taxable","12":"product-type-simple"},"_links":{"self":[{"href":"https:\/\/grupoplasma.com\/netcom\/wp-json\/wp\/v2\/product\/10649","targetHints":{"allow":["GET"]}}],"collection":[{"href":"https:\/\/grupoplasma.com\/netcom\/wp-json\/wp\/v2\/product"}],"about":[{"href":"https:\/\/grupoplasma.com\/netcom\/wp-json\/wp\/v2\/types\/product"}],"wp:featuredmedia":[{"embeddable":true,"href":"https:\/\/grupoplasma.com\/netcom\/wp-json\/wp\/v2\/media\/10660"}],"wp:attachment":[{"href":"https:\/\/grupoplasma.com\/netcom\/wp-json\/wp\/v2\/media?parent=10649"}],"wp:term":[{"taxonomy":"product_brand","embeddable":true,"href":"https:\/\/grupoplasma.com\/netcom\/wp-json\/wp\/v2\/product_brand?post=10649"},{"taxonomy":"product_cat","embeddable":true,"href":"https:\/\/grupoplasma.com\/netcom\/wp-json\/wp\/v2\/product_cat?post=10649"},{"taxonomy":"product_tag","embeddable":true,"href":"https:\/\/grupoplasma.com\/netcom\/wp-json\/wp\/v2\/product_tag?post=10649"}],"curies":[{"name":"wp","href":"https:\/\/api.w.org\/{rel}","templated":true}]}}