{"id":10639,"date":"2023-05-02T22:22:52","date_gmt":"2023-05-02T22:22:52","guid":{"rendered":"https:\/\/grupoplasma.com\/netcom\/?post_type=product&#038;p=10639"},"modified":"2023-05-02T22:22:52","modified_gmt":"2023-05-02T22:22:52","slug":"cable-mini-displayport-a-mini-displayport-4k60hz-de-1-80-metros-2","status":"publish","type":"product","link":"https:\/\/grupoplasma.com\/netcom\/producto\/cable-mini-displayport-a-mini-displayport-4k60hz-de-1-80-metros-2\/","title":{"rendered":"Cable Mini DisplayPort A Mini DisplayPort 4K@60Hz De 1.80 Metros"},"content":{"rendered":"<div class=\"xdj266r x11i5rnm xat24cr x1mh8g0r x1vvkbs x126k92a\">\n<div dir=\"auto\">Este Cable Mini DisplayPort versi\u00f3n 1.3 cuenta con 2 conectores Mini DP macho, y ofrece una soluci\u00f3n fiable para conectar cualquier port\u00e1til habilitado para Mini DisplayPort, thunderbolt 1 o thunderbolt 2 (incluida la familia de productos Mac) a un monitor equipado con Mini DisplayPort.<\/div>\n<div dir=\"auto\">El cable mDP soporta altas resoluciones de hasta 4k x 2k (3840 x 2160) a 60Hz con un ancho de banda HBR2 m\u00e1ximo de 21,6 Gbps. El cable tambi\u00e9n es compatible con Multi-Stream (MST) para la conexi\u00f3n en cadena de varios monitores y proporciona soporte de audio opcional.<\/div>\n<div dir=\"auto\">Los conectores de ABS durables con alivio de tensi\u00f3n de PVC flexible y de su recubrimiento evitan los da\u00f1os debido al uso intensivo. La subestructura del conector de metal proporciona blindaje EMI. Cable de 30AWG con conectores chapados en oro para mejorar la integridad de la se\u00f1al y la fiabilidad. El blindaje EMI superior con l\u00e1mina de cobre proporciona una mayor calidad de v\u00eddeo y audio. Retrocompatible con DP1.2 y DP1.1.<\/div>\n<\/div>\n<div class=\"x11i5rnm xat24cr x1mh8g0r x1vvkbs xtlvy1s x126k92a\">\n<div dir=\"auto\">Nota:<\/div>\n<div dir=\"auto\">Los ordenadores port\u00e1tiles y de sobremesa m\u00e1s recientes (por ejemplo, los de Apple\u00ae) vienen equipados \u00fanicamente con puertos Thunderbolt&amp;trade. Nuestros cables Mini DisplayPort pueden no ser compatibles al conectarse a los puertos Thunderbolt.<\/div>\n<\/div>\n<div dir=\"auto\">Producto avalado por la garant\u00eda de NETCOM y con soporte t\u00e9cnico gratuito de por vida.<\/div>\n","protected":false},"excerpt":{"rendered":"<p>Este Cable Mini DisplayPort versi\u00f3n 1.3 cuenta con 2 conectores Mini DP macho, y ofrece una soluci\u00f3n fiable para conectar cualquier port\u00e1til habilitado para Mini DisplayPort, thunderbolt 1 o thunderbolt 2 (incluida la familia de productos Mac) a un monitor equipado con Mini DisplayPort.<\/p>\n<div dir=\"auto\">\u2022 Marca: NETCOM.<\/div>\n<div dir=\"auto\">\u2022 Modelo: PE-DP0372.<\/div>\n<div dir=\"auto\">\u2022 Versi\u00f3n: 2023.<\/div>\n<div dir=\"auto\">NETCOM es una marca 100% peruana<\/div>\n","protected":false},"featured_media":10630,"template":"","meta":[],"product_brand":[],"product_cat":[161],"product_tag":[],"class_list":{"0":"post-10639","1":"product","2":"type-product","3":"status-publish","4":"has-post-thumbnail","6":"product_cat-cables-displayport","9":"first","10":"instock","11":"shipping-taxable","12":"product-type-simple"},"_links":{"self":[{"href":"https:\/\/grupoplasma.com\/netcom\/wp-json\/wp\/v2\/product\/10639","targetHints":{"allow":["GET"]}}],"collection":[{"href":"https:\/\/grupoplasma.com\/netcom\/wp-json\/wp\/v2\/product"}],"about":[{"href":"https:\/\/grupoplasma.com\/netcom\/wp-json\/wp\/v2\/types\/product"}],"wp:featuredmedia":[{"embeddable":true,"href":"https:\/\/grupoplasma.com\/netcom\/wp-json\/wp\/v2\/media\/10630"}],"wp:attachment":[{"href":"https:\/\/grupoplasma.com\/netcom\/wp-json\/wp\/v2\/media?parent=10639"}],"wp:term":[{"taxonomy":"product_brand","embeddable":true,"href":"https:\/\/grupoplasma.com\/netcom\/wp-json\/wp\/v2\/product_brand?post=10639"},{"taxonomy":"product_cat","embeddable":true,"href":"https:\/\/grupoplasma.com\/netcom\/wp-json\/wp\/v2\/product_cat?post=10639"},{"taxonomy":"product_tag","embeddable":true,"href":"https:\/\/grupoplasma.com\/netcom\/wp-json\/wp\/v2\/product_tag?post=10639"}],"curies":[{"name":"wp","href":"https:\/\/api.w.org\/{rel}","templated":true}]}}